{"id":2944,"date":"2024-09-25T09:46:03","date_gmt":"2024-09-25T07:46:03","guid":{"rendered":"https:\/\/vivreaveclesecrans.actioninnocence.org\/?page_id=2944"},"modified":"2024-10-15T11:12:00","modified_gmt":"2024-10-15T09:12:00","slug":"cevrimici-kotu-tanismalar-grooming","status":"publish","type":"page","link":"https:\/\/vivreaveclesecrans.actioninnocence.org\/tr\/ekranlarla-yasamak\/cevrimici-kotu-tanismalar-grooming\/","title":{"rendered":"\u00c7evrimi\u00e7i k\u00f6t\u00fc tan\u0131\u015fmalar (grooming)"},"content":{"rendered":"<h3><em>Grooming <\/em>nedir?<\/h3>\n<p><em>Grooming,<\/em> internet \u00fczerinden, cinsel haz elde etmek veya cinsel nitelikte bir ili\u015fki ya\u015famak amac\u0131yla hen\u00fcz \u00e7ocuk ve ergen, 16 ya\u015f alt\u0131, yani cinsel re\u015fitli\u011fe ula\u015fmam\u0131\u015f \u00e7ocuk ve gen\u00e7lerle temasa ge\u00e7mek ve ili\u015fki kurmaya \u00e7al\u0131\u015fmakt\u0131r.<\/p>\n<h3>Bulu\u015fmalar\u0131 nas\u0131l ayarl\u0131yorlar?<\/h3>\n<p>\u00c7o\u011fu durumda, bu t\u00fcr ki\u015filer \u00f6nce internet hizmetleri kullanan \u00e7ocukla \u00f6rne\u011fin sosyal medya \u00fczerinden yada video oyunu platformlar\u0131ndan kimli\u011fini gizleyerek veya \u00e7ocukla ayn\u0131 ya\u015fta biriymi\u015f gibi davranarak temas kurmaya \u00e7al\u0131\u015fabilir, bir konu\u015fma ba\u015flatabilirler.<\/p>\n<h3>G\u00fcven olu\u015fturma:<\/h3>\n<p>Ki\u015fi \u00e7ocukla bir g\u00fcven ili\u015fkisi kurmaya \u00e7al\u0131\u015f\u0131r.<br \/>\n\u00d6rne\u011fin, \u015funlar\u0131 yapabilir:<\/p>\n<ul>\n<li>\u00c7ocu\u011fun ilgisini \u00e7eken konularda sorular sorabilir<\/li>\n<li>Ortak ilgi alanlar\u0131 etraf\u0131nda ili\u015fki geli\u015ftirmeye \u00e7al\u0131\u015fabilir<\/li>\n<li>Yava\u015f yava\u015f \u00e7ocu\u011fa nas\u0131l hissetti\u011fini sorup, arkada\u015f ili\u015fkilerinde veya ebeveynleriyle olan ili\u015fkilerinde zorluklar ya\u015f\u0131yormu anlamaya \u00e7al\u0131\u015f\u0131r<\/li>\n<li>\u00c7ocuk zor durumdaysa, rahats\u0131zl\u0131\u011f\u0131n\u0131 tan\u0131r<\/li>\n<li>Kendini bir s\u0131rda\u015f olarak konumland\u0131r\u0131r<\/li>\n<\/ul>\n<p>G\u00fcven tesis edildikten ve dostane hatta a\u015fk ili\u015fkisi kurulduktan sonra, ki\u015fi daha mahrem konular\u0131 konu\u015fmaya \u00e7al\u0131\u015f\u0131r.<\/p>\n<h3>\u00d6rne\u011fin \u015fu sorular\u0131 sorabilir:<\/h3>\n<ul>\n<li>\u00c7\u0131plak uyumay\u0131 sever misin?<\/li>\n<li>Hi\u00e7 birini \u00f6pt\u00fcn m\u00fc?<\/li>\n<li>S\u00fctyen veya tanga giyer misin?<\/li>\n<li>V\u00fccudunda k\u0131l var m\u0131?<\/li>\n<li>G\u00f6\u011f\u00fcslerin b\u00fcy\u00fcyor mu?<\/li>\n<li>Hi\u00e7 penisini \u00f6l\u00e7t\u00fcn m\u00fc?<\/li>\n<\/ul>\n<h3>\u00c7ocuk ki\u015fiye g\u00fcvendi\u011finde ve gard\u0131n\u0131 indirdi\u011finde, ki\u015fi daha da ileri giden taleplerde bulunup a\u015fa\u011f\u0131daki istekleri form\u00fcle etmeye \u00e7al\u0131\u015fabilir:<\/h3>\n<ul>\n<li>\u00c7ocuktan mahrem foto\u011fraflar g\u00f6ndermesini istemek<\/li>\n<li>\u00c7ocu\u011fa kendi cinsel organlar\u0131n\u0131n foto\u011fraflar\u0131n\u0131 g\u00f6ndermek<\/li>\n<li>\u00c7evrimi\u00e7i bir toplant\u0131 \u00f6nermek (\u00f6rne\u011fin bir video oturumu)<\/li>\n<li>Y\u00fcz y\u00fcze g\u00f6r\u00fc\u015fme \u00f6nermek<\/li>\n<\/ul>\n<h3>\u015eu durumlarda endi\u015felenmekte hakl\u0131y\u0131m:<\/h3>\n<ul>\n<li>\u00c7ocu\u011fum internette giderek daha fazla zaman ge\u00e7iriyor ve di\u011fer aktiviteleri ihmal ediyorsa.<\/li>\n<li>\u00c7evrimi\u00e7i ili\u015fkileri y\u00fcz y\u00fcze ili\u015fkilerinden daha fazla yer kapl\u0131yorsa.<\/li>\n<li>S\u0131k s\u0131k tan\u0131mad\u0131\u011f\u0131m biriyle konu\u015fuyorsa.<\/li>\n<li>Ben onun yan\u0131ndayken ekran\u0131ndaki g\u00f6r\u00fcnt\u00fcy\u00fc h\u0131zla de\u011fi\u015ftiriyorsa.<\/li>\n<li>Tan\u0131mad\u0131\u011f\u0131m ki\u015filerden posta, paket al\u0131yorsa veya telefon aramalar\u0131 geliyorsa.<\/li>\n<li>Benim vermedi\u011fim paras\u0131 ya da benim sat\u0131n almad\u0131\u011f\u0131m giysi ve aksesuarlar\u0131 varsa.<\/li>\n<li>Okula \u00e7ok fazla devams\u0131zl\u0131k yap\u0131yorsa.<\/li>\n<li>Okuldaki ba\u015far\u0131s\u0131 d\u00fc\u015f\u00fcyorsa.<\/li>\n<li>Sald\u0131rganla\u015f\u0131yorsa.<\/li>\n<li>\u0130zole oluyor ve i\u00e7ine kapan\u0131yorsa.<\/li>\n<li>\u00d6z sayg\u0131s\u0131 d\u00fc\u015f\u00fcyorsa.<\/li>\n<\/ul>\n<h3>\u00c7ocu\u011fumun bir <em>grooming<\/em> kurban\u0131 oldu\u011funu d\u00fc\u015f\u00fcn\u00fcyorum. Bu konuda ne yapabilirim?<\/h3>\n<ul>\n<li>\u00c7ocu\u011fumla bu konuyla ilgili korkular\u0131m ve endi\u015felerim hakk\u0131nda konu\u015furum.<\/li>\n<li>Ondan bu ili\u015fki hakk\u0131nda daha fazla bilgi isterim.<\/li>\n<li>Yarg\u0131lamadan dinlerim.<\/li>\n<li>Ondan bu ki\u015fiyle olan g\u00f6r\u00fc\u015fmelerini g\u00f6stermesini isterim.<\/li>\n<li>Ger\u00e7eklere ba\u011fl\u0131 olarak yasalar\u0131n \u00e7ocu\u011fumu koruyabilece\u011fini biliyorum.<\/li>\n<li>Onun da onay\u0131yla, kan\u0131tlar\u0131 (ki\u015finin ve \u00e7ocu\u011fumun foto\u011fraflar\u0131, profil foto\u011fraflar\u0131, at\u0131lan mesajlar\u0131 veya ekran g\u00f6r\u00fcnt\u00fcleri) toplar ve saklar\u0131m.<\/li>\n<li>Olay\u0131 bildirmek i\u00e7in en yak\u0131n polis karakolunu arar\u0131m.<\/li>\n<li>Polisin tavsiyeleri do\u011frultusunda:\n<ul>\n<li>Kan\u0131tlar\u0131 da yan\u0131ma alarak \u00e7ocu\u011fumla ya da \u00e7ocu\u011fum olmadan karakola giderim.<\/li>\n<li>\u015eik\u00e2yette bulunurum.<\/li>\n<li>\u0130hbarda bulunur ve ki\u015finin hesab\u0131n\u0131 engellerim.<\/li>\n<\/ul>\n<\/li>\n<\/ul>\n<h3>\u00c7ocu\u011fuma e\u015flik etmek i\u00e7in bana yard\u0131mc\u0131 olacak \u015feyler<\/h3>\n<ul>\n<li>Unutmamal\u0131y\u0131mki \u00e7ocu\u011fum bu durumda bir ma\u011fdur. Onu su\u00e7lu hissettirmek durumu \u00e7\u00f6zmeyecek ve bana anlatmas\u0131 ve m\u00fcmk\u00fcn oldu\u011funca \u00e7ok bilgi vermesi i\u00e7in ona g\u00fcven vermeyecektir.<\/li>\n<li>\u00c7ocu\u011fumun ger\u00e7ek ve samimi oldu\u011funu sand\u0131\u011f\u0131 arkada\u015f\u00e7a ve hatta romantik bir ili\u015fkiyi bitirmeyi kabul etmesinin zor olabilece\u011finin fark\u0131nday\u0131m.<\/li>\n<li>\u00c7ocu\u011fuma \u015funlar\u0131 a\u00e7\u0131klamak i\u00e7in zaman ay\u0131r\u0131r\u0131m:\n<ul>\n<li>Ki\u015finin yapt\u0131\u011f\u0131 \u015feyin yasad\u0131\u015f\u0131 oldu\u011funu ve bu y\u00fczden polisi arad\u0131\u011f\u0131m\u0131z\u0131;<\/li>\n<li>Kanunlar\u0131n \u00e7ocu\u011fumu korudu\u011funu.<\/li>\n<\/ul>\n<\/li>\n<li>\u00c7ocu\u011fuma profesyonel psikolojik destek \u00f6neririm.<\/li>\n<\/ul>","protected":false},"excerpt":{"rendered":"<p>Grooming nedir? Grooming, internet \u00fczerinden, cinsel haz elde etmek veya cinsel nitelikte bir ili\u015fki ya\u015famak amac\u0131yla hen\u00fcz \u00e7ocuk ve ergen, [&hellip;]<\/p>","protected":false},"author":9,"featured_media":0,"parent":1981,"menu_order":6,"comment_status":"closed","ping_status":"closed","template":"","meta":{"_acf_changed":false,"footnotes":""},"class_list":["post-2944","page","type-page","status-publish","hentry"],"acf":[],"_links":{"self":[{"href":"https:\/\/vivreaveclesecrans.actioninnocence.org\/tr\/wp-json\/wp\/v2\/pages\/2944","targetHints":{"allow":["GET"]}}],"collection":[{"href":"https:\/\/vivreaveclesecrans.actioninnocence.org\/tr\/wp-json\/wp\/v2\/pages"}],"about":[{"href":"https:\/\/vivreaveclesecrans.actioninnocence.org\/tr\/wp-json\/wp\/v2\/types\/page"}],"author":[{"embeddable":true,"href":"https:\/\/vivreaveclesecrans.actioninnocence.org\/tr\/wp-json\/wp\/v2\/users\/9"}],"replies":[{"embeddable":true,"href":"https:\/\/vivreaveclesecrans.actioninnocence.org\/tr\/wp-json\/wp\/v2\/comments?post=2944"}],"version-history":[{"count":7,"href":"https:\/\/vivreaveclesecrans.actioninnocence.org\/tr\/wp-json\/wp\/v2\/pages\/2944\/revisions"}],"predecessor-version":[{"id":4871,"href":"https:\/\/vivreaveclesecrans.actioninnocence.org\/tr\/wp-json\/wp\/v2\/pages\/2944\/revisions\/4871"}],"up":[{"embeddable":true,"href":"https:\/\/vivreaveclesecrans.actioninnocence.org\/tr\/wp-json\/wp\/v2\/pages\/1981"}],"wp:attachment":[{"href":"https:\/\/vivreaveclesecrans.actioninnocence.org\/tr\/wp-json\/wp\/v2\/media?parent=2944"}],"curies":[{"name":"wp","href":"https:\/\/api.w.org\/{rel}","templated":true}]}}