{"id":2942,"date":"2024-09-25T09:43:28","date_gmt":"2024-09-25T07:43:28","guid":{"rendered":"https:\/\/vivreaveclesecrans.actioninnocence.org\/?page_id=2942"},"modified":"2024-10-10T16:50:57","modified_gmt":"2024-10-10T14:50:57","slug":"ogrenciler-arasinda-taciz-ve-siber-zorbalik","status":"publish","type":"page","link":"https:\/\/vivreaveclesecrans.actioninnocence.org\/tr\/ekranlarla-yasamak\/ogrenciler-arasinda-taciz-ve-siber-zorbalik\/","title":{"rendered":"\u00d6\u011frenciler aras\u0131nda taciz ve siber zorbal\u0131k"},"content":{"rendered":"<h3>Siber Zorbal\u0131k<\/h3>\n<p>Dijital ara\u00e7lar\u0131n kullan\u0131m\u0131, tacizin zaman ve mekan s\u0131n\u0131r\u0131 olmaks\u0131z\u0131n (7\/24) daha yayg\u0131n ve daha h\u0131zl\u0131 bir \u015fekilde yay\u0131labilece\u011fi anlam\u0131na gelmektedir ki bu da taciz olgusunu g\u00fc\u00e7lendirmektedir.<\/p>\n<p>Taciz ve siber zorbal\u0131\u011f\u0131n \u00e7ocuklar\u0131n fiziksel ve ruhsal sa\u011fl\u0131\u011f\u0131 \u00fczerinde ciddi sonu\u00e7lar\u0131 olabilir.<\/p>\n<h3>\u00c7ocu\u011fumu destekliyorum:<\/h3>\n<ul>\n<li>\u00c7ocu\u011fuma benimle istedi\u011fi zaman ileti\u015fime ge\u00e7ebilece\u011fini a\u00e7\u0131k\u00e7a belirtirim.<\/li>\n<li>Bir sorunu oldu\u011funda konu\u015fabilece\u011fi, okulda (\u00f6\u011fretmenler, okul hem\u015fireleri, vb.) ve aile \u00e7evresinde g\u00fcvendi\u011fi yeti\u015fkinleri belirlemesine yard\u0131m edirim.<\/li>\n<li>Kendisiyle alay edilmesinden sorumlu olmad\u0131\u011f\u0131n\u0131 anlat\u0131r\u0131m.<\/li>\n<li>Tehdit veya misilleme al\u0131rsa onu korumak i\u00e7in yan\u0131nda oldu\u011fumu bildiririm. Deste\u011fimi ifade ederim.<\/li>\n<\/ul>\n<h3>\u015eu durumlarda endi\u015felenmekte hakl\u0131y\u0131m:<\/h3>\n<ul>\n<li>\u00c7ocu\u011fum derslere her zaman ge\u00e7 kal\u0131yorsa oyun alan\u0131nda veya koridorlarda okul arkada\u015flar\u0131ndan ka\u00e7\u0131nmaya \u00e7al\u0131\u015f\u0131yorsa.<\/li>\n<li>Art\u0131k okul ve okul d\u0131\u015f\u0131 etkinliklere kat\u0131lmak istemiyorsa.<\/li>\n<li>S\u0131k s\u0131k okula devams\u0131zl\u0131k yap\u0131yorsa.<\/li>\n<li>Okul notlar\u0131\/s\u0131nav sonu\u00e7lar\u0131 d\u00fc\u015ferse.<\/li>\n<li>S\u0131k s\u0131k ba\u015f a\u011fr\u0131s\u0131 veya mide a\u011fr\u0131s\u0131 \u00e7ekiyorsa.<\/li>\n<li>Uykuya dalmakta zorluk \u00e7ekiyorsa.<\/li>\n<li>Yeme bozukluklar\u0131 ya\u015f\u0131yorsa.<\/li>\n<li>Sald\u0131rganla\u015f\u0131yorsa.<\/li>\n<li>\u0130zole oluyor ve i\u00e7ine kapan\u0131yorsa.<\/li>\n<li>\u00d6z sayg\u0131s\u0131 d\u00fc\u015f\u00fcyorsa.<\/li>\n<\/ul>\n<h3>\u00c7ocu\u011fum tacize veya zorbal\u0131\u011fa u\u011fruyor. Bu konuda ne yapabilirim?<\/h3>\n<ul>\n<li>Ondan i\u00e7inde bulundu\u011fu durumu anlatmas\u0131n\u0131 isterim.<\/li>\n<li>Yarg\u0131lamadan dinlerim.<\/li>\n<li>Ondan internette kendisi hakk\u0131nda dola\u015fan mesajlara, foto\u011fraflara veya videolara bakmama izin vermesini isterim.<\/li>\n<li>Olabildi\u011fince h\u0131zl\u0131 \u015fekilde ele al\u0131nabilmesi ve internete eri\u015febilmesi i\u00e7in \u00f6\u011fretmenini ve okul y\u00f6netimini durumdan haberdar edirim. B\u00f6ylece durumla m\u00fcmk\u00fcn oldu\u011funca \u00e7abuk ilgilenilebilir ve bu duruma bir son verilebilir.<\/li>\n<li>Ger\u00e7eklere ba\u011fl\u0131 olarak, yasalar\u0131n \u00e7ocu\u011fumu koruyabilece\u011fini biliyorum.<\/li>\n<li>\u00c7ocu\u011fumun r\u0131zas\u0131yla kan\u0131t toplar ve saklar\u0131m (foto\u011fraflar, videolar veya mesajlar\u0131n ekran g\u00f6r\u00fcnt\u00fcleri).<\/li>\n<li>Olay\u0131 bildirmek i\u00e7in en yak\u0131n polis karakoluna ba\u015fvururum.<\/li>\n<li>Polisin tavsiyelerini dikkate alarak:\n<ul>\n<li>Kan\u0131tlarla birlikte \u00e7ocu\u011fumla veya \u00e7ocu\u011fum olmadan karakola giderim.<\/li>\n<li>\u015eik\u00e2yette bulunurum.<\/li>\n<li>\u0130\u00e7eri\u011fi \u015fik\u00e2yet eder ve takip\u00e7inin hesab\u0131n\u0131 engellerim.<\/li>\n<\/ul>\n<\/li>\n<\/ul>\n<h3>\u00c7ocu\u011fumu en iyi \u015fekilde desteklemek i\u00e7in:<\/h3>\n<ul>\n<li>\u00c7ocu\u011fumun ma\u011fdur durumda oldu\u011funu unutmuyorum. Onu su\u00e7lu hissettirmek durumu \u00e7\u00f6zmeyecek, bana anlatmas\u0131 i\u00e7in ona g\u00fcven vermeyecek ve m\u00fcmk\u00fcn oldu\u011funca \u00e7ok bilgi vermesini sa\u011flamayacak.<\/li>\n<li>Sab\u0131rl\u0131 oluyorum \u00e7\u00fcnk\u00fc \u00e7ocu\u011fumun ba\u015f\u0131na gelenleri anlatmas\u0131 i\u00e7in zamana ihtiyac\u0131 var.<\/li>\n<li>\u00c7ocu\u011fuma psikolojik destek sunuyorum.<\/li>\n<\/ul>\n<h3>\u00c7ocu\u011fum tacize veya siber tacize tan\u0131k olursa:<\/h3>\n<ul>\n<li>\u00c7ocu\u011fuma bu durumdaki rol\u00fcn\u00fcn belirleyici oldu\u011funu ve konu\u015fmas\u0131n\u0131n yeti\u015fkinlerin durumu tespit etmelerini ve bununla ba\u015fa \u00e7\u0131kmalar\u0131n\u0131 sa\u011flayabilece\u011fini a\u00e7\u0131klar\u0131m.\n<ul>\n<li>Onu benimle veya okulda g\u00fcvendi\u011fi bir yeti\u015fkinle konu\u015fmaya te\u015fvik ederim.<\/li>\n<li>Ondan dalga ge\u00e7enlere kat\u0131lmamas\u0131n\u0131 isterim.<\/li>\n<li>Ma\u011fdura deste\u011fini g\u00f6stermesi i\u00e7in te\u015fvik ederim.<\/li>\n<li>\u00c7ocu\u011fum tan\u0131k oldu\u011fu durumla ayn\u0131 fikirde olmad\u0131\u011f\u0131n\u0131 misilleme yap\u0131laca\u011f\u0131 korkusundan ifade etmekten \u00e7ekiniyorsa arkada\u015flar\u0131yla konu\u015fmas\u0131n\u0131 ve birlikte harekete ge\u00e7erek sonu\u00e7 almaya \u00e7al\u0131\u015fmalar\u0131n\u0131 tavsiye ederim.<\/li>\n<\/ul>\n<\/li>\n<\/ul>","protected":false},"excerpt":{"rendered":"<p>Siber Zorbal\u0131k Dijital ara\u00e7lar\u0131n kullan\u0131m\u0131, tacizin zaman ve mekan s\u0131n\u0131r\u0131 olmaks\u0131z\u0131n (7\/24) daha yayg\u0131n ve daha h\u0131zl\u0131 bir \u015fekilde yay\u0131labilece\u011fi [&hellip;]<\/p>","protected":false},"author":9,"featured_media":0,"parent":1981,"menu_order":5,"comment_status":"closed","ping_status":"closed","template":"","meta":{"_acf_changed":false,"footnotes":""},"class_list":["post-2942","page","type-page","status-publish","hentry"],"acf":[],"_links":{"self":[{"href":"https:\/\/vivreaveclesecrans.actioninnocence.org\/tr\/wp-json\/wp\/v2\/pages\/2942","targetHints":{"allow":["GET"]}}],"collection":[{"href":"https:\/\/vivreaveclesecrans.actioninnocence.org\/tr\/wp-json\/wp\/v2\/pages"}],"about":[{"href":"https:\/\/vivreaveclesecrans.actioninnocence.org\/tr\/wp-json\/wp\/v2\/types\/page"}],"author":[{"embeddable":true,"href":"https:\/\/vivreaveclesecrans.actioninnocence.org\/tr\/wp-json\/wp\/v2\/users\/9"}],"replies":[{"embeddable":true,"href":"https:\/\/vivreaveclesecrans.actioninnocence.org\/tr\/wp-json\/wp\/v2\/comments?post=2942"}],"version-history":[{"count":3,"href":"https:\/\/vivreaveclesecrans.actioninnocence.org\/tr\/wp-json\/wp\/v2\/pages\/2942\/revisions"}],"predecessor-version":[{"id":4797,"href":"https:\/\/vivreaveclesecrans.actioninnocence.org\/tr\/wp-json\/wp\/v2\/pages\/2942\/revisions\/4797"}],"up":[{"embeddable":true,"href":"https:\/\/vivreaveclesecrans.actioninnocence.org\/tr\/wp-json\/wp\/v2\/pages\/1981"}],"wp:attachment":[{"href":"https:\/\/vivreaveclesecrans.actioninnocence.org\/tr\/wp-json\/wp\/v2\/media?parent=2942"}],"curies":[{"name":"wp","href":"https:\/\/api.w.org\/{rel}","templated":true}]}}