{"id":2940,"date":"2024-09-25T09:37:57","date_gmt":"2024-09-25T07:37:57","guid":{"rendered":"https:\/\/vivreaveclesecrans.actioninnocence.org\/?page_id=2940"},"modified":"2024-10-10T16:50:48","modified_gmt":"2024-10-10T14:50:48","slug":"siddetli-veya-pornografik-icerige-maruz-kalma","status":"publish","type":"page","link":"https:\/\/vivreaveclesecrans.actioninnocence.org\/tr\/ekranlarla-yasamak\/siddetli-veya-pornografik-icerige-maruz-kalma\/","title":{"rendered":"\u015eiddetli veya pornografik i\u00e7eri\u011fe maruz kalma"},"content":{"rendered":"<h3>Bu t\u00fcr i\u00e7erikler \u015funlarda g\u00f6r\u00fclebilir:<\/h3>\n<ul>\n<li>Bir mesajda (e-posta, k\u0131sa mesaj vb. ile)<\/li>\n<li>\u0130nternette bir \u015fey ararken<\/li>\n<li>Sosyal medyada<\/li>\n<li>Bir video oyunu oynad\u0131\u011f\u0131nda veya onun ya\u015f\u0131na uygun olmayan bir dizi veya film izledi\u011finde<\/li>\n<\/ul>\n<h3>Ona kendini korumay\u0131 \u00f6\u011fretiyorum:<\/h3>\n<ul>\n<li>Tan\u0131mad\u0131\u011f\u0131 birinin g\u00f6nderdi\u011fi e-posta, k\u0131sa mesaj veya sosyal a\u011flar \u00fczerinden bir ba\u011flant\u0131ya t\u0131klamamas\u0131 \u00f6nemlidir.<\/li>\n<li>\u0130nternette arama yaparken, arama \u015fiddet i\u00e7eren veya pornografik bir konuyla ilgili olmasa bile uygunsuz i\u00e7erik g\u00f6r\u00fclebilir.<\/li>\n<li>Sosyal medyadaki payla\u015f\u0131mlarda \u015fok edici i\u00e7erikler g\u00f6r\u00fclebilir.<\/li>\n<\/ul>\n<h3>\u00c7ocu\u011fumu destekliyorum:<\/h3>\n<ul>\n<li>\u00c7ocu\u011fumun sosyal medyada takip etti\u011fi ki\u015filerle (influenceur \/etkileyen ki\u015fi) ve i\u00e7eriklerle ilgileniyorum.<\/li>\n<li>G\u00f6rd\u00fc\u011f\u00fc i\u00e7erikten utansa bile benimle istedi\u011fi zaman konu\u015fabilece\u011fini a\u00e7\u0131k\u00e7a belirtiyorum.<\/li>\n<li>Konu\u015fabilece\u011fi g\u00fcvenilir yeti\u015fkinler belirliyorum (\u00f6\u011fretmenler, okul hem\u015fireleri vb.).<\/li>\n<li>Ya\u015f\u0131na uygun olarak ebeveyn kontrol\u00fc y\u00fckl\u00fcyorum.<\/li>\n<\/ul>\n<h3>A\u015fa\u011fidaki t\u00fcrden i\u00e7erikleri neden payla\u015fmamas\u0131 gerekti\u011fini a\u00e7\u0131klar\u0131m:<\/h3>\n<ul>\n<li>\u015eiddet i\u00e7eren veya pornografik i\u00e7erikler di\u011fer insanlar\u0131 \u015fok edebilir.<\/li>\n<li>Bu t\u00fcr i\u00e7erikler yasa d\u0131\u015f\u0131 olabilir. Bunlar\u0131 bulundurmak ve payla\u015fmak kanunen cezaland\u0131r\u0131labilir.<\/li>\n<li>\u0130svi\u00e7re kanunlar\u0131na g\u00f6re \u00e7ocu\u011fum 10 ya\u015f\u0131ndan itibaren yapt\u0131klar\u0131ndan yasal olarak sorumludur.<\/li>\n<\/ul>\n<h3>A\u015fa\u011f\u0131daki durumlarda endi\u015felenmekte hakl\u0131y\u0131m:<\/h3>\n<ul>\n<li>\u00c7ocu\u011fum internette giderek daha fazla zaman ge\u00e7iriyor veya \u00e7evrimi\u00e7i olmaktan (internete girmekten) ka\u00e7\u0131n\u0131yor.<\/li>\n<li>S\u0131k s\u0131k okula devams\u0131zl\u0131k yap\u0131yor.<\/li>\n<li>Okulda notlar\u0131\/s\u0131nav sonu\u00e7lar\u0131 d\u00fc\u015f\u00fcyor.<\/li>\n<li>Ba\u015f a\u011fr\u0131s\u0131 veya kar\u0131n a\u011fr\u0131s\u0131 \u00e7ekiyor.<\/li>\n<li>Uykuya dalmakta zorluk \u00e7ekiyor.<\/li>\n<li>Sald\u0131rganla\u015f\u0131yor.<\/li>\n<li>\u0130zole oluyor ve i\u00e7ine kapan\u0131yor.<\/li>\n<\/ul>\n<h3>\u00c7ocu\u011fum \u015fiddet i\u00e7eren veya pornografik i\u00e7eriklere maruz kal\u0131yor. Bu konuda ne yapabilirim?<\/h3>\n<ul>\n<li>Onu dinlerim ve konu\u015fmas\u0131 i\u00e7in cesaretlendiririm.<\/li>\n<li>G\u00f6rd\u00fc\u011f\u00fcn\u00fc anlamas\u0131na yard\u0131mc\u0131 olur ve ona g\u00fcven veririm:\n<ul>\n<li>Duygular\u0131n\u0131 ifade etmesine izin veririm. \u00c7ocu\u011fum korku, endi\u015fe, tiksinti, utanma, vb. duyabilir.<\/li>\n<li>Onu yarg\u0131lam\u0131yorum.<\/li>\n<li>Ya\u015f\u0131na ve dil seviyesine uygun a\u00e7\u0131klamalar yap\u0131yorum. Ya\u015f\u0131 ne kadar k\u00fc\u00e7\u00fckse, se\u00e7ti\u011fim kelimeler o kadar basit olmal\u0131d\u0131r.<\/li>\n<li>A\u00e7\u0131klamalar\u0131mda genel kal\u0131r\u0131m ve \u00e7ocu\u011fumun sorular\u0131n\u0131 y\u00f6nlendirmesine izin veririm b\u00f6ylece merak etti\u011fi veya endi\u015felendi\u011fi \u015feyi belirleyebilir.<\/li>\n<\/ul>\n<\/li>\n<\/ul>\n<p>&nbsp;<\/p>","protected":false},"excerpt":{"rendered":"<p>Bu t\u00fcr i\u00e7erikler \u015funlarda g\u00f6r\u00fclebilir: Bir mesajda (e-posta, k\u0131sa mesaj vb. ile) \u0130nternette bir \u015fey ararken Sosyal medyada Bir video [&hellip;]<\/p>","protected":false},"author":9,"featured_media":0,"parent":1981,"menu_order":4,"comment_status":"closed","ping_status":"closed","template":"","meta":{"_acf_changed":false,"footnotes":""},"class_list":["post-2940","page","type-page","status-publish","hentry"],"acf":[],"_links":{"self":[{"href":"https:\/\/vivreaveclesecrans.actioninnocence.org\/tr\/wp-json\/wp\/v2\/pages\/2940","targetHints":{"allow":["GET"]}}],"collection":[{"href":"https:\/\/vivreaveclesecrans.actioninnocence.org\/tr\/wp-json\/wp\/v2\/pages"}],"about":[{"href":"https:\/\/vivreaveclesecrans.actioninnocence.org\/tr\/wp-json\/wp\/v2\/types\/page"}],"author":[{"embeddable":true,"href":"https:\/\/vivreaveclesecrans.actioninnocence.org\/tr\/wp-json\/wp\/v2\/users\/9"}],"replies":[{"embeddable":true,"href":"https:\/\/vivreaveclesecrans.actioninnocence.org\/tr\/wp-json\/wp\/v2\/comments?post=2940"}],"version-history":[{"count":3,"href":"https:\/\/vivreaveclesecrans.actioninnocence.org\/tr\/wp-json\/wp\/v2\/pages\/2940\/revisions"}],"predecessor-version":[{"id":4796,"href":"https:\/\/vivreaveclesecrans.actioninnocence.org\/tr\/wp-json\/wp\/v2\/pages\/2940\/revisions\/4796"}],"up":[{"embeddable":true,"href":"https:\/\/vivreaveclesecrans.actioninnocence.org\/tr\/wp-json\/wp\/v2\/pages\/1981"}],"wp:attachment":[{"href":"https:\/\/vivreaveclesecrans.actioninnocence.org\/tr\/wp-json\/wp\/v2\/media?parent=2940"}],"curies":[{"name":"wp","href":"https:\/\/api.w.org\/{rel}","templated":true}]}}