{"id":2936,"date":"2024-09-25T09:29:37","date_gmt":"2024-09-25T07:29:37","guid":{"rendered":"https:\/\/vivreaveclesecrans.actioninnocence.org\/?page_id=2936"},"modified":"2024-10-03T17:48:56","modified_gmt":"2024-10-03T15:48:56","slug":"cocugum-interneti-ve-sosyal-medyayi-kullaniyor","status":"publish","type":"page","link":"https:\/\/vivreaveclesecrans.actioninnocence.org\/tr\/ekranlarla-yasamak\/cocugum-interneti-ve-sosyal-medyayi-kullaniyor\/","title":{"rendered":"\u00c7ocu\u011fum interneti ve sosyal medyay\u0131 kullan\u0131yor"},"content":{"rendered":"<h3>\u0130nternetin ve sosyal medyan\u0131n \u00e7ocu\u011fuma \u015funlar\u0131 sa\u011flad\u0131\u011f\u0131n\u0131 anl\u0131yorum<\/h3>\n<ul>\n<li>Arkada\u015flarla ileti\u015fimde kalmak<\/li>\n<li>Kendisi i\u00e7in \u00f6nemli olan tart\u0131\u015fmalarda yer almak<\/li>\n<li>Onaylanmak ve tan\u0131nmak<\/li>\n<li>Yarat\u0131c\u0131l\u0131\u011f\u0131n\u0131 ve hayal g\u00fcc\u00fcn\u00fc geli\u015ftirmek<\/li>\n<li>Ara\u015ft\u0131rma yapmak<\/li>\n<li>Yeni \u015feyler \u00f6\u011frenmek ve ke\u015ffetmek<\/li>\n<\/ul>\n<h3>Ona kendini korumay\u0131 \u00f6\u011fretiyorum:<\/h3>\n<ul>\n<li>\u0130nternette ki\u015fisel bilgilerini, mahremiyetini ve gizlili\u011fini korumak \u00f6nemlidir.<\/li>\n<li>Farkl\u0131 parolalar kullanmak, bunlar\u0131 d\u00fczenli olarak de\u011fi\u015ftirmek ve gizli tutmak gereklidir.<\/li>\n<li>\u0130nternette payla\u015f\u0131mlar (foto\u011fraflar, videolar, mesajlar, vb.) sonsuza kadar internette kal\u0131r ve bir itibar (ba\u015fkalar\u0131n\u0131n kendisi hakk\u0131nda sahip oldu\u011fu imaj) yarat\u0131r.<\/li>\n<li>Payla\u015ft\u0131\u011f\u0131 ki\u015fisel veriler kendisine kar\u015f\u0131 kullan\u0131labilir.<\/li>\n<li>\u0130nternette tan\u0131\u015ft\u0131\u011f\u0131 ki\u015filer yalan s\u00f6yleyebilir. Ekran\u0131n arkas\u0131nda kimin kim oldu\u011fu asla bilinmez.<\/li>\n<li>Baz\u0131 \u00e7evrimi\u00e7i i\u00e7erikler ya\u015f\u0131na uygun de\u011fildir ve onu \u015fok edebilir.<\/li>\n<li>E\u011fer r\u0131zas\u0131 olmadan bir foto\u011fraf\u0131 yay\u0131nlanm\u0131\u015fsa, silinmesini isteme hakk\u0131na sahiptir.<\/li>\n<\/ul>\n<h3>\u00c7ocu\u011fuma internetin kanunsuz bir alan olmad\u0131\u011f\u0131n\u0131 a\u00e7\u0131kl\u0131yorum:<\/h3>\n<ul>\n<li>Yasalar\u0131n g\u00f6z\u00fcnde \u015funlar yasakt\u0131r:\n<ul>\n<li>\u0130nternet \u00fczerinden birine hakaret etmek veya tehdit etmek;<\/li>\n<li>Bir ki\u015finin itibar\u0131na zarar vermek;<\/li>\n<li>Bir foto\u011fraf\u0131 veya videoyu, i\u00e7inde g\u00f6r\u00fcnen ki\u015finin r\u0131zas\u0131 olmadan yay\u0131nlamak.<\/li>\n<\/ul>\n<\/li>\n<li>\u00c7ocu\u011fum kendisini bu durumlardan birinde bulursa, \u015fikayette bulunma hakk\u0131na sahiptir.<\/li>\n<li>\u0130svi\u00e7re\u2019de \u00e7ocu\u011fum 10 ya\u015f\u0131ndan itibaren eylemlerinden yasal olarak sorumludur.<\/li>\n<\/ul>\n<h3>\u00c7ocu\u011fumu destekliyorum:<\/h3>\n<ul>\n<li>\u00c7ocu\u011fumun sosyal a\u011flar i\u00e7in gizlilik ayarlar\u0131n\u0131 belirlemesine yard\u0131mc\u0131 oluyorum.<\/li>\n<li>\u0130ndirdi\u011fi uygulamalar hakk\u0131nda bilgi ediniyorum.<\/li>\n<li>Sorular\u0131 oldu\u011funda veya zor bir durumla kar\u015f\u0131la\u015ft\u0131\u011f\u0131nda onu dinliyorum.<\/li>\n<li>\u00d6rnek olmak i\u00e7in ekran ba\u015f\u0131nda ge\u00e7irdi\u011fim s\u00fcreyi azalt\u0131yorum.<\/li>\n<\/ul>\n<h3>Kurallar koyar\u0131m:<\/h3>\n<ul>\n<li>\u00c7ocu\u011fumun \u015funlar\u0131 yapabilmesi i\u00e7in ekran s\u00fcresini s\u0131n\u0131rland\u0131r\u0131r\u0131m\n<ul>\n<li>Egzersiz yapmak;<\/li>\n<li>Yeterince uyumak;<\/li>\n<li>\u00c7e\u015fitli aktiviteler yapmak.<\/li>\n<\/ul>\n<\/li>\n<li>Kurallar\u0131 onunla konu\u015furum.<\/li>\n<li>Kurallar\u0131 yazmas\u0131n\u0131 ve bunlar\u0131 asmas\u0131n\u0131 \u00f6neririm.<\/li>\n<li>Kurallar\u0131 \u00e7ocu\u011fumun ya\u015f\u0131na g\u00f6re uyarlar\u0131m.<\/li>\n<li>Kurallar\u0131 \u00e7i\u011fnemenin sonu\u00e7lar\u0131 hakk\u0131nda konu\u015furum.<\/li>\n<\/ul>\n<h3>\u015eu durumlarda endi\u015felenmekte hakl\u0131y\u0131m:<\/h3>\n<ul>\n<li>\u00c7ocu\u011fum internette giderek daha fazla zaman ge\u00e7iriyor ve di\u011fer aktiviteleri ihmal ediyorsa.<\/li>\n<li>\u00c7evrimi\u00e7i ili\u015fkileri y\u00fcz y\u00fcze ili\u015fkilerinden daha fazla yer kapl\u0131yorsa.<\/li>\n<li>Okula \u00e7ok fazla devams\u0131zl\u0131k yap\u0131yorsa.<\/li>\n<li>Okulda notlar\u0131 \/s\u0131nav sonu\u00e7lar\u0131 d\u00fc\u015f\u00fcyorsa.<\/li>\n<li>Uykuya dalmakta zorluk \u00e7ekiyorsa.<\/li>\n<li>Sald\u0131rganla\u015f\u0131yorsa.<\/li>\n<li>\u0130zole oluyor ve i\u00e7ine kapan\u0131yorsa.<\/li>\n<\/ul>","protected":false},"excerpt":{"rendered":"<p>\u0130nternetin ve sosyal medyan\u0131n \u00e7ocu\u011fuma \u015funlar\u0131 sa\u011flad\u0131\u011f\u0131n\u0131 anl\u0131yorum Arkada\u015flarla ileti\u015fimde kalmak Kendisi i\u00e7in \u00f6nemli olan tart\u0131\u015fmalarda yer almak Onaylanmak ve [&hellip;]<\/p>","protected":false},"author":9,"featured_media":0,"parent":1981,"menu_order":3,"comment_status":"closed","ping_status":"closed","template":"","meta":{"_acf_changed":false,"footnotes":""},"class_list":["post-2936","page","type-page","status-publish","hentry"],"acf":[],"_links":{"self":[{"href":"https:\/\/vivreaveclesecrans.actioninnocence.org\/tr\/wp-json\/wp\/v2\/pages\/2936","targetHints":{"allow":["GET"]}}],"collection":[{"href":"https:\/\/vivreaveclesecrans.actioninnocence.org\/tr\/wp-json\/wp\/v2\/pages"}],"about":[{"href":"https:\/\/vivreaveclesecrans.actioninnocence.org\/tr\/wp-json\/wp\/v2\/types\/page"}],"author":[{"embeddable":true,"href":"https:\/\/vivreaveclesecrans.actioninnocence.org\/tr\/wp-json\/wp\/v2\/users\/9"}],"replies":[{"embeddable":true,"href":"https:\/\/vivreaveclesecrans.actioninnocence.org\/tr\/wp-json\/wp\/v2\/comments?post=2936"}],"version-history":[{"count":4,"href":"https:\/\/vivreaveclesecrans.actioninnocence.org\/tr\/wp-json\/wp\/v2\/pages\/2936\/revisions"}],"predecessor-version":[{"id":4387,"href":"https:\/\/vivreaveclesecrans.actioninnocence.org\/tr\/wp-json\/wp\/v2\/pages\/2936\/revisions\/4387"}],"up":[{"embeddable":true,"href":"https:\/\/vivreaveclesecrans.actioninnocence.org\/tr\/wp-json\/wp\/v2\/pages\/1981"}],"wp:attachment":[{"href":"https:\/\/vivreaveclesecrans.actioninnocence.org\/tr\/wp-json\/wp\/v2\/media?parent=2936"}],"curies":[{"name":"wp","href":"https:\/\/api.w.org\/{rel}","templated":true}]}}