{"id":2934,"date":"2024-09-25T09:28:55","date_gmt":"2024-09-25T07:28:55","guid":{"rendered":"https:\/\/vivreaveclesecrans.actioninnocence.org\/?page_id=2934"},"modified":"2024-10-15T11:10:31","modified_gmt":"2024-10-15T09:10:31","slug":"cocugum-video-oyunlari-oynuyor","status":"publish","type":"page","link":"https:\/\/vivreaveclesecrans.actioninnocence.org\/tr\/ekranlarla-yasamak\/cocugum-video-oyunlari-oynuyor\/","title":{"rendered":"\u00c7ocu\u011fum video oyunlar\u0131 oynuyor"},"content":{"rendered":"<h3>Video oyunlar\u0131 ona \u015funlar\u0131 sa\u011flar:<\/h3>\n<ul>\n<li>Zevkli zaman ge\u00e7irmek ve e\u011flenmek<\/li>\n<li>Yeni beceriler geli\u015ftirmek<\/li>\n<li>\u0130lerlemek ve ba\u015farmak<\/li>\n<li>De\u011fer verildi\u011fini hissetmek<\/li>\n<li>Arkada\u015flar\u0131yla ve s\u0131n\u0131f arkada\u015flar\u0131yla oynamak<\/li>\n<li>Onlarla bu konu hakk\u0131nda konu\u015fmak<\/li>\n<\/ul>\n<h3>Oyunlar\u0131n i\u00e7eriklerine dikkat ediyorum:<\/h3>\n<ul>\n<li>Bir oyun sat\u0131n almadan \u00f6nce internette ve di\u011fer ebeveynlerden bilgi al\u0131r\u0131m.<\/li>\n<li><a href=\"https:\/\/pegi.info\/\" target=\"_blank\" rel=\"noopener\">www.pegi.info<\/a> adresini ziyaret ederek i\u00e7erik ve \u00f6nerilen ya\u015f hakk\u0131nda bilgi edinirim.<\/li>\n<li>Oyunlar\u0131n ne kadar s\u00fcrd\u00fc\u011f\u00fcn\u00fc \u00f6\u011frenirim.<\/li>\n<li>Baz\u0131 oyunlar\u0131n dahili sat\u0131n alma \u00f6zelli\u011fine sahip oldu\u011funu biliyorum.<\/li>\n<\/ul>\n<h3>\u00c7ocu\u011fumun internetteki video oyun platformlar\u0131nda oynayabilece\u011finin ve bunlar\u0131 yapabilece\u011finin fark\u0131nday\u0131m:<\/h3>\n<ul>\n<li>Tan\u0131mad\u0131klar\u0131 di\u011fer oyuncularla sohbet etmek<\/li>\n<li>Onlara mesaj, foto\u011fraf ve video g\u00f6ndermek<\/li>\n<\/ul>\n<h3>Ona kendini korumay\u0131 \u00f6\u011fretiyorum:<\/h3>\n<ul>\n<li>\u0130nternette ki\u015fisel bilgilerini, mahremiyetini ve gizlili\u011fini korumak \u00f6nemlidir.<\/li>\n<li>Farkl\u0131 parolalar kullanmak, bunlar\u0131 d\u00fczenli olarak de\u011fi\u015ftirmek ve gizli tutmak gereklidir.<\/li>\n<li>Yay\u0131nlad\u0131\u011f\u0131 \u015feyler (foto\u011fraflar, videolar, mesajlar, vb.) sonsuza kadar internette kal\u0131r ve bir itibar (ba\u015fkalar\u0131n\u0131n kendisi hakk\u0131nda sahip oldu\u011fu imaj) yarat\u0131r.<\/li>\n<li>Payla\u015ft\u0131klar\u0131 ki\u015fisel veriler kendisine kar\u015f\u0131 kullan\u0131labilir.<\/li>\n<li>Tan\u0131\u015ft\u0131\u011f\u0131 insanlar yalan s\u00f6yleyebilir. Ekran arkas\u0131nda kimin oldu\u011funu asla bilemeyiz.<\/li>\n<li>Baz\u0131 i\u00e7erikler ya\u015f\u0131na uygun de\u011fildir ve onu \u015fok edebilir.<\/li>\n<\/ul>\n<h3>\u00c7ocu\u011fuma \u00e7evrimi\u00e7i video oyun platformlar\u0131n\u0131n kanunsuz alanlar olmad\u0131\u011f\u0131n\u0131 a\u00e7\u0131kl\u0131yorum:<\/h3>\n<ul>\n<li>Yasalara g\u00f6re a\u015fa\u011f\u0131dakileri yapmak yasakt\u0131r:\n<ul>\n<li>Bu platformlarda birine hakaret etmek veya tehdit etmek;<\/li>\n<li>Bir ki\u015finin itibar\u0131na zarar vermek;<\/li>\n<li>Bir foto\u011fraf\u0131 veya videoyu i\u00e7inde g\u00f6r\u00fcnen ki\u015finin r\u0131zas\u0131 olmadan yay\u0131nlamak.<\/li>\n<\/ul>\n<\/li>\n<li>\u00c7ocu\u011fum kendisini bu durumlardan birinde bulursa \u015fikayette bulunma hakk\u0131na sahip oldu\u011funu anlat\u0131r\u0131m.<\/li>\n<li>\u0130svi\u00e7re kanunlar\u0131na g\u00f6re \u00e7ocu\u011fum 10 ya\u015f\u0131ndan itibaren eylemlerinden yasal olarak sorumludur.<\/li>\n<\/ul>\n<h3>Kurallar koyar\u0131m:<\/h3>\n<ul>\n<li>\u00c7ocu\u011fumun a\u015fa\u011f\u0131dakileri yapabilmesi i\u00e7in ekran s\u00fcresini s\u0131n\u0131rland\u0131r\u0131yorum:\n<ul>\n<li>Fiziksel egzersiz;<\/li>\n<li>Yeterince uyumak;<\/li>\n<li>\u00c7e\u015fitli aktivitelerde bulunmak.<\/li>\n<\/ul>\n<\/li>\n<li>Onunla kurallar\u0131 konu\u015furum.<\/li>\n<li>Kurallar\u0131 yazmas\u0131n\u0131 ve asmas\u0131n\u0131 \u00f6neririm.<\/li>\n<li>Kurallar\u0131 \u00e7ocu\u011fumun ya\u015f\u0131na g\u00f6re uyarlar\u0131m.<\/li>\n<li>Kurallar\u0131 \u00e7i\u011fnemenin sonu\u00e7lar\u0131 hakk\u0131nda konu\u015furum.<\/li>\n<\/ul>\n<h3>Kurallar \u00e7er\u00e7evesini korumama yard\u0131mc\u0131 olacak \u015feyler:<\/h3>\n<ul>\n<li>\u00c7ocu\u011fumun iyili\u011fi i\u00e7in kurallar ve s\u0131n\u0131rlar koyar\u0131m.<\/li>\n<li>Oyun oynarken veya oynamay\u0131 b\u0131rakmas\u0131 gerekti\u011finde duygular\u0131n\u0131 y\u00f6netmeyi \u00f6\u011fretirim.<\/li>\n<li>Ebeveyn kontrolleri y\u00fcklerim.<\/li>\n<li>Oyun s\u00fcresini s\u0131n\u0131rlamak i\u00e7in bir zamanlay\u0131c\u0131 kullan\u0131r\u0131m.<\/li>\n<li>\u00d6rnek olmak i\u00e7in ekran ba\u015f\u0131nda ge\u00e7irdi\u011fim s\u00fcreyi azalt\u0131r\u0131m.<\/li>\n<li>\u00c7ocu\u011fumun oyun oynamas\u0131n\u0131 izlemek, onu tebrik etmek ve cesaretlendirmek i\u00e7in zaman ay\u0131r\u0131r\u0131m.<\/li>\n<li>Onunla birlikte bir video oyunu oynar\u0131m.<\/li>\n<\/ul>\n<h3>Asa\u011f\u0131daki durumlarda endi\u015felenmekte hakl\u0131y\u0131m:<\/h3>\n<ul>\n<li>\u00c7ocu\u011fum oyun oynamaya giderek daha fazla zaman ay\u0131r\u0131yor ve di\u011fer aktiviteleri ihmal ediyorsa.<\/li>\n<li>Oyun oynayamad\u0131\u011f\u0131nda veya oyun oynamay\u0131 b\u0131rakmak zorunda kald\u0131\u011f\u0131nda \u00f6fkeleniyorsa.<\/li>\n<li>S\u0131k s\u0131k okula devams\u0131zl\u0131k yap\u0131yorsa.<\/li>\n<li>Notlar\u0131 \/ s\u0131nav sonu\u00e7lar\u0131 d\u00fc\u015f\u00fcyorsa.<\/li>\n<li>Uykuya dalmakta zorluk \u00e7ekiyorsa.<\/li>\n<li>Sald\u0131rganla\u015f\u0131yorsa.<\/li>\n<li>\u0130zole oluyor ve i\u00e7ine kapan\u0131yorsa.<\/li>\n<\/ul>","protected":false},"excerpt":{"rendered":"<p>Video oyunlar\u0131 ona \u015funlar\u0131 sa\u011flar: Zevkli zaman ge\u00e7irmek ve e\u011flenmek Yeni beceriler geli\u015ftirmek \u0130lerlemek ve ba\u015farmak De\u011fer verildi\u011fini hissetmek Arkada\u015flar\u0131yla [&hellip;]<\/p>","protected":false},"author":9,"featured_media":0,"parent":1981,"menu_order":2,"comment_status":"closed","ping_status":"closed","template":"","meta":{"_acf_changed":false,"footnotes":""},"class_list":["post-2934","page","type-page","status-publish","hentry"],"acf":[],"_links":{"self":[{"href":"https:\/\/vivreaveclesecrans.actioninnocence.org\/tr\/wp-json\/wp\/v2\/pages\/2934","targetHints":{"allow":["GET"]}}],"collection":[{"href":"https:\/\/vivreaveclesecrans.actioninnocence.org\/tr\/wp-json\/wp\/v2\/pages"}],"about":[{"href":"https:\/\/vivreaveclesecrans.actioninnocence.org\/tr\/wp-json\/wp\/v2\/types\/page"}],"author":[{"embeddable":true,"href":"https:\/\/vivreaveclesecrans.actioninnocence.org\/tr\/wp-json\/wp\/v2\/users\/9"}],"replies":[{"embeddable":true,"href":"https:\/\/vivreaveclesecrans.actioninnocence.org\/tr\/wp-json\/wp\/v2\/comments?post=2934"}],"version-history":[{"count":5,"href":"https:\/\/vivreaveclesecrans.actioninnocence.org\/tr\/wp-json\/wp\/v2\/pages\/2934\/revisions"}],"predecessor-version":[{"id":4869,"href":"https:\/\/vivreaveclesecrans.actioninnocence.org\/tr\/wp-json\/wp\/v2\/pages\/2934\/revisions\/4869"}],"up":[{"embeddable":true,"href":"https:\/\/vivreaveclesecrans.actioninnocence.org\/tr\/wp-json\/wp\/v2\/pages\/1981"}],"wp:attachment":[{"href":"https:\/\/vivreaveclesecrans.actioninnocence.org\/tr\/wp-json\/wp\/v2\/media?parent=2934"}],"curies":[{"name":"wp","href":"https:\/\/api.w.org\/{rel}","templated":true}]}}