{"id":2932,"date":"2024-09-25T09:23:57","date_gmt":"2024-09-25T07:23:57","guid":{"rendered":"https:\/\/vivreaveclesecrans.actioninnocence.org\/?page_id=2932"},"modified":"2024-10-03T17:48:24","modified_gmt":"2024-10-03T15:48:24","slug":"0-6-yas-grubu-cocuklarda-ekranlarin-saglikli-kullanimi","status":"publish","type":"page","link":"https:\/\/vivreaveclesecrans.actioninnocence.org\/tr\/ekranlarla-yasamak\/0-6-yas-grubu-cocuklarda-ekranlarin-saglikli-kullanimi\/","title":{"rendered":"0-6 ya\u015f grubu \u00e7ocuklarda ekranlar\u0131n sa\u011fl\u0131kl\u0131 kullan\u0131m\u0131"},"content":{"rendered":"<ul>\n<li>\u00c7ocu\u011fum 3 ya\u015f\u0131ndan k\u00fc\u00e7\u00fckse, ekran kar\u015f\u0131s\u0131nda vakit ge\u00e7irmesine izin vermekten ka\u00e7\u0131n\u0131r\u0131m.<\/li>\n<li>Serbest oyuna, fiziksel aktiviteye ve ba\u015fkalar\u0131yla etkile\u015fime \u00f6ncelik veririm.<\/li>\n<li>Erken ya\u015flardan itibaren ekran kullan\u0131m\u0131 i\u00e7in kurallar koyar\u0131m.<\/li>\n<li>Programlarda, oyunlarda ve uygulamalarda belirtilen ya\u015f s\u0131n\u0131rlamas\u0131na uyar\u0131m.<\/li>\n<li>\u0130zledi\u011fim i\u00e7eri\u011fi en k\u00fc\u00e7\u00fck kullan\u0131c\u0131n\u0131n ya\u015f\u0131na g\u00f6re se\u00e7erim.<\/li>\n<li>Etkile\u015fim \u00f6zelli\u011fi i\u00e7erikleri tercih ederim.<\/li>\n<li>\u00c7ocu\u011fumun yan\u0131nda olurum ve izledi\u011fi i\u00e7erik hakk\u0131nda onunla konu\u015furum.<\/li>\n<li>\u00c7ocu\u011fumu duygular\u0131 hakk\u0131nda konu\u015fmaya te\u015fvik ederim.<\/li>\n<li>\u00c7ocu\u011fumu yemek saatlerinde veya yatmadan \u00f6nce ekrana maruz b\u0131rakmam.<\/li>\n<li>Onun yan\u0131nda kendi ekran kullan\u0131m\u0131m\u0131 s\u0131n\u0131rlar\u0131m.<\/li>\n<\/ul>\n<h3>Ekranlar \u00e7ocu\u011fumun \u015funlar\u0131 yapmas\u0131n\u0131 engellememelidir:<\/h3>\n<ul>\n<li>Oldu\u011fu alan\u0131 ke\u015ffetmek<\/li>\n<li>Fiziksel aktivite<\/li>\n<li>5 duyular\u0131n\u0131 kullanmak<\/li>\n<li>Ba\u015fkalar\u0131yla etkile\u015fim<\/li>\n<li>Dilini\/dillerini geli\u015ftirmek<\/li>\n<li>Di\u011fer \u00e7ocuklarla oynamak<\/li>\n<li>Yarat\u0131c\u0131 olmak<\/li>\n<li>Hayal kurmak<\/li>\n<\/ul>","protected":false},"excerpt":{"rendered":"<p>\u00c7ocu\u011fum 3 ya\u015f\u0131ndan k\u00fc\u00e7\u00fckse, ekran kar\u015f\u0131s\u0131nda vakit ge\u00e7irmesine izin vermekten ka\u00e7\u0131n\u0131r\u0131m. Serbest oyuna, fiziksel aktiviteye ve ba\u015fkalar\u0131yla etkile\u015fime \u00f6ncelik veririm. [&hellip;]<\/p>","protected":false},"author":9,"featured_media":0,"parent":1981,"menu_order":1,"comment_status":"closed","ping_status":"closed","template":"","meta":{"_acf_changed":false,"footnotes":""},"class_list":["post-2932","page","type-page","status-publish","hentry"],"acf":[],"_links":{"self":[{"href":"https:\/\/vivreaveclesecrans.actioninnocence.org\/tr\/wp-json\/wp\/v2\/pages\/2932","targetHints":{"allow":["GET"]}}],"collection":[{"href":"https:\/\/vivreaveclesecrans.actioninnocence.org\/tr\/wp-json\/wp\/v2\/pages"}],"about":[{"href":"https:\/\/vivreaveclesecrans.actioninnocence.org\/tr\/wp-json\/wp\/v2\/types\/page"}],"author":[{"embeddable":true,"href":"https:\/\/vivreaveclesecrans.actioninnocence.org\/tr\/wp-json\/wp\/v2\/users\/9"}],"replies":[{"embeddable":true,"href":"https:\/\/vivreaveclesecrans.actioninnocence.org\/tr\/wp-json\/wp\/v2\/comments?post=2932"}],"version-history":[{"count":3,"href":"https:\/\/vivreaveclesecrans.actioninnocence.org\/tr\/wp-json\/wp\/v2\/pages\/2932\/revisions"}],"predecessor-version":[{"id":4385,"href":"https:\/\/vivreaveclesecrans.actioninnocence.org\/tr\/wp-json\/wp\/v2\/pages\/2932\/revisions\/4385"}],"up":[{"embeddable":true,"href":"https:\/\/vivreaveclesecrans.actioninnocence.org\/tr\/wp-json\/wp\/v2\/pages\/1981"}],"wp:attachment":[{"href":"https:\/\/vivreaveclesecrans.actioninnocence.org\/tr\/wp-json\/wp\/v2\/media?parent=2932"}],"curies":[{"name":"wp","href":"https:\/\/api.w.org\/{rel}","templated":true}]}}