{"id":1981,"date":"2024-06-21T15:50:21","date_gmt":"2024-06-21T13:50:21","guid":{"rendered":"https:\/\/vivreaveclesecrans.actioninnocence.org\/?page_id=1981"},"modified":"2025-08-25T17:04:59","modified_gmt":"2025-08-25T15:04:59","slug":"ekranlarla-yasamak","status":"publish","type":"page","link":"https:\/\/vivreaveclesecrans.actioninnocence.org\/tr\/ekranlarla-yasamak\/","title":{"rendered":"\u00c7ocuklar, ekranlar, ebeveynler: nas\u0131l birlikte ya\u015fayabiliriz?"},"content":{"rendered":"<h2>Vakf\u0131n Tan\u0131t\u0131m\u0131<\/h2>\n<p>Action Innocence, ekranlar\u0131n sa\u011fl\u0131kl\u0131 ve \u00f6l\u00e7\u00fcl\u00fc kullan\u0131m\u0131n\u0131 te\u015fvik etmek amac\u0131yla 1999 y\u0131l\u0131nda Cenevre\u2019de kurulmu\u015f bir vak\u0131ft\u0131r. Okullarda \u00e7al\u0131\u015fma yaparak, e\u011fitim ve sa\u011fl\u0131k uzmanlar\u0131 i\u00e7in \u00f6nlemleyici materyaller ve e\u011fitim programlar\u0131 geli\u015ftirmekte ve fark\u0131ndal\u0131k yaratan b\u00fcy\u00fck kampanyalar y\u00fcr\u00fctmektedir.<\/p>","protected":false},"excerpt":{"rendered":"<p>Vakf\u0131n Tan\u0131t\u0131m\u0131 Action Innocence, ekranlar\u0131n sa\u011fl\u0131kl\u0131 ve \u00f6l\u00e7\u00fcl\u00fc kullan\u0131m\u0131n\u0131 te\u015fvik etmek amac\u0131yla 1999 y\u0131l\u0131nda Cenevre\u2019de kurulmu\u015f bir vak\u0131ft\u0131r. Okullarda \u00e7al\u0131\u015fma [&hellip;]<\/p>","protected":false},"author":1,"featured_media":0,"parent":0,"menu_order":2,"comment_status":"closed","ping_status":"closed","template":"Template-home-Language.php","meta":{"_acf_changed":false,"footnotes":""},"class_list":["post-1981","page","type-page","status-publish","hentry"],"acf":[],"_links":{"self":[{"href":"https:\/\/vivreaveclesecrans.actioninnocence.org\/tr\/wp-json\/wp\/v2\/pages\/1981","targetHints":{"allow":["GET"]}}],"collection":[{"href":"https:\/\/vivreaveclesecrans.actioninnocence.org\/tr\/wp-json\/wp\/v2\/pages"}],"about":[{"href":"https:\/\/vivreaveclesecrans.actioninnocence.org\/tr\/wp-json\/wp\/v2\/types\/page"}],"author":[{"embeddable":true,"href":"https:\/\/vivreaveclesecrans.actioninnocence.org\/tr\/wp-json\/wp\/v2\/users\/1"}],"replies":[{"embeddable":true,"href":"https:\/\/vivreaveclesecrans.actioninnocence.org\/tr\/wp-json\/wp\/v2\/comments?post=1981"}],"version-history":[{"count":10,"href":"https:\/\/vivreaveclesecrans.actioninnocence.org\/tr\/wp-json\/wp\/v2\/pages\/1981\/revisions"}],"predecessor-version":[{"id":5165,"href":"https:\/\/vivreaveclesecrans.actioninnocence.org\/tr\/wp-json\/wp\/v2\/pages\/1981\/revisions\/5165"}],"wp:attachment":[{"href":"https:\/\/vivreaveclesecrans.actioninnocence.org\/tr\/wp-json\/wp\/v2\/media?parent=1981"}],"curies":[{"name":"wp","href":"https:\/\/api.w.org\/{rel}","templated":true}]}}