{"id":2956,"date":"2024-09-25T10:14:59","date_gmt":"2024-09-25T08:14:59","guid":{"rendered":"https:\/\/vivreaveclesecrans.actioninnocence.org\/?page_id=2956"},"modified":"2024-10-03T17:20:32","modified_gmt":"2024-10-03T15:20:32","slug":"kako-da-malisani-na-zdrav-nacin-koriste-ekrane-2","status":"publish","type":"page","link":"https:\/\/vivreaveclesecrans.actioninnocence.org\/sr\/kako-ziveti-sa-ekranima\/kako-da-malisani-na-zdrav-nacin-koriste-ekrane-2\/","title":{"rendered":"Kako da mali\u0161ani (od 0 do 6 godina) na zdrav na\u010din koriste ekrane"},"content":{"rendered":"<ul>\n<li>Ako moje dete ima manje od 3 godine, izbegavam da provodi vreme ispred ekrana.<\/li>\n<li>Dajem prednost slobodnoj igri, fizi\u010dkoj aktivnosti i interakciji sa okru\u017eenjem.<\/li>\n<li>Od ranog doba utvr\u0111ujem pravila kori\u0161\u0107enja ekrana.<\/li>\n<li>Po\u0161tujem uputstva o uzrastu nazna\u010dena na programima, igrama i aplikacijama.<\/li>\n<li>Odabiram sadr\u017eaj koji, prema uputstvu, odgovara najmla\u0111ima.<\/li>\n<li>Dajem prednost interaktivnom sadr\u017eaju.<\/li>\n<li>Prisutna\/prisutan sam i razgovaram sa detetom o onome \u0161to gleda.<\/li>\n<li>Ohrabrujem dete da razgovara i izrazi svoja ose\u0107anja.<\/li>\n<li>Za vreme obroka ili pred spavanje, ne stavljam dete pred ekran.<\/li>\n<li>Ograni\u010davam svoje vreme kori\u0161\u0107enja ekrana u prisustvu deteta.<\/li>\n<\/ul>\n<h3>Ekrani ne treba da ometaju dete:<\/h3>\n<ul>\n<li>da istra\u017euje prostor;<\/li>\n<li>da bude fizi\u010dki aktivno;<\/li>\n<li>da koristi svih svojih 5 \u010dula;<\/li>\n<li>da razmenjuje sa okru\u017eenjem;<\/li>\n<li>da razvija svoje govorne sposobnosti;<\/li>\n<li>da se igra sa drugom decom;<\/li>\n<li>da bude kreativno;<\/li>\n<li>da sanjari.<\/li>\n<\/ul>","protected":false},"excerpt":{"rendered":"<p>Ako moje dete ima manje od 3 godine, izbegavam da provodi vreme ispred ekrana. Dajem prednost slobodnoj igri, fizi\u010dkoj aktivnosti [&hellip;]<\/p>","protected":false},"author":9,"featured_media":0,"parent":1972,"menu_order":1,"comment_status":"closed","ping_status":"closed","template":"","meta":{"_acf_changed":false,"footnotes":""},"class_list":["post-2956","page","type-page","status-publish","hentry"],"acf":[],"_links":{"self":[{"href":"https:\/\/vivreaveclesecrans.actioninnocence.org\/sr\/wp-json\/wp\/v2\/pages\/2956","targetHints":{"allow":["GET"]}}],"collection":[{"href":"https:\/\/vivreaveclesecrans.actioninnocence.org\/sr\/wp-json\/wp\/v2\/pages"}],"about":[{"href":"https:\/\/vivreaveclesecrans.actioninnocence.org\/sr\/wp-json\/wp\/v2\/types\/page"}],"author":[{"embeddable":true,"href":"https:\/\/vivreaveclesecrans.actioninnocence.org\/sr\/wp-json\/wp\/v2\/users\/9"}],"replies":[{"embeddable":true,"href":"https:\/\/vivreaveclesecrans.actioninnocence.org\/sr\/wp-json\/wp\/v2\/comments?post=2956"}],"version-history":[{"count":3,"href":"https:\/\/vivreaveclesecrans.actioninnocence.org\/sr\/wp-json\/wp\/v2\/pages\/2956\/revisions"}],"predecessor-version":[{"id":3791,"href":"https:\/\/vivreaveclesecrans.actioninnocence.org\/sr\/wp-json\/wp\/v2\/pages\/2956\/revisions\/3791"}],"up":[{"embeddable":true,"href":"https:\/\/vivreaveclesecrans.actioninnocence.org\/sr\/wp-json\/wp\/v2\/pages\/1972"}],"wp:attachment":[{"href":"https:\/\/vivreaveclesecrans.actioninnocence.org\/sr\/wp-json\/wp\/v2\/media?parent=2956"}],"curies":[{"name":"wp","href":"https:\/\/api.w.org\/{rel}","templated":true}]}}