{"id":2735,"date":"2024-09-23T15:46:50","date_gmt":"2024-09-23T13:46:50","guid":{"rendered":"https:\/\/vivreaveclesecrans.actioninnocence.org\/?page_id=2735"},"modified":"2024-10-10T16:49:13","modified_gmt":"2024-10-10T14:49:13","slug":"stetni-susreti-onlajn-gruming","status":"publish","type":"page","link":"https:\/\/vivreaveclesecrans.actioninnocence.org\/sr\/kako-ziveti-sa-ekranima\/stetni-susreti-onlajn-gruming\/","title":{"rendered":"\u0160tetni susreti onlajn \u2013 gruming"},"content":{"rendered":"<h3>\u0160ta je <em>gruming?<\/em><\/h3>\n<p>Re\u010d <em>gruming<\/em> zna\u010di: stupiti u kontakt i poku\u0161ati sklopiti vezu sa decom ili adolescentima koji jo\u0161 nisu stekli seksulanu zrelost koja nastupa sa 16. godina, s ciljem da se postigne seksualno zadovoljstvo ili da se ostvari veza seksulane prirode.<\/p>\n<h3>Kako se ostvaruje susret?<\/h3>\n<p>Naj\u010de\u0161\u0107e, neka osoba prvo poku\u0161ava, koriste\u0107i vezu onlajn, da uspostavi kontakt sa detetom. Na primer, mo\u017ee da zapo\u010dne razgovor na dru\u0161tvenim mre\u017eama, na forumu ili na nekoj od platformi sa videoigrama, koriste\u0107i svoj identitet ili pretstavljaju\u0107i se kao vr\u0161njak deteta.<\/p>\n<h3>Uspostavljanje poverenja sa detetom:<\/h3>\n<p>Osoba mo\u017ee da poku\u0161a da uspostavi poverljiv odnos sa detetom.<br \/>\nNa primer, mo\u017ee:<\/p>\n<ul>\n<li>da postavlja pitanja u vezi onoga \u0161to interesuje dete,<\/li>\n<li>da razvije vezu sa detetom razgovaraju\u0107i o zajedni\u010dkim predmetima interesovanja,<\/li>\n<li>da postepeno postavlja pitanja o tome kako se dete ose\u0107a, da ispituje ima li te\u0161ko\u0107a u odnosu sa vr\u0161njacima ili sa roditeljima,<\/li>\n<li>ako dete ima te\u0161ko\u0107a, da mu pru\u017ei podr\u0161ku i razumevanje,<\/li>\n<li>da se predstavi kao neko kome dete mo\u017ee da se poveri.<\/li>\n<\/ul>\n<p>Kada se uspostavi poverenje i stvori prijateljski odnos, pa \u010dak i ljubavni, ta osoba \u0107e mo\u017eda poku\u0161ati da postavi i mnogo intimnija pitanja.<\/p>\n<h3>Primeri pitanja:<\/h3>\n<ul>\n<li>Da li voli\u0161 da spava\u0161 gola\/go?<\/li>\n<li>Da li si se ve\u0107 ljubila\/ljubio?<\/li>\n<li>Da li nosi\u0161 grudnjak ili string ga\u0107ice?<\/li>\n<li>Da li ima\u0161 dla\u010dice?<\/li>\n<li>Da li ti rastu grudi\/dojke?<\/li>\n<li>Da li si ve\u0107 merio du\u017einu svog penisa (uda)?<\/li>\n<\/ul>\n<h3>Kada dete stekne poverenje i ne bude vi\u0161e na oprezu, osoba mo\u017ee da ide jo\u0161 dalje:<\/h3>\n<ul>\n<li>da zatra\u017ei od deteta da po\u0161alje svoje intimne fotografije,<\/li>\n<li>da po\u0161alje detetu snimke svog polnog organa,<\/li>\n<li>da predlo\u017ei susret onlajn (na primer, video sastanak),<\/li>\n<li>da predlo\u017ei detetu sastanak u\u017eivo.<\/li>\n<\/ul>\n<h3>Imam razloga da se brinem ako dete:<\/h3>\n<ul>\n<li>provodi sve vi\u0161e vremena na internetu i zanemaruje druge aktivnosti,<\/li>\n<li>provodi manje vremena sa drugarima\/drugaricama,<\/li>\n<li>\u010desto razgovara sa nekim ko mi je nepoznat,<\/li>\n<li>ako sam u njegovoj blizini, brzo menja sliku na ekranu,<\/li>\n<li>dobija pisma, pakete ili telefonske pozive od osoba koje ne poznajem,<\/li>\n<li>raspola\u017ee sa vi\u0161e novca nego \u0161to je od mene dobilo i ima ode\u0107u i modne dodatke tzv. \u00abaksesoare\u00bb koje mu nismo kupili mi, roditelji,<\/li>\n<li>\u010desto izostaje iz \u0161kole,<\/li>\n<li>u \u0161koli posti\u017ee slabije rezultate,<\/li>\n<li>postaje agresivno,<\/li>\n<li>sve vi\u0161e biva usamljeno i povla\u010di se u sebe,<\/li>\n<li>pokazuje da sebe potcenjuje.<\/li>\n<\/ul>\n<h3>Mislim da je moje dete \u017ertva <em>gruminga.<\/em> \u0160ta mogu da preduzmem?<\/h3>\n<ul>\n<li>Govorim detetu o svome strahu i brizi.<\/li>\n<li>Pitam dete da mi pru\u017ei vi\u0161e informacija o vezi koju odr\u017eava.<\/li>\n<li>Slu\u0161am \u0161ta mi dete govori ali ne sudim.<\/li>\n<li>Pitam dete da mi dopusti pristup prepisci koju ima sa tom osobom.<\/li>\n<li>Imam na umu, obzirom na \u010dinjenice, da zakon mo\u017ee da pru\u017ei za\u0161titu detetu.<\/li>\n<li>Uz pristanak deteta, sakupljam i \u010duvam sve dokaze (fotografije ili snimke ekrana sa podatcima o korisni\u010dkim profilima osobe sa kojom dete komunicuira, kao i snimke razmenjenih poruka).<\/li>\n<li>Mogu da stupim u kontakt telefonom sa najbli\u017eom policijskom stanicom da prijavim slu\u010daj.<\/li>\n<li>Po savetu policije:\n<ul>\n<li>odlazim sa dokazima u policijsku stanicu, sa detetom ili bez njega;<\/li>\n<li>podnosim tu\u017ebu;<\/li>\n<li>upozoravam i blokiram ra\u010dun po\u0161iljaoca.<\/li>\n<\/ul>\n<\/li>\n<\/ul>\n<h3>U cilju da sebi pomognem da pratim dete:<\/h3>\n<ul>\n<li>Imam na umu da je dete \u017ertva. Bacati krivicu na njega ne\u0107e pomo\u0107i da se situacija re\u0161i i ne\u0107e mu dati poverenje da mo\u017ee slobodno da govori i da pru\u017ei \u0161to vi\u0161e informacija.<\/li>\n<li>Znam da bi mome detetu mo\u017eda bilo te\u0161ko da prihvati da treba da okon\u010da vezu, prijateljsku, a mo\u017eda \u010dak i ljubavnu, za koju je verovalo da je stvarna i iskrena.<\/li>\n<li>Odvajam dovoljno vremena da objasnim detetu:\n<ul>\n<li>da je to \u0161ta ta osoba radi nezakonito i da se zbog toga obra\u0107amo policiji;<\/li>\n<li>da zakon postoji da bi se dete za\u0161titilo;<\/li>\n<\/ul>\n<\/li>\n<li>Predla\u017eem detetu psiholo\u0161ku podr\u0161ku.<\/li>\n<\/ul>","protected":false},"excerpt":{"rendered":"<p>\u0160ta je gruming? Re\u010d gruming zna\u010di: stupiti u kontakt i poku\u0161ati sklopiti vezu sa decom ili adolescentima koji jo\u0161 nisu [&hellip;]<\/p>","protected":false},"author":9,"featured_media":0,"parent":1972,"menu_order":6,"comment_status":"closed","ping_status":"closed","template":"","meta":{"_acf_changed":false,"footnotes":""},"class_list":["post-2735","page","type-page","status-publish","hentry"],"acf":[],"_links":{"self":[{"href":"https:\/\/vivreaveclesecrans.actioninnocence.org\/sr\/wp-json\/wp\/v2\/pages\/2735","targetHints":{"allow":["GET"]}}],"collection":[{"href":"https:\/\/vivreaveclesecrans.actioninnocence.org\/sr\/wp-json\/wp\/v2\/pages"}],"about":[{"href":"https:\/\/vivreaveclesecrans.actioninnocence.org\/sr\/wp-json\/wp\/v2\/types\/page"}],"author":[{"embeddable":true,"href":"https:\/\/vivreaveclesecrans.actioninnocence.org\/sr\/wp-json\/wp\/v2\/users\/9"}],"replies":[{"embeddable":true,"href":"https:\/\/vivreaveclesecrans.actioninnocence.org\/sr\/wp-json\/wp\/v2\/comments?post=2735"}],"version-history":[{"count":7,"href":"https:\/\/vivreaveclesecrans.actioninnocence.org\/sr\/wp-json\/wp\/v2\/pages\/2735\/revisions"}],"predecessor-version":[{"id":4789,"href":"https:\/\/vivreaveclesecrans.actioninnocence.org\/sr\/wp-json\/wp\/v2\/pages\/2735\/revisions\/4789"}],"up":[{"embeddable":true,"href":"https:\/\/vivreaveclesecrans.actioninnocence.org\/sr\/wp-json\/wp\/v2\/pages\/1972"}],"wp:attachment":[{"href":"https:\/\/vivreaveclesecrans.actioninnocence.org\/sr\/wp-json\/wp\/v2\/media?parent=2735"}],"curies":[{"name":"wp","href":"https:\/\/api.w.org\/{rel}","templated":true}]}}