{"id":2731,"date":"2024-09-23T15:36:35","date_gmt":"2024-09-23T13:36:35","guid":{"rendered":"https:\/\/vivreaveclesecrans.actioninnocence.org\/?page_id=2731"},"modified":"2024-10-10T16:48:59","modified_gmt":"2024-10-10T14:48:59","slug":"uznemiravanje-i-digitalno-uznemiravanje-medu-skolarcima","status":"publish","type":"page","link":"https:\/\/vivreaveclesecrans.actioninnocence.org\/sr\/kako-ziveti-sa-ekranima\/uznemiravanje-i-digitalno-uznemiravanje-medu-skolarcima\/","title":{"rendered":"Uznemiravanje i digitalno uznemiravanje me\u0111u \u0161kolarcima"},"content":{"rendered":"<h3>Digitalno uznemiravanje<\/h3>\n<p>Upotreba digitalnih alata omogu\u0107ava ve\u0107e i br\u017ee \u0161irenje komunikacija, bez prostornog ili vremenskog ograni\u010denja (24\/24 sata, 7\/7 dana), \u0161to poja\u010dava \u010dinjenicu uznemiravanja.<\/p>\n<p>Uznemiravanje i digitalno uznemiravanje mogu da imaju te\u0161ke posledice na fizi\u010dko i psihi\u010dko zdravlje deteta.<\/p>\n<h3>Podr\u017eavam svoje dete:<\/h3>\n<ul>\n<li>Jasno detetu stavljam do znanja da mo\u017ee u svakom trenutku da mi se obrati.<\/li>\n<li>Savetujem detetu da odredi koje su odrasle osobe od poverenja, u \u0161koli ili u njegovom okru\u017eenju, kojima mo\u017ee da se obrati da razgovara u slu\u010daju problema (nastavnica\/nastavnik, \u0161kolska bolni\u010darka\/\u0161kolski bolni\u010dar, itd.).<\/li>\n<li>Obja\u0161najvam detetu da nije odgovorno za ismevanje kome mo\u017ee da bude izlo\u017eeno.<\/li>\n<li>Ispoljavam detetu svoju podr\u0161ku. Tu sam da ga podr\u017eim ukoliko dobije pretnje da \u0107e biti represalija.<\/li>\n<\/ul>\n<h3>Imam razloga da se brinem ako dete:<\/h3>\n<ul>\n<li>stalno dolazi sa zaka\u0161njenjem u \u0161kolu; mo\u017eda tako poku\u0161ava da izbegne da se sretne sa drugarima u dvori\u0161tu ili u hodnicima \u0161kole;<\/li>\n<li>vi\u0161e ne \u017eeli da u\u010destvuje u \u0161kolskim i van\u0161kolskim aktivnostima;<\/li>\n<li>\u010desto izostaje iz \u0161kole;<\/li>\n<li>u \u0161koli posti\u017ee slabije rezultate;<\/li>\n<li>ima \u010desto galvobolje ili ga boli stomak;<\/li>\n<li>ne spava dovoljno;<\/li>\n<li>ima problema sa ishranom;<\/li>\n<li>postaje agresivno;<\/li>\n<li>postaje usamljeno i povla\u010di se u sebe;<\/li>\n<li>pokazuje da sebe potcenjuje.<\/li>\n<\/ul>\n<h3>Moje dete je meta uznemiravanja &#8211; digitalnog uznemiravanja. \u0160ta mogu da preduzmem?<\/h3>\n<ul>\n<li>Pitam ga da mi opi\u0161e situaciju u kojoj se nalazi.<\/li>\n<li>Slu\u0161am ga ali ga ne osu\u0111ujem.<\/li>\n<li>Pitam ga za dozvolu da pogledam poruke koje prima, fotografije ili video snimke koji su na internetu i koji se odnose na njega.<\/li>\n<li>Obave\u0161tavam njegovu nastavnicu\/nastavnika i upravu \u0161kole o nastaloj situaciji kako bi \u0161to pre preduzeli potrebne mere da to stanje prestane.<\/li>\n<li>Imam na umu, obzirom na \u010dinjenice, da zakon mo\u017ee da pru\u017ei za\u0161titu detetu.<\/li>\n<li>Uz saglasnost deteta, sakupljam i \u010duvam dokaze (fotografije, video snimke ili snimke ekrana sa porukama).<\/li>\n<li>Mogu da stupim u kontakt telefonom sa najbli\u017eom policijskom stanicom i da prijavim slu\u010daj.<\/li>\n<li>Po savetu policije:\n<ul>\n<li>Odlazim sa dokazima u policijsku stanicu, sa detetom ili bez njega;<\/li>\n<li>Podnosim tu\u017ebu;<\/li>\n<li>Obave\u0161tavam o \u010demu se radi i o sadr\u017eaju i blokiram ra\u010dun osobe koja uznemirava.<\/li>\n<\/ul>\n<\/li>\n<\/ul>\n<h3>U cilju da sebi pomognem da pratim dete:<\/h3>\n<ul>\n<li>Ne gubim iz vida da je dete \u017ertva. Baciti krivicu na dete ne\u0107e pomo\u0107i da se situacija re\u0161i i ne\u0107e pru\u017eiti detetu poverenje da slobodno govori i da pru\u017ei \u0161to vi\u0161e informacija.<\/li>\n<li>Treba mi strpljenja. A mome detetu treba vremena da iska\u017ee ono \u0161to mu se de\u0161ava.<\/li>\n<li>Predla\u017eem detetu psiholo\u0161ku podr\u0161ku.<\/li>\n<\/ul>\n<h3>Ako je moje dete svedok uznemiravanja &#8211; digitalnog uznemiravanja:<\/h3>\n<ul>\n<li>Obja\u0161njavam detetu da je njegova uloga odlu\u010duju\u0107a i da mo\u017ee da pomogne odraslima da utvrde o \u010demu se radi i da oni preuzmu brigu o tome.\n<ul>\n<li>Predla\u017eem detetu da govori o tome sa mnom ili da se poveri nekoj odrasloj osobi od poverenja iz \u0161kole.<\/li>\n<li>Tra\u017eim od deteta da se ne podsmeva.<\/li>\n<li>Ohrabrujem dete da pru\u017ei podr\u0161ku \u017ertvi.<\/li>\n<li>Ako se dete pla\u0161i posledica, represalija, ako pokazuje da nije saglasno po pitanju nastale situacije, savetujem mu da o tome govori sa drugarima i da razmotre da li mogu da preduzmu ne\u0161to zajedno.<\/li>\n<\/ul>\n<\/li>\n<\/ul>","protected":false},"excerpt":{"rendered":"<p>Digitalno uznemiravanje Upotreba digitalnih alata omogu\u0107ava ve\u0107e i br\u017ee \u0161irenje komunikacija, bez prostornog ili vremenskog ograni\u010denja (24\/24 sata, 7\/7 dana), [&hellip;]<\/p>","protected":false},"author":9,"featured_media":0,"parent":1972,"menu_order":5,"comment_status":"closed","ping_status":"closed","template":"","meta":{"_acf_changed":false,"footnotes":""},"class_list":["post-2731","page","type-page","status-publish","hentry"],"acf":[],"_links":{"self":[{"href":"https:\/\/vivreaveclesecrans.actioninnocence.org\/sr\/wp-json\/wp\/v2\/pages\/2731","targetHints":{"allow":["GET"]}}],"collection":[{"href":"https:\/\/vivreaveclesecrans.actioninnocence.org\/sr\/wp-json\/wp\/v2\/pages"}],"about":[{"href":"https:\/\/vivreaveclesecrans.actioninnocence.org\/sr\/wp-json\/wp\/v2\/types\/page"}],"author":[{"embeddable":true,"href":"https:\/\/vivreaveclesecrans.actioninnocence.org\/sr\/wp-json\/wp\/v2\/users\/9"}],"replies":[{"embeddable":true,"href":"https:\/\/vivreaveclesecrans.actioninnocence.org\/sr\/wp-json\/wp\/v2\/comments?post=2731"}],"version-history":[{"count":6,"href":"https:\/\/vivreaveclesecrans.actioninnocence.org\/sr\/wp-json\/wp\/v2\/pages\/2731\/revisions"}],"predecessor-version":[{"id":4788,"href":"https:\/\/vivreaveclesecrans.actioninnocence.org\/sr\/wp-json\/wp\/v2\/pages\/2731\/revisions\/4788"}],"up":[{"embeddable":true,"href":"https:\/\/vivreaveclesecrans.actioninnocence.org\/sr\/wp-json\/wp\/v2\/pages\/1972"}],"wp:attachment":[{"href":"https:\/\/vivreaveclesecrans.actioninnocence.org\/sr\/wp-json\/wp\/v2\/media?parent=2731"}],"curies":[{"name":"wp","href":"https:\/\/api.w.org\/{rel}","templated":true}]}}