{"id":2729,"date":"2024-09-23T15:31:03","date_gmt":"2024-09-23T13:31:03","guid":{"rendered":"https:\/\/vivreaveclesecrans.actioninnocence.org\/?page_id=2729"},"modified":"2024-10-10T16:48:49","modified_gmt":"2024-10-10T14:48:49","slug":"izlozenost-stetnim-sadrzajima-sa-digitalnim-nasiljem-ili-sa-pornografijom","status":"publish","type":"page","link":"https:\/\/vivreaveclesecrans.actioninnocence.org\/sr\/kako-ziveti-sa-ekranima\/izlozenost-stetnim-sadrzajima-sa-digitalnim-nasiljem-ili-sa-pornografijom\/","title":{"rendered":"Izlo\u017eenost \u0161tetnim sadr\u017eajima sa digitalnim nasiljem ili sa pornografijom"},"content":{"rendered":"<h3>Takav sadr\u017eaj mo\u017ee da se pojavi:<\/h3>\n<ul>\n<li>u nekoj poruci (preko imejla, internet po\u0161te, itd.);<\/li>\n<li>prilikom pretrage na internetu;<\/li>\n<li>na dru\u0161tvenim mre\u017eama;<\/li>\n<li>kada dete igra videoigre ili gleda neku seriju ili film koji nisu za njegov uzrast.<\/li>\n<\/ul>\n<h3>U\u010dim dete da sebe za\u0161titi:<\/h3>\n<ul>\n<li>Vrlo je va\u017eno da se ne klikne na link koji je dostavila nepoznata osoba putem imejla, internet po\u0161te ili dru\u0161tvenih mre\u017ea.<\/li>\n<li>Prilikom pretrage na internetu, neprikladan sadr\u017eaj mo\u017ee da se pojavi \u010dak i kada se pretraga ne odnosi na nasilni ili pornografski sadr\u017eaj.<\/li>\n<li>Na dru\u0161tvenim mre\u017eama, na \u00abdnevnim vestima\u00bb deteta, mo\u017ee da se pojavi neki uznemiravaju\u0107i, \u0161okantan sadr\u017eaj.<\/li>\n<\/ul>\n<h3>Pratim dete:<\/h3>\n<ul>\n<li>Interesujem se za li\u010dnosti sa dru\u0161tvenih mre\u017ea (influenserke\/influenseri) i o sadr\u017eajima koje dete prati na intrenetu.<\/li>\n<li>Jasno ka\u017eem detetu da mo\u017ee u svakom trenutku da mi se obrati, \u010dak i kada mu je neprijatno ili se stidi zbog sadr\u017eaja koji je videlo.<\/li>\n<li>Savetujem detetu da odredi koje su odrasle osobe od poverenja, kojima mo\u017ee da se obrati i da razgovara (nastavnica\/nastavnik, \u0161kolska bolni\u010darka\/\u0161kolski bolni\u010dar, itd.).<\/li>\n<li>Prema uzrastu deteta, uspostavljam \u00abroditeljsku kontrolu\u00bb.<\/li>\n<\/ul>\n<h3>Obja\u0161njavam detetu za\u0161to ne treba da deli snimke sa slede\u0107im sadr\u017eajima:<\/h3>\n<ul>\n<li>Snimci sa nasiljem ili pornografski snimci, za neke osobe mogu da budu \u0161okantni.<\/li>\n<li>Takva vrsta sadr\u017eaja mo\u017ee da bude nezakonita. Posedovati ih i deliti sa drugima, mo\u017ee da bude po zakonu ka\u017enjivo.<\/li>\n<li>U \u0160vajcarskoj po zakonu, kada napuni deset godina dete postaje odgovorno za svoje postupke.<\/li>\n<\/ul>\n<h3>Imam razloga da se brinem ako dete:<\/h3>\n<ul>\n<li>provodi sve vi\u0161e i vi\u0161e vremena na internetu ili ako, nasuprot tome, izbegava da se pove\u017ee;<\/li>\n<li>\u010desto izostaje iz \u0161kole;<\/li>\n<li>u \u0161koli posti\u017ee slabije rezultate;<\/li>\n<li>ima \u010desto galvobolje ili ga boli stomak;<\/li>\n<li>ne spava dovoljno;<\/li>\n<li>postaje agresivno;<\/li>\n<li>postaje usamljeno, povla\u010di se u sebe.<\/li>\n<\/ul>\n<h3>Moje dete se suo\u010dava sa nasilnim ili pornografskim sadr\u017eajem? \u0160ta mogu da preduzmem?<\/h3>\n<ul>\n<li>Tu sam da saslu\u0161am dete i ohrabrujem ga da govori.<\/li>\n<li>Poma\u017eem detetu da razume ono \u0161to je videlo i da ga umirim:\n<ul>\n<li>Dajem mu priliku da izrazi svoja ose\u0107anja. Dete mo\u017ee da oseti strah, zebnju, odvratnost, stid, itd.<\/li>\n<li>Ne osu\u0111ujem ga.<\/li>\n<li>Dajem mu obja\u0161njenja prilago\u0111ena njegovom uzrastu i izra\u017eavanju. \u0160to je dete mla\u0111e, re\u010di koje koristim treba da budu jednostavnije.<\/li>\n<li>Obja\u0161njavaju\u0107i, govorim uop\u0161teno i ostavljam mu mogu\u0107nost da postavi pitanja tako da mo\u017ee da izrazi ono \u0161to mu je nejasno ili \u0161to ga brine.<\/li>\n<\/ul>\n<\/li>\n<\/ul>","protected":false},"excerpt":{"rendered":"<p>Takav sadr\u017eaj mo\u017ee da se pojavi: u nekoj poruci (preko imejla, internet po\u0161te, itd.); prilikom pretrage na internetu; na dru\u0161tvenim [&hellip;]<\/p>","protected":false},"author":9,"featured_media":0,"parent":1972,"menu_order":4,"comment_status":"closed","ping_status":"closed","template":"","meta":{"_acf_changed":false,"footnotes":""},"class_list":["post-2729","page","type-page","status-publish","hentry"],"acf":[],"_links":{"self":[{"href":"https:\/\/vivreaveclesecrans.actioninnocence.org\/sr\/wp-json\/wp\/v2\/pages\/2729","targetHints":{"allow":["GET"]}}],"collection":[{"href":"https:\/\/vivreaveclesecrans.actioninnocence.org\/sr\/wp-json\/wp\/v2\/pages"}],"about":[{"href":"https:\/\/vivreaveclesecrans.actioninnocence.org\/sr\/wp-json\/wp\/v2\/types\/page"}],"author":[{"embeddable":true,"href":"https:\/\/vivreaveclesecrans.actioninnocence.org\/sr\/wp-json\/wp\/v2\/users\/9"}],"replies":[{"embeddable":true,"href":"https:\/\/vivreaveclesecrans.actioninnocence.org\/sr\/wp-json\/wp\/v2\/comments?post=2729"}],"version-history":[{"count":5,"href":"https:\/\/vivreaveclesecrans.actioninnocence.org\/sr\/wp-json\/wp\/v2\/pages\/2729\/revisions"}],"predecessor-version":[{"id":4787,"href":"https:\/\/vivreaveclesecrans.actioninnocence.org\/sr\/wp-json\/wp\/v2\/pages\/2729\/revisions\/4787"}],"up":[{"embeddable":true,"href":"https:\/\/vivreaveclesecrans.actioninnocence.org\/sr\/wp-json\/wp\/v2\/pages\/1972"}],"wp:attachment":[{"href":"https:\/\/vivreaveclesecrans.actioninnocence.org\/sr\/wp-json\/wp\/v2\/media?parent=2729"}],"curies":[{"name":"wp","href":"https:\/\/api.w.org\/{rel}","templated":true}]}}