{"id":2725,"date":"2024-09-23T12:14:22","date_gmt":"2024-09-23T10:14:22","guid":{"rendered":"https:\/\/vivreaveclesecrans.actioninnocence.org\/?page_id=2725"},"modified":"2024-10-10T14:57:31","modified_gmt":"2024-10-10T12:57:31","slug":"moje-dete-koristi-internet-i-drustvene-mreze","status":"publish","type":"page","link":"https:\/\/vivreaveclesecrans.actioninnocence.org\/sr\/kako-ziveti-sa-ekranima\/moje-dete-koristi-internet-i-drustvene-mreze\/","title":{"rendered":"Moje dete koristi internet i dru\u0161tvene mre\u017ee"},"content":{"rendered":"<h3>Znam da internet i dru\u0161tvene mre\u017ee pru\u017eaju detetu priliku:<\/h3>\n<ul>\n<li>da bude u kontaktu sa prijateljima;<\/li>\n<li>da u\u010destvuje u razgovorima do kojih mu je stalo;<\/li>\n<li>da ga drugi uva\u017eavaju i uzimaju u obzir;<\/li>\n<li>da razvija kreativnost i ma\u0161tu;<\/li>\n<li>da istra\u017euje;<\/li>\n<li>da u\u010di i otkriva ne\u0161to novo.<\/li>\n<\/ul>\n<h3>U\u010dim dete da sebe za\u0161titi:<\/h3>\n<ul>\n<li>Na interenetu je va\u017eno za\u0161tititi svoje li\u010dne podatke, svoju privatnost i svoju intimnost.<\/li>\n<li>Treba koristiti razli\u010dite lozinke, redovno ih menjati i dr\u017eati u tajnosti.<\/li>\n<li>Ono \u0161to dete objavi (fotografije, video snimci, poruke, itd,) ostaje zauvek na internetu i stvara njegovu reputaciju.<\/li>\n<li>Li\u010dni podatci koje dete stavi na internet mogu da budu zloupotrebljeni protiv njega.<\/li>\n<li>Mogu\u0107e je da osobe koje dete sretne na internetu la\u017eu. Nikad se ne zna ko se krije iza ekrana.<\/li>\n<li>Neki sadr\u017eaji na inetrnetu, onlajn, mo\u017eda ne odgovaraju uzrastu deteta i mogu da ga uznemire i \u0161okiraju.<\/li>\n<li>Ako je fotografija deteta, bez njegovog pristanka stavljena na internet, dete ima pravo da tra\u017ei da se fotografija ukloni.<\/li>\n<\/ul>\n<h3>Obja\u0161njavam detetu da internet nije mesto gde ne vladaju nikakva pravila:<\/h3>\n<ul>\n<li>Zakon zabranjuje:\n<ul>\n<li>da se preko platformi nekome upu\u0107uju uvrede ili pretnje;<\/li>\n<li>da se \u0161teti ugledu te osobe;<\/li>\n<li>da se objavljuje fotografija ili video snimak neke osobe bez njenog pristanka.<\/li>\n<\/ul>\n<\/li>\n<li>Ako se na\u0111e u nekoj od pomenutih situacija, dete ima pravo da podnese tu\u017ebu.<\/li>\n<li>U \u0160vajcarskoj po zakonu, kada napuni 10 godina, dete postaje odgovorno za svoje postupke.<\/li>\n<\/ul>\n<h3>Pratim dete:<\/h3>\n<ul>\n<li>Poma\u017eem detetu da odredi granice do kojih mo\u017ee da ide njegovo poverenje na dru\u0161tvenim mre\u017eama.<\/li>\n<li>Raspitujem se o aplikacijama koje koristi.<\/li>\n<li>Na raspolaganju sam detetu da ga saslu\u0161am ako ima neko pitanje ili ako se suo\u010dava sa nekom te\u0161ko\u0107om.<\/li>\n<li>Smanjujem vreme koje i ja provodim ispred ekrana da pru\u017eim detetu primer.<\/li>\n<\/ul>\n<h3>Uspostavljam izvesna pravila:<\/h3>\n<ul>\n<li>Ograni\u010davam detetu vreme koje provodi ispred ekrana da bi moglo:\n<ul>\n<li>da bude fizi\u010dki aktivno;<\/li>\n<li>da dovoljno spava;<\/li>\n<li>da se bavi razli\u010ditim aktivnostima.<\/li>\n<\/ul>\n<\/li>\n<li>Razgovaram sa detetom o pravilima;<\/li>\n<li>Predla\u017eem detetu da napi\u0161e pravila i da ih stavi na vidno mesto;<\/li>\n<li>Prilago\u0111avam pravila u skladu sa odrastanjem deteta;<\/li>\n<li>Razgovaram sa detetom o posledicama ako ne po\u0161tuje pravila.<\/li>\n<\/ul>\n<h3>Imam razloga da se brinem ako dete:<\/h3>\n<ul>\n<li>provodi sve vi\u0161e i vi\u0161e vremena na internetu i zanemaruje druge aktivnosti;<\/li>\n<li>provodi vi\u0161e vremena dru\u017ee\u0107i se preko interneta, onlajn, nego u\u017eivo;<\/li>\n<li>\u010desto izostaje iz \u0161kole;<\/li>\n<li>u \u0161koli posti\u017ee slabije rezultate;<\/li>\n<li>ne spava dovoljno;<\/li>\n<li>postaje agresivno;<\/li>\n<li>postaje usamljeno, povla\u010di se u sebe.<\/li>\n<\/ul>","protected":false},"excerpt":{"rendered":"<p>Znam da internet i dru\u0161tvene mre\u017ee pru\u017eaju detetu priliku: da bude u kontaktu sa prijateljima; da u\u010destvuje u razgovorima do [&hellip;]<\/p>","protected":false},"author":9,"featured_media":0,"parent":1972,"menu_order":3,"comment_status":"closed","ping_status":"closed","template":"","meta":{"_acf_changed":false,"footnotes":""},"class_list":["post-2725","page","type-page","status-publish","hentry"],"acf":[],"_links":{"self":[{"href":"https:\/\/vivreaveclesecrans.actioninnocence.org\/sr\/wp-json\/wp\/v2\/pages\/2725","targetHints":{"allow":["GET"]}}],"collection":[{"href":"https:\/\/vivreaveclesecrans.actioninnocence.org\/sr\/wp-json\/wp\/v2\/pages"}],"about":[{"href":"https:\/\/vivreaveclesecrans.actioninnocence.org\/sr\/wp-json\/wp\/v2\/types\/page"}],"author":[{"embeddable":true,"href":"https:\/\/vivreaveclesecrans.actioninnocence.org\/sr\/wp-json\/wp\/v2\/users\/9"}],"replies":[{"embeddable":true,"href":"https:\/\/vivreaveclesecrans.actioninnocence.org\/sr\/wp-json\/wp\/v2\/comments?post=2725"}],"version-history":[{"count":4,"href":"https:\/\/vivreaveclesecrans.actioninnocence.org\/sr\/wp-json\/wp\/v2\/pages\/2725\/revisions"}],"predecessor-version":[{"id":4699,"href":"https:\/\/vivreaveclesecrans.actioninnocence.org\/sr\/wp-json\/wp\/v2\/pages\/2725\/revisions\/4699"}],"up":[{"embeddable":true,"href":"https:\/\/vivreaveclesecrans.actioninnocence.org\/sr\/wp-json\/wp\/v2\/pages\/1972"}],"wp:attachment":[{"href":"https:\/\/vivreaveclesecrans.actioninnocence.org\/sr\/wp-json\/wp\/v2\/media?parent=2725"}],"curies":[{"name":"wp","href":"https:\/\/api.w.org\/{rel}","templated":true}]}}