{"id":2719,"date":"2024-09-23T11:57:18","date_gmt":"2024-09-23T09:57:18","guid":{"rendered":"https:\/\/vivreaveclesecrans.actioninnocence.org\/?page_id=2719"},"modified":"2024-10-14T11:54:29","modified_gmt":"2024-10-14T09:54:29","slug":"moje-dete-igra-videoigre","status":"publish","type":"page","link":"https:\/\/vivreaveclesecrans.actioninnocence.org\/sr\/kako-ziveti-sa-ekranima\/moje-dete-igra-videoigre\/","title":{"rendered":"Moje dete igra videoigre"},"content":{"rendered":"<h3>Imam na umu da videoigre pru\u017eaju detetu priliku:<\/h3>\n<ul>\n<li>da se zabavi i razonodi;<\/li>\n<li>da razvije nove sposobnosti;<\/li>\n<li>da napreduje i pobe\u0111uje u igri;<\/li>\n<li>da bude cenjeno i da ga uva\u017eavaju;<\/li>\n<li>da igra sa svojim vr\u0161njacima i \u0161kolarcima;<\/li>\n<li>da sa njima o tome razgovara.<\/li>\n<\/ul>\n<h3>Interesujem se za sadr\u017eaj:<\/h3>\n<ul>\n<li>Tra\u017eim na internetu informacije i raspitujem se kod drugih roditelja pre kupovine neke igre.<\/li>\n<li>Obave\u0161tavam se o sadr\u017eaju i uzrastu dece kojoj je igra namenjena, a te informacije mogu da na\u0111em na <a href=\"https:\/\/pegi.info\/\" target=\"_blank\" rel=\"noopener\">www.pegi.info<\/a>.<\/li>\n<li>Tra\u017eim informaciju o tome koliko igra traje.<\/li>\n<li>Poznato mi je da neke aplikacije nude igre ura\u010dunate u cenu.<\/li>\n<\/ul>\n<h3>Znam da igraju\u0107i videoigre na platformama na internetu dete ima priliku:<\/h3>\n<ul>\n<li>da razgovara sa drugim igra\u010dima koje mo\u017eda ni ne poznaje;<\/li>\n<li>da im \u0161alje poruke, fotografije i video snimke.<\/li>\n<\/ul>\n<h3>U\u010dim dete da sebe za\u0161titi:<\/h3>\n<ul>\n<li>Na internetu je va\u017eno za\u0161tititi svoje li\u010dne podatke, svoj \u017eivot i svoju privatnost.<\/li>\n<li>Treba koristiti razli\u010dite lozinke, redovno ih menjati i dr\u017eati u tajnosti.<\/li>\n<li>Ono \u0161to dete objavi na internetu (fotografije, video snimci, poruke, itd.), ostaje zauvek i stvara njegovu reputaciju.<\/li>\n<li>Li\u010dni podatci koje dete stavi na internet mogu da budu zloupotrebljeni protiv njega.<\/li>\n<li>Mogu\u0107e je da osobe koje dete sretne na intrenetu la\u017eu. Nikad se ne zna ko se krije iza ekrana.<\/li>\n<li>Neki sadr\u017eaji ne odgovaraju uzrastu deteta i mogu da budu uznemiravaju\u0107i.<\/li>\n<\/ul>\n<h3>Obja\u0161njavam detetu da platforme na internetu sa videoigrama nisu mesta gde ne vladaju nikakva pravila:<\/h3>\n<ul>\n<li>Zakon zabranjuje:\n<ul>\n<li>da se preko platformi nekome upu\u0107uju uvrede ili pretnje;<\/li>\n<li>da se \u0161teti ugledu te osobe;<\/li>\n<li>da se objavljuje fotografija ili video snimak neke osobe bez njenog pristanka.<\/li>\n<\/ul>\n<\/li>\n<li>Ako se dete na\u0111e u nekoj od pomenutih situacija, ima pravo da podnese tu\u017ebu.<\/li>\n<li>U \u0160vajcarskoj po zakonu, kada napuni 10 godina, dete postaje odgovorno za svoje postupke.<\/li>\n<\/ul>\n<h3>Uspostavljam izvesna pravila:<\/h3>\n<ul>\n<li>Ograni\u010davam vreme kori\u0161\u0107enja ekrana da bi dete moglo:\n<ul>\n<li>da bude fizi\u010dki aktivno;<\/li>\n<li>da dovoljno spava;<\/li>\n<li>da se bavi razli\u010ditim aktivnostima.<\/li>\n<\/ul>\n<\/li>\n<li>Razgovaram sa detetom o pravilima.<\/li>\n<li>Predla\u017eem detetu da napi\u0161e pravila i da ih postavi na vidno mesto.<\/li>\n<li>Kako dete raste, tako prilago\u0111avam pravila.<\/li>\n<li>Govorim detetu o posledicama ako ne bude po\u0161tovalo pravila.<\/li>\n<\/ul>\n<h3>U cilju da pomognem sebi da odr\u017eim taj okvir:<\/h3>\n<ul>\n<li>Utvr\u0111ujem pravila i postavljam granice imaju\u0107i u vidu dobrobit deteta.<\/li>\n<li>Upu\u0107ujem dete kako da upravlja svojim ose\u0107anjima dok igra ili kada je vreme da prestane.<\/li>\n<li>Postavljam \u00abroditeljsku kontrolu\u00bb internet sadr\u017eaja.<\/li>\n<li>Koristim kronometar (\u00abtajmer\u00bb) da ograni\u010dim vreme igre.<\/li>\n<li>Ograni\u010davam svoje vreme kori\u0161\u0107enja ekrana da pru\u017eim detetu primer.<\/li>\n<li>Nalazim vremena da posmatram dete dok igra, \u010destitam mu, ohrabrujem ga.<\/li>\n<li>Igram sa detetom videoigre.<\/li>\n<\/ul>\n<h3>Imam razloga da se brinem ako dete:<\/h3>\n<ul>\n<li>provodi sve vi\u0161e i vi\u0161e vremena igraju\u0107i videoigre i zanemaruje druge aktivnosti;<\/li>\n<li>besni ako ne mo\u017ee da igra ili ako treba da prestane;<\/li>\n<li>\u010desto izostaje iz \u0161kole;<\/li>\n<li>u \u0161koli posti\u017ee slabije rezultate;<\/li>\n<li>ne spava dovoljno;<\/li>\n<li>postaje agresivno;<\/li>\n<li>postaje usamljeno i povla\u010di se u sebe.<\/li>\n<\/ul>","protected":false},"excerpt":{"rendered":"<p>Imam na umu da videoigre pru\u017eaju detetu priliku: da se zabavi i razonodi; da razvije nove sposobnosti; da napreduje i [&hellip;]<\/p>","protected":false},"author":9,"featured_media":0,"parent":1972,"menu_order":2,"comment_status":"closed","ping_status":"closed","template":"","meta":{"_acf_changed":false,"footnotes":""},"class_list":["post-2719","page","type-page","status-publish","hentry"],"acf":[],"_links":{"self":[{"href":"https:\/\/vivreaveclesecrans.actioninnocence.org\/sr\/wp-json\/wp\/v2\/pages\/2719","targetHints":{"allow":["GET"]}}],"collection":[{"href":"https:\/\/vivreaveclesecrans.actioninnocence.org\/sr\/wp-json\/wp\/v2\/pages"}],"about":[{"href":"https:\/\/vivreaveclesecrans.actioninnocence.org\/sr\/wp-json\/wp\/v2\/types\/page"}],"author":[{"embeddable":true,"href":"https:\/\/vivreaveclesecrans.actioninnocence.org\/sr\/wp-json\/wp\/v2\/users\/9"}],"replies":[{"embeddable":true,"href":"https:\/\/vivreaveclesecrans.actioninnocence.org\/sr\/wp-json\/wp\/v2\/comments?post=2719"}],"version-history":[{"count":7,"href":"https:\/\/vivreaveclesecrans.actioninnocence.org\/sr\/wp-json\/wp\/v2\/pages\/2719\/revisions"}],"predecessor-version":[{"id":4855,"href":"https:\/\/vivreaveclesecrans.actioninnocence.org\/sr\/wp-json\/wp\/v2\/pages\/2719\/revisions\/4855"}],"up":[{"embeddable":true,"href":"https:\/\/vivreaveclesecrans.actioninnocence.org\/sr\/wp-json\/wp\/v2\/pages\/1972"}],"wp:attachment":[{"href":"https:\/\/vivreaveclesecrans.actioninnocence.org\/sr\/wp-json\/wp\/v2\/media?parent=2719"}],"curies":[{"name":"wp","href":"https:\/\/api.w.org\/{rel}","templated":true}]}}