{"id":1972,"date":"2024-06-21T15:50:21","date_gmt":"2024-06-21T13:50:21","guid":{"rendered":"https:\/\/vivreaveclesecrans.actioninnocence.org\/?page_id=1972"},"modified":"2024-10-10T16:15:47","modified_gmt":"2024-10-10T14:15:47","slug":"kako-ziveti-sa-ekranima","status":"publish","type":"page","link":"https:\/\/vivreaveclesecrans.actioninnocence.org\/sr\/kako-ziveti-sa-ekranima\/","title":{"rendered":"Deca, ekrani, roditelji: kako \u017eiveti zajedno?"},"content":{"rendered":"<h2>Predstavljamo vam na\u0161u Fondaciju<\/h2>\n<p>Action innocence je Fondacija osnovana 1999. godine u \u017denevi sa ciljem da promovi\u0161e zdravo i umereno kori\u0161\u0107enje ekrana. Fondacija deluje u \u0161kolama, obra\u0111uje materijal namenjen preventivnoj za\u0161titi i razvija programe obuke za vaspitne i zdravstvene radnike. Fondacija tako\u0111e organizuje velike kampanje senzibilizacije.<\/p>","protected":false},"excerpt":{"rendered":"<p>Predstavljamo vam na\u0161u Fondaciju Action innocence je Fondacija osnovana 1999. godine u \u017denevi sa ciljem da promovi\u0161e zdravo i umereno [&hellip;]<\/p>","protected":false},"author":1,"featured_media":0,"parent":0,"menu_order":2,"comment_status":"closed","ping_status":"closed","template":"Template-home-Language.php","meta":{"_acf_changed":false,"footnotes":""},"class_list":["post-1972","page","type-page","status-publish","hentry"],"acf":[],"_links":{"self":[{"href":"https:\/\/vivreaveclesecrans.actioninnocence.org\/sr\/wp-json\/wp\/v2\/pages\/1972","targetHints":{"allow":["GET"]}}],"collection":[{"href":"https:\/\/vivreaveclesecrans.actioninnocence.org\/sr\/wp-json\/wp\/v2\/pages"}],"about":[{"href":"https:\/\/vivreaveclesecrans.actioninnocence.org\/sr\/wp-json\/wp\/v2\/types\/page"}],"author":[{"embeddable":true,"href":"https:\/\/vivreaveclesecrans.actioninnocence.org\/sr\/wp-json\/wp\/v2\/users\/1"}],"replies":[{"embeddable":true,"href":"https:\/\/vivreaveclesecrans.actioninnocence.org\/sr\/wp-json\/wp\/v2\/comments?post=1972"}],"version-history":[{"count":11,"href":"https:\/\/vivreaveclesecrans.actioninnocence.org\/sr\/wp-json\/wp\/v2\/pages\/1972\/revisions"}],"predecessor-version":[{"id":4755,"href":"https:\/\/vivreaveclesecrans.actioninnocence.org\/sr\/wp-json\/wp\/v2\/pages\/1972\/revisions\/4755"}],"wp:attachment":[{"href":"https:\/\/vivreaveclesecrans.actioninnocence.org\/sr\/wp-json\/wp\/v2\/media?parent=1972"}],"curies":[{"name":"wp","href":"https:\/\/api.w.org\/{rel}","templated":true}]}}