{"id":2791,"date":"2024-09-24T11:08:40","date_gmt":"2024-09-24T09:08:40","guid":{"rendered":"https:\/\/vivreaveclesecrans.actioninnocence.org\/?page_id=2791"},"modified":"2024-10-10T16:43:35","modified_gmt":"2024-10-10T14:43:35","slug":"ngacmimi-dhe-kercenimi-kibernetik-mes-nxenesve","status":"publish","type":"page","link":"https:\/\/vivreaveclesecrans.actioninnocence.org\/sq\/te-jetosh-me-ekrane\/ngacmimi-dhe-kercenimi-kibernetik-mes-nxenesve\/","title":{"rendered":"Ngacmimi dhe k\u00ebrc\u00ebnimi kibernetik mes nx\u00ebn\u00ebsve"},"content":{"rendered":"<h3>Ngacmimi kibernetik<\/h3>\n<p>P\u00ebrdorimi i mjeteve dixhitale \u00e7on n\u00eb shp\u00ebrndarjen m\u00eb t\u00eb gjer\u00eb e t\u00eb shpejt\u00eb, pa limit vendi ose kohe (24or\u00eb\/24or\u00eb dhe 7dit\u00eb\/7), gj\u00eb q\u00eb p\u00ebrforcon fenomenin e ngacmimit.<br \/>\nNgacmimi dhe k\u00ebrc\u00ebnimi kibernetik mund t\u00eb ken\u00eb pasoja t\u00eb r\u00ebnda n\u00eb sh\u00ebndetin fizik dhe psiqik t\u00eb f\u00ebmij\u00ebs.<\/p>\n<h3>Un\u00eb e mb\u00ebshtes f\u00ebmij\u00ebn tim:<\/h3>\n<ul>\n<li>Un\u00eb i tregoj qart\u00eb f\u00ebmij\u00ebs tim se ai\/ajo mund t\u00eb m\u00eb flas\u00eb n\u00eb \u00e7do koh\u00eb.<\/li>\n<li>Un\u00eb e k\u00ebshilloj at\u00eb t\u00eb identifikoj\u00eb t\u00eb rriturit e besuesh\u00ebm n\u00eb shkoll\u00eb dhe n\u00eb rrethin e tij\/saj t\u00eb cil\u00ebve mund t\u2019u flas\u00eb, n\u00ebse ka nj\u00eb problem (m\u00ebsues\u00b7ve\u00b7eve, infermier\u00b7\u00ebve\u00b7eve shkollor\u00eb-e, etj.).<\/li>\n<li>Un\u00eb i shpjegoj atij\/asaj se ai\/ajo nuk ka p\u00ebrgjegj\u00ebsi p\u00ebr talljet q\u00eb mund t\u00eb p\u00ebrjetoj\u00eb.<\/li>\n<li>Un\u00eb i shpreh mb\u00ebshtetjen time. Un\u00eb jam aty p\u00ebr ta mbrojtur at\u00eb n\u00ebse ai\/ajo merr k\u00ebrc\u00ebnime p\u00ebr hakmarrje.<\/li>\n<\/ul>\n<h3>Un\u00eb kam arsye t\u00eb shqet\u00ebsohem n\u00ebse:<\/h3>\n<ul>\n<li>F\u00ebmija im arrin gjithmon\u00eb me vones\u00eb n\u00eb shkoll\u00eb. Ai\/ajo mund t\u00eb p\u00ebrpiqet t\u00eb shmang\u00eb shok\u00ebt e klas\u00ebs n\u00eb oborr ose n\u00eb korridore.<\/li>\n<li>Ai\/ajo nuk d\u00ebshiron t\u00eb marr\u00eb pjes\u00eb n\u00eb aktivitetet shkollore ose jasht\u00ebshkollore.<\/li>\n<li>Ai\/ajo ka mungesa t\u00eb shumta n\u00eb shkoll\u00eb.<\/li>\n<li>Rezultatet e tij shkollore jan\u00eb n\u00eb r\u00ebnie.<\/li>\n<li>Ai\/ajo ka shpesh dhimbje koke ose barku.<\/li>\n<li>Ai\/ajo ka pagjum\u00ebsi.<\/li>\n<li>Ai\/ajo ka \u00e7rregullime me t\u00eb ushqyerit.<\/li>\n<li>Ai\/ajo b\u00ebhet agresiv\u00b7e.<\/li>\n<li>Ai\/ajo izolohet dhe mbyllet n\u00eb vetvete.<\/li>\n<li>Ai\/ajo tregon vet\u00ebbesim t\u00eb ul\u00ebt.<\/li>\n<\/ul>\n<h3>F\u00ebmija im \u00ebsht\u00eb objekt i k\u00ebrc\u00ebnimit kibernetik. \u00c7far\u00eb mund t\u00eb b\u00ebj?<\/h3>\n<ul>\n<li>Un\u00eb i k\u00ebrkoj t\u00eb m\u00eb p\u00ebrshkruaj\u00eb situat\u00ebn n\u00eb t\u00eb cil\u00ebn ai\/ajo ndodhet.<\/li>\n<li>Un\u00eb e d\u00ebgjoj pa e gjykuar.<\/li>\n<li>Un\u00eb i k\u00ebrkoj n\u00ebse mund t\u00eb konsultoj mesazhet, fotot apo videot q\u00eb qarkullojn\u00eb n\u00eb internet p\u00ebr t\u00eb.<\/li>\n<li>Un\u00eb e njoftoj m\u00ebsues\u00b7in\/en e tij\/saj dhe drejtorin\u00eb e shkoll\u00ebs q\u00eb ta marr\u00eb situat\u00ebn n\u00eb dor\u00eb e t\u2019i jap\u00eb sa m\u00eb par\u00eb fund asaj.<\/li>\n<li>E di q\u00eb n\u00eb var\u00ebsi t\u00eb fakteve, ligji mund ta mbroj\u00eb f\u00ebmij\u00ebn tim.<\/li>\n<li>Me p\u00eblqimin e f\u00ebmij\u00ebs tim, un\u00eb mbledh dhe ruaj prova (foto, video ose shkrepje t\u00eb mesazheve n\u00eb ekran).<\/li>\n<li>Mund t\u00eb kontaktoj me telefon stacionin m\u00eb t\u00eb af\u00ebrt t\u00eb policis\u00eb p\u00ebr t\u00eb raportuar rastin.<\/li>\n<li>Sipas k\u00ebshillave t\u00eb policis\u00eb,\n<ul>\n<li>Me prova shkoj n\u00eb komisariat me ose pa f\u00ebmij\u00ebn tim.<\/li>\n<li>B\u00ebj ankes\u00eb.<\/li>\n<li>Un\u00eb sinjalizoj p\u00ebrmbajtjen dhe bllokoj llogarin\u00eb e k\u00ebrc\u00ebnues-ve\/eve.<\/li>\n<\/ul>\n<\/li>\n<\/ul>\n<h3>P\u00ebr t\u00eb m\u00eb ndihmuar q\u00eb t\u00eb mb\u00ebshtes f\u00ebmij\u00ebn tim:<\/h3>\n<ul>\n<li>E di q\u00eb ai\/ajo \u00ebsht\u00eb viktim\u00eb. Faj\u00ebsimi i tij\/saj nuk do t\u00eb zgjidh\u00eb situat\u00ebn dhe nuk do krijoj\u00eb besim te ai\/ajo p\u00ebr t\u00eb m\u00eb treguar dhe dh\u00ebn\u00eb sa m\u00eb shum\u00eb informacione.<\/li>\n<li>Jam i duruesh\u00ebm\/e durueshme. F\u00ebmija im ka nevoj\u00eb p\u00ebr koh\u00eb p\u00ebr t\u00eb treguar se \u00e7far\u00eb i ndodh.<\/li>\n<li>I propozoj mb\u00ebshtetje psikologjike f\u00ebmij\u00ebs tim.<\/li>\n<\/ul>\n<h3>N\u00ebse f\u00ebmija im \u00ebsht\u00eb d\u00ebshmitar i ngacmimit e k\u00ebrc\u00ebnimit kibernetik:<\/h3>\n<ul>\n<li>Un\u00eb i shpjegoj atij se roli i tij\/saj \u00ebsht\u00eb vendimtar dhe mund t\u2019u lejoj\u00eb t\u00eb rriturve t\u00eb identifikojn\u00eb situat\u00ebn dhe t\u00eb marrin p\u00ebrgjegj\u00ebsi p\u00ebr t\u00eb.\n<ul>\n<li>E ftoj t\u00eb m\u00eb flas\u00eb ose t\u2019i besohet nj\u00eb t\u00eb rrituri n\u00eb shkoll\u00ebn e tij, te i cili ka besim.<\/li>\n<li>I k\u00ebrkoj q\u00eb t\u00eb mos marr\u00eb pjes\u00eb n\u00eb tallje.<\/li>\n<li>Un\u00eb e inkurajoj q\u00eb t\u00eb shpreh\u00eb mb\u00ebshtetjen e tij p\u00ebr viktim\u00ebn.<\/li>\n<li>N\u00ebse f\u00ebmija im ka frik\u00eb nga hakmarrja, n\u00ebse e shpreh mospajtimin e tij\/saj me situat\u00ebn, e k\u00ebshilloj q\u00eb t\u00eb flas\u00eb me miqt\u00eb e tij\/saj dhe t\u00eb shoh\u00eb n\u00ebse ata mund t\u00eb veprojn\u00eb s\u00eb bashku.<\/li>\n<\/ul>\n<\/li>\n<\/ul>","protected":false},"excerpt":{"rendered":"<p>Ngacmimi kibernetik P\u00ebrdorimi i mjeteve dixhitale \u00e7on n\u00eb shp\u00ebrndarjen m\u00eb t\u00eb gjer\u00eb e t\u00eb shpejt\u00eb, pa limit vendi ose kohe [&hellip;]<\/p>","protected":false},"author":9,"featured_media":0,"parent":1907,"menu_order":5,"comment_status":"closed","ping_status":"closed","template":"","meta":{"_acf_changed":false,"footnotes":""},"class_list":["post-2791","page","type-page","status-publish","hentry"],"acf":[],"_links":{"self":[{"href":"https:\/\/vivreaveclesecrans.actioninnocence.org\/sq\/wp-json\/wp\/v2\/pages\/2791","targetHints":{"allow":["GET"]}}],"collection":[{"href":"https:\/\/vivreaveclesecrans.actioninnocence.org\/sq\/wp-json\/wp\/v2\/pages"}],"about":[{"href":"https:\/\/vivreaveclesecrans.actioninnocence.org\/sq\/wp-json\/wp\/v2\/types\/page"}],"author":[{"embeddable":true,"href":"https:\/\/vivreaveclesecrans.actioninnocence.org\/sq\/wp-json\/wp\/v2\/users\/9"}],"replies":[{"embeddable":true,"href":"https:\/\/vivreaveclesecrans.actioninnocence.org\/sq\/wp-json\/wp\/v2\/comments?post=2791"}],"version-history":[{"count":9,"href":"https:\/\/vivreaveclesecrans.actioninnocence.org\/sq\/wp-json\/wp\/v2\/pages\/2791\/revisions"}],"predecessor-version":[{"id":4764,"href":"https:\/\/vivreaveclesecrans.actioninnocence.org\/sq\/wp-json\/wp\/v2\/pages\/2791\/revisions\/4764"}],"up":[{"embeddable":true,"href":"https:\/\/vivreaveclesecrans.actioninnocence.org\/sq\/wp-json\/wp\/v2\/pages\/1907"}],"wp:attachment":[{"href":"https:\/\/vivreaveclesecrans.actioninnocence.org\/sq\/wp-json\/wp\/v2\/media?parent=2791"}],"curies":[{"name":"wp","href":"https:\/\/api.w.org\/{rel}","templated":true}]}}