{"id":2789,"date":"2024-09-24T09:06:24","date_gmt":"2024-09-24T07:06:24","guid":{"rendered":"https:\/\/vivreaveclesecrans.actioninnocence.org\/?page_id=2789"},"modified":"2024-10-10T16:43:23","modified_gmt":"2024-10-10T14:43:23","slug":"ekspozimi-ndaj-permbajtjeve-te-dhunshme-ose-pornografike","status":"publish","type":"page","link":"https:\/\/vivreaveclesecrans.actioninnocence.org\/sq\/te-jetosh-me-ekrane\/ekspozimi-ndaj-permbajtjeve-te-dhunshme-ose-pornografike\/","title":{"rendered":"Ekspozimi ndaj p\u00ebrmbajtjeve t\u00eb dhunshme ose pornografike"},"content":{"rendered":"<h3>Kjo lloj p\u00ebrmbajtjeje mund t\u00eb shfaqet:<\/h3>\n<ul>\n<li>N\u00eb nj\u00eb mesazh (me email, me mesazh, etj.)<\/li>\n<li>Gjat\u00eb k\u00ebrkimeve n\u00eb Internet<\/li>\n<li>N\u00eb rrjetet sociale<\/li>\n<li>Kur ai\/ajo luan nj\u00eb video loj\u00eb ose shikon nj\u00eb seri apo film q\u00eb nuk \u00ebsht\u00eb i p\u00ebrshtatsh\u00ebm p\u00ebr mosh\u00ebn e tij\/saj<\/li>\n<\/ul>\n<h3>Un\u00eb e m\u00ebsoj at\u00eb t\u00eb mbrohet:<\/h3>\n<ul>\n<li>\u00cbsht\u00eb e r\u00ebnd\u00ebsishme t\u00eb mos klikoj\u00eb n\u00eb nj\u00eb lidhje q\u00eb nj\u00eb i panjohur i d\u00ebrgon me email, me mesazhe ose n\u00eb rrjetet sociale.<\/li>\n<li>Gjat\u00eb k\u00ebrkimeve n\u00eb Internet, mund t\u00eb shfaqen p\u00ebrmbajtje t\u00eb pap\u00ebrshtatshme edhe pse k\u00ebrkimi nuk ka lidhje me nj\u00eb subjekt t\u00eb dhunsh\u00ebm apo pornografik.<\/li>\n<li>N\u00eb rrjetet sociale, nj\u00eb p\u00ebrmbajtje trondit\u00ebse mund t\u00eb shfaqet para tij gjat\u00eb prurjeve t\u00eb informacioneve t\u00eb fundit.<\/li>\n<\/ul>\n<h3>Un\u00eb e shoq\u00ebroj:<\/h3>\n<ul>\n<li>Interesohem p\u00ebr personalitetet (ndikues-it\/et) dhe dhe p\u00ebrmbajtjet q\u00eb ndjek f\u00ebmija im n\u00eb Internet dhe n\u00eb rrjetet sociale.<\/li>\n<li>Ja b\u00ebj t\u00eb qart\u00eb se ai\/ajo mund t\u00eb m\u00eb kontaktoj\u00eb n\u00eb \u00e7do moment edhe n\u00ebse \u00ebsht\u00eb i turbulluar nga p\u00ebrmbajtja q\u00eb ai\/ajo ka par\u00eb.<\/li>\n<li>E k\u00ebshilloj at\u00eb t\u00eb p\u00ebrcaktoj\u00eb t\u00eb rriturit e besuesh\u00ebm me t\u00eb cil\u00ebt ai\/ajo mund t\u00eb flas\u00eb (m\u00ebsues-it\/et, infermier-\u00ebt\/et e shkoll\u00ebs etj.).<\/li>\n<li>N\u00eb var\u00ebsi t\u00eb mosh\u00ebs s\u00eb tij\/saj, un\u00eb instaloj kontrollin prind\u00ebror.<\/li>\n<\/ul>\n<h3>Un\u00eb i shpjegoj atij pse ai\/ajo nuk duhet ta shp\u00ebrndaj\u00eb k\u00ebt\u00eb lloj p\u00ebrmbajtjeje:<\/h3>\n<ul>\n<li>Nj\u00eb p\u00ebrmbajtje e dhunshme ose pornografike mund t\u00eb trondis\u00eb t\u00eb tjer\u00ebt.<\/li>\n<li>Kjo lloj p\u00ebrmbajtjeje mund t\u00eb jet\u00eb e paligjshme. Mbajtja dhe shp\u00ebrndarja e tij mund t\u00eb d\u00ebnohet me ligj.<\/li>\n<li>N\u00eb Zvic\u00ebr, f\u00ebmija im, sipas ligjit, \u00ebsht\u00eb p\u00ebrgjegj\u00ebs p\u00ebr veprimet e tij q\u00eb nga mosha 10 vje\u00e7.<\/li>\n<\/ul>\n<h3>Kam arsye t\u00eb shqet\u00ebsohem n\u00ebse:<\/h3>\n<ul>\n<li>F\u00ebmija im kalon gjithnj\u00eb e m\u00eb shum\u00eb koh\u00eb n\u00eb Internet ose n\u00eb t\u00eb kund\u00ebrt\u00ebn shmang hyrjen n\u00eb Internet.<\/li>\n<li>Ai\/ajo ka mungesa t\u00eb shumta n\u00eb shkoll\u00eb.<\/li>\n<li>Rezultatet e tij shkollore jan\u00eb n\u00eb r\u00ebnie.<\/li>\n<li>Ai\/ajo ka dhimbje koke ose barku.<\/li>\n<li>Ai\/ajo ka pagjum\u00ebsi.<\/li>\n<li>Ai\/ajo b\u00ebhet agresiv\/e.<\/li>\n<li>Ai\/ajo izolohet dhe mbyllet n\u00eb vetvete.<\/li>\n<\/ul>\n<h3>F\u00ebmija im \u00ebsht\u00eb i ekspozuar ndaj p\u00ebrmbajtjeve t\u00eb dhunshme ose pornografike. \u00c7far\u00eb mund t\u00eb b\u00ebj?<\/h3>\n<ul>\n<li>Un\u00eb e d\u00ebgjoj dhe e inkurajoj t\u00eb flas\u00eb.<\/li>\n<li>Un\u00eb e ndihmoj t\u00eb kuptoj\u00eb at\u00eb q\u00eb ka par\u00eb dhe i jap siguri:\n<ul>\n<li>Un\u00eb i krijoj mund\u00ebsin\u00eb t\u00eb shpreh\u00eb emocionet e tij\/saj. F\u00ebmija im mund t\u00eb ndiej\u00eb frik\u00eb, ankth, neveri, siklet etj.<\/li>\n<li>Un\u00eb nuk e gjykoj at\u00eb.<\/li>\n<li>Un\u00eb i jap shpjegime n\u00eb p\u00ebrshtatje me mosh\u00ebn dhe nivelin e tij\/saj gjuh\u00ebsor. Sa m\u00eb i ri\/e re t\u00eb jet\u00eb aq m\u00eb thjesht duhet t\u00eb zgjidhen fjal\u00ebt.<\/li>\n<li>Un\u00eb mbetem i p\u00ebrgjithsh\u00ebm n\u00eb shpjegimet e mia dhe i jap mund\u00ebsin\u00eb f\u00ebmij\u00ebs tim t\u00eb b\u00ebj\u00eb pyetje, q\u00eb e ndihmojn\u00eb t\u00eb identifikoj\u00eb se \u00e7far\u00eb e intereson dhe e shqet\u00ebson at\u00eb.<\/li>\n<\/ul>\n<\/li>\n<\/ul>","protected":false},"excerpt":{"rendered":"<p>Kjo lloj p\u00ebrmbajtjeje mund t\u00eb shfaqet: N\u00eb nj\u00eb mesazh (me email, me mesazh, etj.) Gjat\u00eb k\u00ebrkimeve n\u00eb Internet N\u00eb rrjetet [&hellip;]<\/p>","protected":false},"author":9,"featured_media":0,"parent":1907,"menu_order":4,"comment_status":"closed","ping_status":"closed","template":"","meta":{"_acf_changed":false,"footnotes":""},"class_list":["post-2789","page","type-page","status-publish","hentry"],"acf":[],"_links":{"self":[{"href":"https:\/\/vivreaveclesecrans.actioninnocence.org\/sq\/wp-json\/wp\/v2\/pages\/2789","targetHints":{"allow":["GET"]}}],"collection":[{"href":"https:\/\/vivreaveclesecrans.actioninnocence.org\/sq\/wp-json\/wp\/v2\/pages"}],"about":[{"href":"https:\/\/vivreaveclesecrans.actioninnocence.org\/sq\/wp-json\/wp\/v2\/types\/page"}],"author":[{"embeddable":true,"href":"https:\/\/vivreaveclesecrans.actioninnocence.org\/sq\/wp-json\/wp\/v2\/users\/9"}],"replies":[{"embeddable":true,"href":"https:\/\/vivreaveclesecrans.actioninnocence.org\/sq\/wp-json\/wp\/v2\/comments?post=2789"}],"version-history":[{"count":4,"href":"https:\/\/vivreaveclesecrans.actioninnocence.org\/sq\/wp-json\/wp\/v2\/pages\/2789\/revisions"}],"predecessor-version":[{"id":4763,"href":"https:\/\/vivreaveclesecrans.actioninnocence.org\/sq\/wp-json\/wp\/v2\/pages\/2789\/revisions\/4763"}],"up":[{"embeddable":true,"href":"https:\/\/vivreaveclesecrans.actioninnocence.org\/sq\/wp-json\/wp\/v2\/pages\/1907"}],"wp:attachment":[{"href":"https:\/\/vivreaveclesecrans.actioninnocence.org\/sq\/wp-json\/wp\/v2\/media?parent=2789"}],"curies":[{"name":"wp","href":"https:\/\/api.w.org\/{rel}","templated":true}]}}