{"id":2784,"date":"2024-09-23T17:46:16","date_gmt":"2024-09-23T15:46:16","guid":{"rendered":"https:\/\/vivreaveclesecrans.actioninnocence.org\/?page_id=2784"},"modified":"2024-10-03T17:04:27","modified_gmt":"2024-10-03T15:04:27","slug":"femija-im-perdor-internetin-dhe-rrjetet-sociale","status":"publish","type":"page","link":"https:\/\/vivreaveclesecrans.actioninnocence.org\/sq\/te-jetosh-me-ekrane\/femija-im-perdor-internetin-dhe-rrjetet-sociale\/","title":{"rendered":"F\u00ebmija im p\u00ebrdor internetin dhe rrjetet sociale"},"content":{"rendered":"<h3>E di q\u00eb interneti dhe rrjetet sociale i krijojn\u00eb atij\/asaj mund\u00ebsin\u00eb t\u00eb:<\/h3>\n<ul>\n<li>Q\u00ebndroj\u00eb n\u00eb kontakt me miqt\u00eb e tij\/saj<\/li>\n<li>Marr\u00eb pjes\u00eb n\u00eb diskutime q\u00eb jan\u00eb t\u00eb r\u00ebnd\u00ebsishme p\u00ebr t\u00eb<\/li>\n<li>Jet\u00eb i\/e vler\u00ebsuar dhe i\/e njohur nga t\u00eb tjer\u00ebt<\/li>\n<li>Zhvilloj\u00eb shpirtin krijues dhe imagjinat\u00ebn e tij<\/li>\n<li>B\u00ebj\u00eb k\u00ebrkime<\/li>\n<li>M\u00ebsoj\u00eb dhe zbuloj\u00eb gj\u00ebra t\u00eb reja<\/li>\n<\/ul>\n<h3>Un\u00eb e m\u00ebsoj at\u00eb t\u00eb mbrohet:<\/h3>\n<ul>\n<li>N\u00eb Internet, \u00ebsht\u00eb e r\u00ebnd\u00ebsishme t\u00eb mbroj\u00eb informacionet e tij personale, jet\u00ebn e tij private dhe intimitetin e tij.<\/li>\n<li>\u00cbsht\u00eb e r\u00ebnd\u00ebsishme t\u00eb p\u00ebrdoren fjal\u00ebkalime t\u00eb ndryshme, t\u00eb ndryshohen rregullisht dhe t\u00eb mbahen t\u00eb fshehta.<\/li>\n<li>Publikimet e tij\/saj (foto, video, mesazhe etj.) mbeten p\u00ebrgjithmon\u00eb n\u00eb Internet dhe i krijojn\u00eb nj\u00eb imazh (p\u00ebrshtypjen q\u00eb t\u00eb tjer\u00ebt krijojn\u00eb p\u00ebr t\u00eb).<\/li>\n<li>T\u00eb dh\u00ebnat personale q\u00eb ai\/ajo poston mund t\u00eb p\u00ebrdoren kund\u00ebr tij\/saj.<\/li>\n<li>Njer\u00ebzit q\u00eb ai\/ajo takon n\u00eb Internet mund ta g\u00ebnjejn\u00eb. Asnj\u00ebher\u00eb nuk e dim\u00eb se kush mund t\u00eb fshihet pas ekranit.<\/li>\n<li>Disa p\u00ebrmbajtje n\u00eb Internet nuk jan\u00eb p\u00ebr mosh\u00ebn e tij\/saj dhe mund ta trondisin at\u00eb.<\/li>\n<li>N\u00ebse nj\u00eb foto e tij\/saj \u00ebsht\u00eb publikuar pa p\u00eblqimin e tij\/saj, ai\/ajo ka t\u00eb drejt\u00eb t\u00eb k\u00ebrkoj\u00eb fshirjen e saj.<\/li>\n<\/ul>\n<h3>I shpjegoj se Interneti nuk \u00ebsht\u00eb nj\u00eb hap\u00ebsir\u00eb pa ligj:<\/h3>\n<ul>\n<li>Sipas ligjit, \u00ebsht\u00eb e ndaluar:\n<ul>\n<li>T\u00eb fyesh ose t\u00eb k\u00ebrc\u00ebnosh nj\u00eb person n\u00eb Internet;<\/li>\n<li>T\u00eb d\u00ebmtosh reputacionin e tij\/saj;<\/li>\n<li>T\u00eb publikosh nj\u00eb foto ose video pa p\u00eblqimin e personit q\u00eb shfaqet n\u00eb t\u00eb.<\/li>\n<\/ul>\n<\/li>\n<li>N\u00ebse f\u00ebmija im gjendet n\u00eb nj\u00eb nga k\u00ebto situata, ai\/ajo ka t\u00eb drejt\u00eb t\u00eb b\u00ebj\u00eb ankes\u00eb.<\/li>\n<li>N\u00eb Zvic\u00ebr, sipas ligjit, f\u00ebmija im \u00ebsht\u00eb p\u00ebrgjegj\u00ebs p\u00ebr veprimet e tij q\u00eb nga mosha 10 vje\u00e7.<\/li>\n<\/ul>\n<h3>Un\u00eb e shoq\u00ebroj:<\/h3>\n<ul>\n<li>Un\u00eb e ndihmoj f\u00ebmij\u00ebn tim t\u00eb vendos\u00eb p\u00ebrmasat e privat\u00ebsis\u00eb n\u00eb rrjetet sociale.<\/li>\n<li>Un\u00eb informohem p\u00ebr aplikacionet q\u00eb ai\/ajo shkarkon.<\/li>\n<li>Un\u00eb jam aty p\u00ebr t\u2019iu p\u00ebrgjigjur n\u00ebse ai\/ajo ka pyetje ose p\u00ebrballet me nj\u00eb situat\u00eb t\u00eb v\u00ebshtir\u00eb.<\/li>\n<li>Un\u00eb e reduktoj koh\u00ebn time para ekranit p\u00ebr t\u00eb dh\u00ebn\u00eb shembull para tij\/saj.<\/li>\n<\/ul>\n<h3>Un\u00eb vendos rregulla:<\/h3>\n<ul>\n<li>Un\u00eb kufizoj koh\u00ebn para ekranit n\u00eb m\u00ebnyr\u00eb q\u00eb f\u00ebmija im t\u00eb mund:\n<ul>\n<li>T\u00eb ushtrohet fizikisht;<\/li>\n<li>T\u00eb flej\u00eb mjaftuesh\u00ebm;<\/li>\n<li>T\u00eb b\u00ebj\u00eb aktivitete t\u00eb larmishme.<\/li>\n<\/ul>\n<\/li>\n<li>Un\u00eb i diskutoj rregullat me t\u00eb.<\/li>\n<li>Un\u00eb i propozoj t\u2019i shkruaj\u00eb rregullat dhe t\u2019i afishoj\u00eb ato.<\/li>\n<li>Un\u00eb i p\u00ebrshtas rregullat sipas mosh\u00ebs s\u00eb f\u00ebmij\u00ebs tim.<\/li>\n<li>Un\u00eb i flas p\u00ebr pasojat e mos respektimit t\u00eb rregullave.<\/li>\n<\/ul>\n<h3>Un\u00eb kam t\u00eb drejt\u00eb t\u00eb shqet\u00ebsohem n\u00ebse:<\/h3>\n<ul>\n<li>F\u00ebmija im kalon gjithnj\u00eb e m\u00eb shum\u00eb koh\u00eb n\u00eb Internet dhe shmang aktivitetet e tjera.<\/li>\n<li>Ai\/ajo kalon m\u00eb pak koh\u00eb me shok\u00ebt\/shoqet e tij\/saj.<\/li>\n<li>Ai\/ajo ka mungesa t\u00eb shumta n\u00eb shkoll\u00eb.<\/li>\n<li>Rezultatet e tij\/saj shkollore jan\u00eb n\u00eb r\u00ebnie.<\/li>\n<li>Ai\/ajo ka pagjum\u00ebsi.<\/li>\n<li>Ai\/ajo b\u00ebhet agresiv\/e.<\/li>\n<li>Ai\/ajo izolohet dhe mbyllet n\u00eb vetvete.<\/li>\n<\/ul>","protected":false},"excerpt":{"rendered":"<p>E di q\u00eb interneti dhe rrjetet sociale i krijojn\u00eb atij\/asaj mund\u00ebsin\u00eb t\u00eb: Q\u00ebndroj\u00eb n\u00eb kontakt me miqt\u00eb e tij\/saj Marr\u00eb [&hellip;]<\/p>","protected":false},"author":9,"featured_media":0,"parent":1907,"menu_order":3,"comment_status":"closed","ping_status":"closed","template":"","meta":{"_acf_changed":false,"footnotes":""},"class_list":["post-2784","page","type-page","status-publish","hentry"],"acf":[],"_links":{"self":[{"href":"https:\/\/vivreaveclesecrans.actioninnocence.org\/sq\/wp-json\/wp\/v2\/pages\/2784","targetHints":{"allow":["GET"]}}],"collection":[{"href":"https:\/\/vivreaveclesecrans.actioninnocence.org\/sq\/wp-json\/wp\/v2\/pages"}],"about":[{"href":"https:\/\/vivreaveclesecrans.actioninnocence.org\/sq\/wp-json\/wp\/v2\/types\/page"}],"author":[{"embeddable":true,"href":"https:\/\/vivreaveclesecrans.actioninnocence.org\/sq\/wp-json\/wp\/v2\/users\/9"}],"replies":[{"embeddable":true,"href":"https:\/\/vivreaveclesecrans.actioninnocence.org\/sq\/wp-json\/wp\/v2\/comments?post=2784"}],"version-history":[{"count":2,"href":"https:\/\/vivreaveclesecrans.actioninnocence.org\/sq\/wp-json\/wp\/v2\/pages\/2784\/revisions"}],"predecessor-version":[{"id":3453,"href":"https:\/\/vivreaveclesecrans.actioninnocence.org\/sq\/wp-json\/wp\/v2\/pages\/2784\/revisions\/3453"}],"up":[{"embeddable":true,"href":"https:\/\/vivreaveclesecrans.actioninnocence.org\/sq\/wp-json\/wp\/v2\/pages\/1907"}],"wp:attachment":[{"href":"https:\/\/vivreaveclesecrans.actioninnocence.org\/sq\/wp-json\/wp\/v2\/media?parent=2784"}],"curies":[{"name":"wp","href":"https:\/\/api.w.org\/{rel}","templated":true}]}}