{"id":2781,"date":"2024-09-23T17:41:53","date_gmt":"2024-09-23T15:41:53","guid":{"rendered":"https:\/\/vivreaveclesecrans.actioninnocence.org\/?page_id=2781"},"modified":"2024-10-14T11:57:10","modified_gmt":"2024-10-14T09:57:10","slug":"femija-im-luan-video-lojera","status":"publish","type":"page","link":"https:\/\/vivreaveclesecrans.actioninnocence.org\/sq\/te-jetosh-me-ekrane\/femija-im-luan-video-lojera\/","title":{"rendered":"F\u00ebmija im luan video loj\u00ebra"},"content":{"rendered":"<h3>E di q\u00eb video loj\u00ebrat i japin atij\/asaj mund\u00ebsin\u00eb:<\/h3>\n<ul>\n<li>T\u00eb k\u00ebnaqet dhe t\u00eb arg\u00ebtohet<\/li>\n<li>T\u00eb zhvilloj\u00eb aft\u00ebsi t\u00eb reja<\/li>\n<li>T\u00eb p\u00ebrparoj\u00eb dhe t\u00eb fitoj\u00eb<\/li>\n<li>T\u00eb jet\u00eb i(e) vler\u00ebsuar<\/li>\n<li>T\u00eb luaj\u00eb me shok\u00ebt dhe shoqet e klas\u00ebs<\/li>\n<li>T\u00eb flas\u00eb me ta\/to<\/li>\n<\/ul>\n<h3>Un\u00eb interesohem p\u00ebr p\u00ebrmbajtjen:<\/h3>\n<ul>\n<li>K\u00ebrkoj informacione n\u00eb internet dhe pran\u00eb prind\u00ebrve t\u00eb tjer\u00eb para se t\u00eb blej nj\u00eb loj\u00eb.<\/li>\n<li>M\u00ebsoj p\u00ebr p\u00ebrmbajtjen dhe mosh\u00ebn e k\u00ebshilluar duke konsultuar <a href=\"https:\/\/pegi.info\/\" target=\"_blank\" rel=\"noopener\">www.pegi.info<\/a>.<\/li>\n<li>Informohem p\u00ebr koh\u00ebzgjatjen e loj\u00ebrave.<\/li>\n<li>E di q\u00eb n\u00eb disa loj\u00ebra ofrohen dhe blerje p\u00ebrmes aplikacionit.<\/li>\n<\/ul>\n<h3>Jam i vet\u00ebdijsh\u00ebm q\u00eb f\u00ebmija im mund t\u00eb luaj\u00eb n\u00eb platforma t\u00eb video loj\u00ebrave n\u00eb internet t\u00eb cilat i mund\u00ebsojn\u00eb t\u00eb:<\/h3>\n<ul>\n<li>Bisedoj\u00eb me lojtar\u00eb\/e t\u00eb tjer-\u00eb\/a q\u00eb ai\/ajo nuk i njeh domosdoshm\u00ebrisht<\/li>\n<li>T\u2019u d\u00ebrgoj\u00eb mesazhe, fotografi e video<\/li>\n<\/ul>\n<h3>E m\u00ebsoj at\u00eb t\u00eb mbroj\u00eb veten:<\/h3>\n<ul>\n<li>N\u00eb internet, \u00ebsht\u00eb e r\u00ebnd\u00ebsishme t\u00eb mbroni informacionet e tij personale, privat\u00ebsin\u00eb dhe intimitetin e tij.<\/li>\n<li>\u00cbsht\u00eb e nevojshme t\u00eb p\u00ebrdorni fjal\u00ebkalime t\u00eb ndryshme, t\u2019i ndryshoni rregullisht dhe t\u2019i mbani t\u00eb fshehta.<\/li>\n<li>Publikimet e tij (foto, video, mesazhe etj.) mbeten p\u00ebrgjithmon\u00eb n\u00eb internet dhe krijojn\u00eb p\u00ebr t\u00eb nj\u00eb imazh (p\u00ebrshtypjet q\u00eb t\u00eb tjer\u00ebt krijojn\u00eb p\u00ebr t\u00eb).<\/li>\n<li>T\u00eb dh\u00ebnat personale q\u00eb ai\/ajo poston mund t\u00eb p\u00ebrdoren kund\u00ebr tij\/saj.<\/li>\n<li>Njer\u00ebzit q\u00eb ai\/ajo takon mund t\u00eb g\u00ebnjejn\u00eb. Nuk dihet asnj\u00ebher\u00eb se kush fshihet pas ekranit.<\/li>\n<li>Disa p\u00ebrmbajtje nuk jan\u00eb p\u00ebr mosh\u00ebn e tij\/saj dhe mund ta trondisin at\u00eb.<\/li>\n<\/ul>\n<h3>Un\u00eb i shpjegoj atij\/asaj se platformat e video loj\u00ebrave n\u00eb internet nuk jan\u00eb hap\u00ebsira pa ligj:<\/h3>\n<ul>\n<li>Sipas ligjit, \u00ebsht\u00eb e ndaluar:\n<ul>\n<li>T\u00eb fyej\u00eb ose k\u00ebrc\u00ebnoj\u00eb nj\u00eb person n\u00eb k\u00ebto platforma;<\/li>\n<li>T\u00eb d\u00ebmtoj\u00eb reputacionin e dikujt;<\/li>\n<li>T\u00eb publikoj\u00eb nj\u00eb foto ose video pa p\u00eblqimin e personit q\u00eb shfaqet n\u00eb t\u00eb.<\/li>\n<\/ul>\n<\/li>\n<li>N\u00ebse f\u00ebmija im gjendet n\u00eb nj\u00eb nga k\u00ebto situata, ai\/ajo ka t\u00eb drejt\u00eb t\u00eb b\u00ebj\u00eb ankes\u00eb.<\/li>\n<li>N\u00eb Zvic\u00ebr, sipas ligjit, f\u00ebmija im \u00ebsht\u00eb p\u00ebrgjegj\u00ebs p\u00ebr veprimet e tij q\u00eb nga mosha 10 vje\u00e7.<\/li>\n<\/ul>\n<h3>Un\u00eb vendos rregulla:<\/h3>\n<ul>\n<li>Kufizoj koh\u00ebn para ekranit n\u00eb m\u00ebnyr\u00eb q\u00eb f\u00ebmija im t\u00eb mund:\n<ul>\n<li>T\u00eb ushtrohet fizikisht;<\/li>\n<li>T\u00eb flej\u00eb mjaftuesh\u00ebm;<\/li>\n<li>T\u00eb b\u00ebj\u00eb aktivitete t\u00eb larmishme.<\/li>\n<\/ul>\n<\/li>\n<li>I diskutoj rregullat me t\u00eb.<\/li>\n<li>I propozoj t\u2019i shkruaj\u00eb rregullat dhe t\u2019i afishoj\u00eb ato.<\/li>\n<li>Un\u00eb i ndryshoj rregullat n\u00eb var\u00ebsi t\u00eb mosh\u00ebs s\u00eb f\u00ebmij\u00ebs tim.<\/li>\n<li>I flas p\u00ebr pasojat e shkeljes s\u00eb rregullave.<\/li>\n<\/ul>\n<h3>P\u00ebr t\u00eb m\u00eb ndihmuar q\u00eb t\u00eb ruaj rregullat:<\/h3>\n<ul>\n<li>Un\u00eb vendos rregulla dhe kufizime p\u00ebr t\u00eb mir\u00ebn e f\u00ebmij\u00ebs tim.<\/li>\n<li>E m\u00ebsoj at\u00eb t\u00eb kontrolloj\u00eb emocionet e tij, kur ai\/ajo luan dhe kur ai\/ajo ndalon loj\u00ebn.<\/li>\n<li>Un\u00eb instaloj kontrollin prind\u00ebror.<\/li>\n<li>P\u00ebrdor nj\u00eb koh\u00ebmat\u00ebs p\u00ebr t\u00eb kufizuar koh\u00ebzgjatjen e loj\u00ebs.<\/li>\n<li>Un\u00eb reduktoj koh\u00ebn time para ekranit p\u00ebr t\u2019i dh\u00ebn\u00eb nj\u00eb shembull.<\/li>\n<li>Gjej koh\u00eb p\u00ebr t\u00eb par\u00eb f\u00ebmij\u00ebn tim duke luajtur, e p\u00ebrg\u00ebzoj dhe e inkurajoj.<\/li>\n<li>Un\u00eb luaj nj\u00eb video loj\u00eb me t\u00eb.<\/li>\n<\/ul>\n<h3>Kam arsye t\u00eb shqet\u00ebsohem n\u00ebse:<\/h3>\n<ul>\n<li>F\u00ebmija im kalon gjithnj\u00eb e m\u00eb shum\u00eb koh\u00eb duke luajtur dhe shmang aktivitetet e tjera.<\/li>\n<li>Ai\/ajo zem\u00ebrohet rregullisht n\u00ebse nuk mund t\u00eb luaj\u00eb ose duhet t\u00eb ndaloj\u00eb loj\u00ebn.<\/li>\n<li>Ai\/ajo ka mungesa t\u00eb shumta n\u00eb shkoll\u00eb.<\/li>\n<li>Rezultatet e tij shkollore jan\u00eb n\u00eb r\u00ebnie.<\/li>\n<li>Ai\/ajo ka pagjum\u00ebsi.<\/li>\n<li>Ai\/ajo b\u00ebhet agresiv\/e.<\/li>\n<li>Ai\/ajo izolohet dhe mbyllet n\u00eb vetvete.<\/li>\n<\/ul>","protected":false},"excerpt":{"rendered":"<p>E di q\u00eb video loj\u00ebrat i japin atij\/asaj mund\u00ebsin\u00eb: T\u00eb k\u00ebnaqet dhe t\u00eb arg\u00ebtohet T\u00eb zhvilloj\u00eb aft\u00ebsi t\u00eb reja T\u00eb [&hellip;]<\/p>","protected":false},"author":9,"featured_media":0,"parent":1907,"menu_order":2,"comment_status":"closed","ping_status":"closed","template":"","meta":{"_acf_changed":false,"footnotes":""},"class_list":["post-2781","page","type-page","status-publish","hentry"],"acf":[],"_links":{"self":[{"href":"https:\/\/vivreaveclesecrans.actioninnocence.org\/sq\/wp-json\/wp\/v2\/pages\/2781","targetHints":{"allow":["GET"]}}],"collection":[{"href":"https:\/\/vivreaveclesecrans.actioninnocence.org\/sq\/wp-json\/wp\/v2\/pages"}],"about":[{"href":"https:\/\/vivreaveclesecrans.actioninnocence.org\/sq\/wp-json\/wp\/v2\/types\/page"}],"author":[{"embeddable":true,"href":"https:\/\/vivreaveclesecrans.actioninnocence.org\/sq\/wp-json\/wp\/v2\/users\/9"}],"replies":[{"embeddable":true,"href":"https:\/\/vivreaveclesecrans.actioninnocence.org\/sq\/wp-json\/wp\/v2\/comments?post=2781"}],"version-history":[{"count":4,"href":"https:\/\/vivreaveclesecrans.actioninnocence.org\/sq\/wp-json\/wp\/v2\/pages\/2781\/revisions"}],"predecessor-version":[{"id":4858,"href":"https:\/\/vivreaveclesecrans.actioninnocence.org\/sq\/wp-json\/wp\/v2\/pages\/2781\/revisions\/4858"}],"up":[{"embeddable":true,"href":"https:\/\/vivreaveclesecrans.actioninnocence.org\/sq\/wp-json\/wp\/v2\/pages\/1907"}],"wp:attachment":[{"href":"https:\/\/vivreaveclesecrans.actioninnocence.org\/sq\/wp-json\/wp\/v2\/media?parent=2781"}],"curies":[{"name":"wp","href":"https:\/\/api.w.org\/{rel}","templated":true}]}}