{"id":2779,"date":"2024-09-23T17:34:54","date_gmt":"2024-09-23T15:34:54","guid":{"rendered":"https:\/\/vivreaveclesecrans.actioninnocence.org\/?page_id=2779"},"modified":"2024-10-03T17:03:53","modified_gmt":"2024-10-03T15:03:53","slug":"per-nje-perdorim-te-shendetshem-te-ekraneve-te-me-te-vegjlit-0-6-vjec","status":"publish","type":"page","link":"https:\/\/vivreaveclesecrans.actioninnocence.org\/sq\/te-jetosh-me-ekrane\/per-nje-perdorim-te-shendetshem-te-ekraneve-te-me-te-vegjlit-0-6-vjec\/","title":{"rendered":"P\u00ebr nj\u00eb p\u00ebrdorim t\u00eb sh\u00ebndetsh\u00ebm t\u00eb ekraneve te m\u00eb t\u00eb vegjlit (0-6 vje\u00e7)"},"content":{"rendered":"<ul>\n<li>N\u00ebse f\u00ebmija im \u00ebsht\u00eb n\u00ebn 3 vje\u00e7, nuk e l\u00eb at\u00eb t\u00eb kaloj\u00eb koh\u00eb para ekraneve.<\/li>\n<li>Un\u00eb favorizoj loj\u00ebn e lir\u00eb, aktivitetin fizik dhe nd\u00ebrveprimet me ata q\u00eb e rrethojn\u00eb.<\/li>\n<li>Un\u00eb vendos rregulla p\u00ebr p\u00ebrdorimin e ekraneve q\u00eb n\u00eb mosh\u00eb shum\u00eb t\u00eb vog\u00ebl.<\/li>\n<li>Un\u00eb respektoj treguesin e moshave n\u00eb programe, loj\u00ebra dhe aplikacione.<\/li>\n<li>Un\u00eb zgjedh p\u00ebrmbajtjen q\u00eb shfaqet bazuar n\u00eb mosh\u00ebn e p\u00ebrdorues-it(es) m\u00eb t\u00eb ri\/re.<\/li>\n<li>Un\u00eb i jap p\u00ebrpar\u00ebsi p\u00ebrmbajtjes me karakter nd\u00ebrveprues.<\/li>\n<li>Un\u00eb jam i(e) pranish-\u00ebm(me) dhe diskutoj me f\u00ebmij\u00ebn tim lidhur me materialin q\u00eb ai\/ajo po shikon.<\/li>\n<li>Un\u00eb e inkurajoj t\u00eb flas\u00eb p\u00ebr at\u00eb q\u00eb ndjen.<\/li>\n<li>Un\u00eb nuk e ekspozoj f\u00ebmij\u00ebn tim para ekranit gjat\u00eb vakteve t\u00eb ngr\u00ebnies e para se t\u00eb flej\u00eb.<\/li>\n<li>P\u00ebrdor sa m\u00eb pak ekrane n\u00eb pranin\u00eb e tij\/saj.<\/li>\n<\/ul>\n<h3>Ekranet nuk duhet ta pengojn\u00eb f\u00ebmij\u00ebn tim:<\/h3>\n<ul>\n<li>P\u00ebr t\u00eb zbuluar hap\u00ebsir\u00ebn<\/li>\n<li>P\u00ebr t\u2019u ushtruar fizikisht<\/li>\n<li>P\u00ebr t\u00eb p\u00ebrdorur 5 shqisat e tij<\/li>\n<li>P\u00ebr t\u00eb nd\u00ebrvepruar me ata q\u00eb e rrethojn\u00eb<\/li>\n<li>P\u00ebr t\u00eb zhvilluar t\u00eb folurit e tij<\/li>\n<li>P\u00ebr t\u00eb luajtur me f\u00ebmij\u00ebt e tjer\u00eb<\/li>\n<li>P\u00ebr t\u00eb qen\u00eb krijues(e)<\/li>\n<li>P\u00ebr t\u00eb \u00ebnd\u00ebrruar<\/li>\n<\/ul>","protected":false},"excerpt":{"rendered":"<p>N\u00ebse f\u00ebmija im \u00ebsht\u00eb n\u00ebn 3 vje\u00e7, nuk e l\u00eb at\u00eb t\u00eb kaloj\u00eb koh\u00eb para ekraneve. Un\u00eb favorizoj loj\u00ebn e [&hellip;]<\/p>","protected":false},"author":9,"featured_media":0,"parent":1907,"menu_order":1,"comment_status":"closed","ping_status":"closed","template":"","meta":{"_acf_changed":false,"footnotes":""},"class_list":["post-2779","page","type-page","status-publish","hentry"],"acf":[],"_links":{"self":[{"href":"https:\/\/vivreaveclesecrans.actioninnocence.org\/sq\/wp-json\/wp\/v2\/pages\/2779","targetHints":{"allow":["GET"]}}],"collection":[{"href":"https:\/\/vivreaveclesecrans.actioninnocence.org\/sq\/wp-json\/wp\/v2\/pages"}],"about":[{"href":"https:\/\/vivreaveclesecrans.actioninnocence.org\/sq\/wp-json\/wp\/v2\/types\/page"}],"author":[{"embeddable":true,"href":"https:\/\/vivreaveclesecrans.actioninnocence.org\/sq\/wp-json\/wp\/v2\/users\/9"}],"replies":[{"embeddable":true,"href":"https:\/\/vivreaveclesecrans.actioninnocence.org\/sq\/wp-json\/wp\/v2\/comments?post=2779"}],"version-history":[{"count":3,"href":"https:\/\/vivreaveclesecrans.actioninnocence.org\/sq\/wp-json\/wp\/v2\/pages\/2779\/revisions"}],"predecessor-version":[{"id":3451,"href":"https:\/\/vivreaveclesecrans.actioninnocence.org\/sq\/wp-json\/wp\/v2\/pages\/2779\/revisions\/3451"}],"up":[{"embeddable":true,"href":"https:\/\/vivreaveclesecrans.actioninnocence.org\/sq\/wp-json\/wp\/v2\/pages\/1907"}],"wp:attachment":[{"href":"https:\/\/vivreaveclesecrans.actioninnocence.org\/sq\/wp-json\/wp\/v2\/media?parent=2779"}],"curies":[{"name":"wp","href":"https:\/\/api.w.org\/{rel}","templated":true}]}}