{"id":1907,"date":"2024-06-21T15:50:21","date_gmt":"2024-06-21T13:50:21","guid":{"rendered":"https:\/\/vivreaveclesecrans.actioninnocence.org\/?page_id=1907"},"modified":"2024-09-24T11:42:31","modified_gmt":"2024-09-24T09:42:31","slug":"te-jetosh-me-ekrane","status":"publish","type":"page","link":"https:\/\/vivreaveclesecrans.actioninnocence.org\/sq\/te-jetosh-me-ekrane\/","title":{"rendered":"F\u00ebmij\u00ebt, ekranet, prind\u00ebrit: si t\u00eb jetojn\u00eb s\u00eb bashku?"},"content":{"rendered":"<h2>Prezantimi i Fondacionit<\/h2>\n<p>Action innosence \u00ebsht\u00eb nj\u00eb Fondacion i krijuar n\u00eb vitin 1999 n\u00eb Gjenev\u00eb, q\u00ebllimi i t\u00eb cilit \u00ebsht\u00eb promovimi i p\u00ebrdorimit t\u00eb sh\u00ebndetsh\u00ebm dhe t\u00eb moderuar t\u00eb ekraneve. Ai nd\u00ebrvepron n\u00eb shkolla, zhvillon materiale parandaluese dhe programe trajnimi p\u00ebr profesionist\u00ebt e arsimit e sh\u00ebndet\u00ebsis\u00eb dhe drejton fushata t\u00eb m\u00ebdha nd\u00ebrgjegj\u00ebsimi.<\/p>","protected":false},"excerpt":{"rendered":"<p>Prezantimi i Fondacionit Action innosence \u00ebsht\u00eb nj\u00eb Fondacion i krijuar n\u00eb vitin 1999 n\u00eb Gjenev\u00eb, q\u00ebllimi i t\u00eb cilit \u00ebsht\u00eb [&hellip;]<\/p>","protected":false},"author":1,"featured_media":0,"parent":0,"menu_order":2,"comment_status":"closed","ping_status":"closed","template":"Template-home-Language.php","meta":{"_acf_changed":false,"footnotes":""},"class_list":["post-1907","page","type-page","status-publish","hentry"],"acf":[],"_links":{"self":[{"href":"https:\/\/vivreaveclesecrans.actioninnocence.org\/sq\/wp-json\/wp\/v2\/pages\/1907","targetHints":{"allow":["GET"]}}],"collection":[{"href":"https:\/\/vivreaveclesecrans.actioninnocence.org\/sq\/wp-json\/wp\/v2\/pages"}],"about":[{"href":"https:\/\/vivreaveclesecrans.actioninnocence.org\/sq\/wp-json\/wp\/v2\/types\/page"}],"author":[{"embeddable":true,"href":"https:\/\/vivreaveclesecrans.actioninnocence.org\/sq\/wp-json\/wp\/v2\/users\/1"}],"replies":[{"embeddable":true,"href":"https:\/\/vivreaveclesecrans.actioninnocence.org\/sq\/wp-json\/wp\/v2\/comments?post=1907"}],"version-history":[{"count":11,"href":"https:\/\/vivreaveclesecrans.actioninnocence.org\/sq\/wp-json\/wp\/v2\/pages\/1907\/revisions"}],"predecessor-version":[{"id":2809,"href":"https:\/\/vivreaveclesecrans.actioninnocence.org\/sq\/wp-json\/wp\/v2\/pages\/1907\/revisions\/2809"}],"wp:attachment":[{"href":"https:\/\/vivreaveclesecrans.actioninnocence.org\/sq\/wp-json\/wp\/v2\/media?parent=1907"}],"curies":[{"name":"wp","href":"https:\/\/api.w.org\/{rel}","templated":true}]}}