{"id":2921,"date":"2024-09-25T09:04:45","date_gmt":"2024-09-25T07:04:45","guid":{"rendered":"https:\/\/vivreaveclesecrans.actioninnocence.org\/?page_id=2921"},"modified":"2024-10-10T16:47:45","modified_gmt":"2024-10-10T14:47:45","slug":"bullying-e-ciberbullying-entre-alunos","status":"publish","type":"page","link":"https:\/\/vivreaveclesecrans.actioninnocence.org\/pt-pt\/viver-com-ecras\/bullying-e-ciberbullying-entre-alunos\/","title":{"rendered":"Bullying e ciberbullying entre alunos"},"content":{"rendered":"<h3>O ciberbullying<\/h3>\n<p>A utiliza\u00e7\u00e3o dos suportes inform\u00e1ticos leva a uma divulga\u00e7\u00e3o mais ampla e mais r\u00e1pida, em diferentes espa\u00e7os e tempo, sem limites (24h\/7), o que amplifica o fen\u00f3meno de ass\u00e9dio.<\/p>\n<p>O bullying e o ciberbullying podem ter consequ\u00eancias graves para a sa\u00fade f\u00edsica e mental da crian\u00e7a.<\/p>\n<h3>Dou apoio ao meu filho\/a:<\/h3>\n<ul>\n<li>Sublinho de forma clara que pode vir falar comigo a qualquer momento.<\/li>\n<li>Aconselho-o\/a a identificar adultos confi\u00e1veis no recinto escolar e no seu meio envolvente com quem pode falar se tiver algum problema (professores\/as, enfermeiros\/as da escola, etc.).<\/li>\n<li>Explico que n\u00e3o \u00e9 da sua responsabilidade se \u00e9 gozado\/a.<\/li>\n<li>Expresso o meu apoio. Estou presente para lhe dar prote\u00e7\u00e3o se for amea\u00e7ado\/a de repres\u00e1lias.<\/li>\n<\/ul>\n<h3>Tenho motivos de preocupa\u00e7\u00e3o se o meu filho\/a:<\/h3>\n<ul>\n<li>Chega sempre atrasado\/a \u00e0s aulas. Talvez esteja a evitar os colegas no recreio ou nos corredores.<\/li>\n<li>N\u00e3o quer continuar a participar nas atividades escolares e extracurriculares.<\/li>\n<li>Falta frequentemente \u00e0s aulas.<\/li>\n<li>O seu rendimento escolar diminui.<\/li>\n<li>Tem repetidamente dores de cabe\u00e7a ou de barriga.<\/li>\n<li>N\u00e3o dorme o suficiente.<\/li>\n<li>Tem problemas alimentares.<\/li>\n<li>Manifesta agressividade.<\/li>\n<li>Se isola e fecha.<\/li>\n<li>Mostra baixa autoestima.<\/li>\n<\/ul>\n<h3>O meu filho\/a \u00e9 v\u00edtima de bullying e ciberbullying. O que devo fazer?<\/h3>\n<ul>\n<li>Pe\u00e7o-lhe que descreva a situa\u00e7\u00e3o em que se encontra.<\/li>\n<li>Escuto\/a sem julgar.<\/li>\n<li>Pe\u00e7o-lhe que me autorize a consultar as mensagens, incluindo fotos ou v\u00eddeos que circulam na Internet a seu respeito.<\/li>\n<li>Informo o professor\/a e a dire\u00e7\u00e3o da escola sobre a situa\u00e7\u00e3o, para que seja tratada o mais rapidamente poss\u00edvel e se lhe ponha termo.<\/li>\n<li>Estou ciente de que, consoante os factos, a lei pode proteger o meu filho\/a.<\/li>\n<li>Com a sua autoriza\u00e7\u00e3o, recolho e guardo provas (fotos, v\u00eddeos ou capturas de ecr\u00e3 de mensagens).<\/li>\n<li>Posso telefonar \u00e0 esquadra de pol\u00edcia mais pr\u00f3xima para dar conhecimento da situa\u00e7\u00e3o.<\/li>\n<li>Como aconselhado pela pol\u00edcia:\n<ul>\n<li>Com as provas, dirijo-me \u00e0 esquadra de pol\u00edcia com ou sem o meu filho\/a;<\/li>\n<li>Apresento uma queixa;<\/li>\n<li>Denuncio o conte\u00fado e bloqueio a conta do perseguidor\/a.<\/li>\n<\/ul>\n<\/li>\n<\/ul>\n<h3>Para me ajudar a acompanhar o meu filho\/a:<\/h3>\n<ul>\n<li>Estou ciente de que \u00e9 v\u00edtima. Faz\u00ea-lo\/la sentir-se culpado\/a n\u00e3o vai resolver a situa\u00e7\u00e3o, nem lhe vai dar a confian\u00e7a necess\u00e1ria para contar e dar-me o m\u00e1ximo de informa\u00e7\u00f5es.<\/li>\n<li>Sou paciente. O meu filho\/a precisa de tempo para relatar o que est\u00e1 a acontecer.<\/li>\n<li>Proponho-lhe acompanhamento psicol\u00f3gico.<\/li>\n<\/ul>\n<h3>Se o meu filho\/a testemunhar bullying ou ciberbullying:<\/h3>\n<ul>\n<li>Explico-lhe que o seu papel \u00e9 decisivo e pode ajudar os adultos a identificar a situa\u00e7\u00e3o e tomar conta dela.\n<ul>\n<li>Pe\u00e7o-lhe para falar comigo ou com um adulto de confian\u00e7a na escola.<\/li>\n<li>Pe\u00e7o-lhe que n\u00e3o participe quando algu\u00e9m \u00e9 gozado.<\/li>\n<li>Incentivo-o\/a a expressar o seu apoio \u00e0 v\u00edtima.<\/li>\n<li>Se tem medo de repres\u00e1lias por manifestar o seu desacordo com a situa\u00e7\u00e3o, aconselho-o\/a a falar com os amigos\/as, talvez possam agir juntos\/as.<\/li>\n<\/ul>\n<\/li>\n<\/ul>","protected":false},"excerpt":{"rendered":"<p>O ciberbullying A utiliza\u00e7\u00e3o dos suportes inform\u00e1ticos leva a uma divulga\u00e7\u00e3o mais ampla e mais r\u00e1pida, em diferentes espa\u00e7os e [&hellip;]<\/p>","protected":false},"author":9,"featured_media":0,"parent":1966,"menu_order":5,"comment_status":"closed","ping_status":"closed","template":"","meta":{"_acf_changed":false,"footnotes":""},"class_list":["post-2921","page","type-page","status-publish","hentry"],"acf":[],"_links":{"self":[{"href":"https:\/\/vivreaveclesecrans.actioninnocence.org\/pt-pt\/wp-json\/wp\/v2\/pages\/2921","targetHints":{"allow":["GET"]}}],"collection":[{"href":"https:\/\/vivreaveclesecrans.actioninnocence.org\/pt-pt\/wp-json\/wp\/v2\/pages"}],"about":[{"href":"https:\/\/vivreaveclesecrans.actioninnocence.org\/pt-pt\/wp-json\/wp\/v2\/types\/page"}],"author":[{"embeddable":true,"href":"https:\/\/vivreaveclesecrans.actioninnocence.org\/pt-pt\/wp-json\/wp\/v2\/users\/9"}],"replies":[{"embeddable":true,"href":"https:\/\/vivreaveclesecrans.actioninnocence.org\/pt-pt\/wp-json\/wp\/v2\/comments?post=2921"}],"version-history":[{"count":3,"href":"https:\/\/vivreaveclesecrans.actioninnocence.org\/pt-pt\/wp-json\/wp\/v2\/pages\/2921\/revisions"}],"predecessor-version":[{"id":4782,"href":"https:\/\/vivreaveclesecrans.actioninnocence.org\/pt-pt\/wp-json\/wp\/v2\/pages\/2921\/revisions\/4782"}],"up":[{"embeddable":true,"href":"https:\/\/vivreaveclesecrans.actioninnocence.org\/pt-pt\/wp-json\/wp\/v2\/pages\/1966"}],"wp:attachment":[{"href":"https:\/\/vivreaveclesecrans.actioninnocence.org\/pt-pt\/wp-json\/wp\/v2\/media?parent=2921"}],"curies":[{"name":"wp","href":"https:\/\/api.w.org\/{rel}","templated":true}]}}