{"id":2919,"date":"2024-09-25T08:57:58","date_gmt":"2024-09-25T06:57:58","guid":{"rendered":"https:\/\/vivreaveclesecrans.actioninnocence.org\/?page_id=2919"},"modified":"2024-10-14T11:40:14","modified_gmt":"2024-10-14T09:40:14","slug":"exposicao-a-conteudos-violentos-ou-pornograficos","status":"publish","type":"page","link":"https:\/\/vivreaveclesecrans.actioninnocence.org\/pt-pt\/viver-com-ecras\/exposicao-a-conteudos-violentos-ou-pornograficos\/","title":{"rendered":"Exposi\u00e7\u00e3o a conte\u00fados violentos ou pornogr\u00e1ficos"},"content":{"rendered":"<h3>Este tipo de conte\u00fados pode aparecer:<\/h3>\n<ul>\n<li>Numa mensagem (email, mensagem de texto, etc.)<\/li>\n<li>Quando pesquisa na Internet<\/li>\n<li>Nas redes sociais<\/li>\n<li>Quando joga um videojogo ou v\u00ea uma s\u00e9rie ou filme inadequado \u00e0 sua idade<\/li>\n<\/ul>\n<h3>Ensino o meu filho\/a a proteger-se:<\/h3>\n<ul>\n<li>\u00c9 importante n\u00e3o clicar num link que uma pessoa desconhecida envia por email, mensagem de texto ou nas redes sociais.<\/li>\n<li>Quando pesquisa na Internet, podem aparecer conte\u00fados inadequados, embora a pesquisa n\u00e3o seja sobre um tema violento ou pornogr\u00e1fico.<\/li>\n<li>Nas redes sociais, podem aparecer conte\u00fados chocantes no seu feed.<\/li>\n<\/ul>\n<h3>Acompanho o meu filho\/a:<\/h3>\n<ul>\n<li>Interesso-me pelas personalidades (influenciadores\/as) e pelos conte\u00fados que o meu filho\/a segue na Internet e nas redes sociais.<\/li>\n<li>Deixo claro que pode falar comigo em qualquer altura, mesmo que sinta vergonha pelo conte\u00fado que viu.<\/li>\n<li>Aconselho-o\/a a identificar adultos confi\u00e1veis com quem pode falar (professores\/as, enfermeiros\/as da escola, etc.).<\/li>\n<li>Instalo controlos parentais de acordo com a sua idade.<\/li>\n<\/ul>\n<h3>Explico-lhe porque n\u00e3o deve partilhar este tipo de conte\u00fados:<\/h3>\n<ul>\n<li>Os conte\u00fados violentos ou pornogr\u00e1ficos podem chocar as outras pessoas.<\/li>\n<li>Este tipo de conte\u00fados pode ser ilegal. A sua posse e partilha podem ser punidas por lei.<\/li>\n<li>Segundo a lei su\u00ed\u00e7a, a partir dos 10 anos de idade, o meu filho\/a \u00e9 criminalmente respons\u00e1vel pelos seus atos.<\/li>\n<\/ul>\n<h3>Tenho motivos de preocupa\u00e7\u00e3o se o meu filho\/a:<\/h3>\n<ul>\n<li>Passa cada vez mais tempo na Internet ou se, pelo contr\u00e1rio, evita estar online.<\/li>\n<li>Falta frequentemente \u00e0s aulas.<\/li>\n<li>O seu rendimento escolar diminui.<\/li>\n<li>Tem dores de cabe\u00e7a ou de barriga.<\/li>\n<li>N\u00e3o dorme o suficiente.<\/li>\n<li>Manifesta agressividade.<\/li>\n<li>Se isola e fecha.<\/li>\n<\/ul>\n<h3>O meu filho\/a deparou-se com conte\u00fados violentos ou pornogr\u00e1ficos. O que posso fazer?<\/h3>\n<ul>\n<li>Escuto o meu filho\/a e incentivo-o\/a a falar.<\/li>\n<li>Ajudo-o\/a a entender o que viu e tranquilizo-o\/a:\n<ul>\n<li>Deixo-o\/a expressar as suas emo\u00e7\u00f5es. Pode sentir medo, ansiedade, repugn\u00e2ncia, desconforto, etc.<\/li>\n<li>N\u00e3o o\/a julgo.<\/li>\n<li>Dou-lhe informa\u00e7\u00f5es adaptadas \u00e0 sua idade e ao seu n\u00edvel de linguagem. Quanto mais jovem for, mais simples devem ser as palavras escolhidas.<\/li>\n<li>Dou-lhe informa\u00e7\u00f5es de car\u00e1ter geral e deixo o meu filho\/a fazer todas as perguntas que lhe ocorrem para que ele pr\u00f3prio\/a consiga identificar as suas d\u00favidas ou preocupa\u00e7\u00f5es.<\/li>\n<\/ul>\n<\/li>\n<\/ul>","protected":false},"excerpt":{"rendered":"<p>Este tipo de conte\u00fados pode aparecer: Numa mensagem (email, mensagem de texto, etc.) Quando pesquisa na Internet Nas redes sociais [&hellip;]<\/p>","protected":false},"author":9,"featured_media":0,"parent":1966,"menu_order":4,"comment_status":"closed","ping_status":"closed","template":"","meta":{"_acf_changed":false,"footnotes":""},"class_list":["post-2919","page","type-page","status-publish","hentry"],"acf":[],"_links":{"self":[{"href":"https:\/\/vivreaveclesecrans.actioninnocence.org\/pt-pt\/wp-json\/wp\/v2\/pages\/2919","targetHints":{"allow":["GET"]}}],"collection":[{"href":"https:\/\/vivreaveclesecrans.actioninnocence.org\/pt-pt\/wp-json\/wp\/v2\/pages"}],"about":[{"href":"https:\/\/vivreaveclesecrans.actioninnocence.org\/pt-pt\/wp-json\/wp\/v2\/types\/page"}],"author":[{"embeddable":true,"href":"https:\/\/vivreaveclesecrans.actioninnocence.org\/pt-pt\/wp-json\/wp\/v2\/users\/9"}],"replies":[{"embeddable":true,"href":"https:\/\/vivreaveclesecrans.actioninnocence.org\/pt-pt\/wp-json\/wp\/v2\/comments?post=2919"}],"version-history":[{"count":4,"href":"https:\/\/vivreaveclesecrans.actioninnocence.org\/pt-pt\/wp-json\/wp\/v2\/pages\/2919\/revisions"}],"predecessor-version":[{"id":4853,"href":"https:\/\/vivreaveclesecrans.actioninnocence.org\/pt-pt\/wp-json\/wp\/v2\/pages\/2919\/revisions\/4853"}],"up":[{"embeddable":true,"href":"https:\/\/vivreaveclesecrans.actioninnocence.org\/pt-pt\/wp-json\/wp\/v2\/pages\/1966"}],"wp:attachment":[{"href":"https:\/\/vivreaveclesecrans.actioninnocence.org\/pt-pt\/wp-json\/wp\/v2\/media?parent=2919"}],"curies":[{"name":"wp","href":"https:\/\/api.w.org\/{rel}","templated":true}]}}