{"id":2917,"date":"2024-09-25T08:54:01","date_gmt":"2024-09-25T06:54:01","guid":{"rendered":"https:\/\/vivreaveclesecrans.actioninnocence.org\/?page_id=2917"},"modified":"2024-10-07T15:55:15","modified_gmt":"2024-10-07T13:55:15","slug":"o-meu-filho-a-usa-a-internet-e-as-redes-sociais","status":"publish","type":"page","link":"https:\/\/vivreaveclesecrans.actioninnocence.org\/pt-pt\/viver-com-ecras\/o-meu-filho-a-usa-a-internet-e-as-redes-sociais\/","title":{"rendered":"O meu filho\/a usa a Internet e as redes sociais"},"content":{"rendered":"<h3>Estou ciente de que atrav\u00e9s da Internet e das redes sociais pode:<\/h3>\n<ul>\n<li>Manter o contacto com os amigos\/as<\/li>\n<li>Participar em discuss\u00f5es que considera importantes<\/li>\n<li>Sentir-se validado\/a e reconhecido\/a<\/li>\n<li>Desenvolver a sua criatividade e imagina\u00e7\u00e3o<\/li>\n<li>Fazer pesquisas<\/li>\n<li>Aprender e descobrir coisas novas<\/li>\n<\/ul>\n<h3>Ensino o meu filho\/a a proteger-se:<\/h3>\n<ul>\n<li>Na Internet, \u00e9 importante proteger as informa\u00e7\u00f5es pessoais, a vida privada e \u00edntima.<\/li>\n<li>\u00c9 fundamental utilizar palavras-passe diferentes, mud\u00e1-las regularmente e mant\u00ea-las secretas.<\/li>\n<li>As suas publica\u00e7\u00f5es (fotos, v\u00eddeos, mensagens, etc.) ficam para sempre na Internet e criam uma reputa\u00e7\u00e3o (a imagem que os outros t\u00eam dele\/dela).<\/li>\n<li>Os dados pessoais que postar podem ser utilizados contra si.<\/li>\n<li>As pessoas que conheceu na Internet podem estar a mentir. Nunca se sabe quem est\u00e1 por detr\u00e1s do ecr\u00e3.<\/li>\n<li>Alguns conte\u00fados online n\u00e3o s\u00e3o adequados \u00e0 sua idade e podem choc\u00e1-lo\/la.<\/li>\n<li>Se uma fotografia sua tiver sido publicada sem o seu consentimento, tem o direito de pedir que seja retirada.<\/li>\n<\/ul>\n<h3>Explico que a Internet n\u00e3o \u00e9 um espa\u00e7o fora da lei:<\/h3>\n<ul>\n<li>A lei pro\u00edbe:\n<ul>\n<li>Insultar ou amea\u00e7ar pessoas na Internet;<\/li>\n<li>Ofender a reputa\u00e7\u00e3o de outra pessoa;<\/li>\n<li>Publicar uma foto ou um v\u00eddeo sem o consentimento da pessoa que aparece no mesmo.<\/li>\n<\/ul>\n<\/li>\n<li>Se o meu filho\/a se encontrar numa destas situa\u00e7\u00f5es, tem o direito de apresentar queixa.<\/li>\n<li>Segundo a lei su\u00ed\u00e7a, a partir dos 10 anos de idade, o meu filho\/a \u00e9 criminalmente respons\u00e1vel pelos seus atos.<\/li>\n<\/ul>\n<h3>Acompanho o meu filho\/a:<\/h3>\n<ul>\n<li>Ajudo a instalar as configura\u00e7\u00f5es de privacidade para redes sociais.<\/li>\n<li>Informo-me sobre as aplica\u00e7\u00f5es que descarrega.<\/li>\n<li>Escuto-o\/a se tiver alguma d\u00favida ou enfrentar uma situa\u00e7\u00e3o dif\u00edcil.<\/li>\n<li>Reduzo o meu tempo de ecr\u00e3 para dar o exemplo.<\/li>\n<\/ul>\n<h3>Defino regras:<\/h3>\n<ul>\n<li>Limito o tempo de ecr\u00e3 para que o meu filho\/a possa:\n<ul>\n<li>Fazer exerc\u00edcio f\u00edsico;<\/li>\n<li>Dormir o suficiente;<\/li>\n<li>Fazer diferentes atividades.<\/li>\n<\/ul>\n<\/li>\n<li>Conversamos sobre as regras.<\/li>\n<li>Sugiro escrever as regras e afix\u00e1-las.<\/li>\n<li>Vou ajustando as regras \u00e0 idade do meu filho\/a.<\/li>\n<li>Falo sobre as consequ\u00eancias do n\u00e3o cumprimento das regras.<\/li>\n<\/ul>\n<h3>Tenho motivos de preocupa\u00e7\u00e3o se o meu filho\/a:<\/h3>\n<ul>\n<li>Passa cada vez mais tempo na Internet, afastando-se das outras atividades.<\/li>\n<li>Convive menos com os amigos\/as.<\/li>\n<li>Falta frequentemente \u00e0s aulas.<\/li>\n<li>O seu rendimento escolar diminui.<\/li>\n<li>N\u00e3o dorme o suficiente.<\/li>\n<li>Manifesta agressividade.<\/li>\n<li>Se isola e fecha.<\/li>\n<\/ul>","protected":false},"excerpt":{"rendered":"<p>Estou ciente de que atrav\u00e9s da Internet e das redes sociais pode: Manter o contacto com os amigos\/as Participar em [&hellip;]<\/p>","protected":false},"author":9,"featured_media":0,"parent":1966,"menu_order":3,"comment_status":"closed","ping_status":"closed","template":"","meta":{"_acf_changed":false,"footnotes":""},"class_list":["post-2917","page","type-page","status-publish","hentry"],"acf":[],"_links":{"self":[{"href":"https:\/\/vivreaveclesecrans.actioninnocence.org\/pt-pt\/wp-json\/wp\/v2\/pages\/2917","targetHints":{"allow":["GET"]}}],"collection":[{"href":"https:\/\/vivreaveclesecrans.actioninnocence.org\/pt-pt\/wp-json\/wp\/v2\/pages"}],"about":[{"href":"https:\/\/vivreaveclesecrans.actioninnocence.org\/pt-pt\/wp-json\/wp\/v2\/types\/page"}],"author":[{"embeddable":true,"href":"https:\/\/vivreaveclesecrans.actioninnocence.org\/pt-pt\/wp-json\/wp\/v2\/users\/9"}],"replies":[{"embeddable":true,"href":"https:\/\/vivreaveclesecrans.actioninnocence.org\/pt-pt\/wp-json\/wp\/v2\/comments?post=2917"}],"version-history":[{"count":3,"href":"https:\/\/vivreaveclesecrans.actioninnocence.org\/pt-pt\/wp-json\/wp\/v2\/pages\/2917\/revisions"}],"predecessor-version":[{"id":4482,"href":"https:\/\/vivreaveclesecrans.actioninnocence.org\/pt-pt\/wp-json\/wp\/v2\/pages\/2917\/revisions\/4482"}],"up":[{"embeddable":true,"href":"https:\/\/vivreaveclesecrans.actioninnocence.org\/pt-pt\/wp-json\/wp\/v2\/pages\/1966"}],"wp:attachment":[{"href":"https:\/\/vivreaveclesecrans.actioninnocence.org\/pt-pt\/wp-json\/wp\/v2\/media?parent=2917"}],"curies":[{"name":"wp","href":"https:\/\/api.w.org\/{rel}","templated":true}]}}