{"id":2911,"date":"2024-09-24T16:34:22","date_gmt":"2024-09-24T14:34:22","guid":{"rendered":"https:\/\/vivreaveclesecrans.actioninnocence.org\/?page_id=2911"},"modified":"2024-10-14T11:37:32","modified_gmt":"2024-10-14T09:37:32","slug":"o-meu-filho-a-joga-videojogos","status":"publish","type":"page","link":"https:\/\/vivreaveclesecrans.actioninnocence.org\/pt-pt\/viver-com-ecras\/o-meu-filho-a-joga-videojogos\/","title":{"rendered":"O meu filho\/a joga videojogos"},"content":{"rendered":"<h3>Estou ciente de que atrav\u00e9s dos videojogos pode:<\/h3>\n<ul>\n<li>Divertir-se e estar entretido\/a<\/li>\n<li>Desenvolver novas compet\u00eancias<\/li>\n<li>Progredir e ganhar<\/li>\n<li>Sentir-se valorizado\/a<\/li>\n<li>Jogar com os amigos\/as e colegas de turma<\/li>\n<li>Falar do jogo com as outras crian\u00e7as<\/li>\n<\/ul>\n<h3>Interesso-me pelos conte\u00fados:<\/h3>\n<ul>\n<li>Pesquiso informa\u00e7\u00f5es na Internet e junto de outros pais antes de comprar um jogo.<\/li>\n<li>Informo-me sobre os conte\u00fados e a idade recomendada no site <a href=\"https:\/\/pegi.info\/pt-pt\" target=\"_blank\" rel=\"noopener\">www.pegi.info\/pt-pt<\/a>.<\/li>\n<li>Informo-me sobre a dura\u00e7\u00e3o das partidas.<\/li>\n<li>Tenho conhecimento de que alguns jogos prop\u00f5em compras.<\/li>\n<\/ul>\n<h3>Estou ciente de que quando joga em plataformas de videojogos na Internet pode:<\/h3>\n<ul>\n<li>Conversar com outros jogadores\/as que nem sempre conhece;<\/li>\n<li>Enviar-lhes mensagens, incluindo fotos e v\u00eddeos.<\/li>\n<\/ul>\n<h3>Ensino-o\/a a proteger-se:<\/h3>\n<ul>\n<li>Na Internet, \u00e9 importante proteger as informa\u00e7\u00f5es pessoais, a vida privada e \u00edntima.<\/li>\n<li>\u00c9 necess\u00e1rio utilizar palavras-passe diferentes, mud\u00e1-las regularmente e mant\u00ea-las secretas.<\/li>\n<li>As suas publica\u00e7\u00f5es (fotos, v\u00eddeos, mensagens, etc.) permanecem para sempre na Internet e criam uma reputa\u00e7\u00e3o (imagem que os outros t\u00eam dele\/dela).<\/li>\n<li>Os dados pessoais que publica podem ser usados contra si.<\/li>\n<li>As pessoas com quem se cruza podem mentir. Nunca se sabe quem est\u00e1 por detr\u00e1s do ecr\u00e3.<\/li>\n<li>Alguns conte\u00fados s\u00e3o inadequados \u00e0 sua idade e podem choc\u00e1-lo\/la.<\/li>\n<\/ul>\n<h3>Explico-lhe que as plataformas de videojogos online n\u00e3o s\u00e3o espa\u00e7os fora da lei:<\/h3>\n<ul>\n<li>A lei pro\u00edbe:\n<ul>\n<li>Insultar ou amea\u00e7ar pessoas nestas plataformas;<\/li>\n<li>Ofender a reputa\u00e7\u00e3o de outra pessoa;<\/li>\n<li>Publicar uma foto ou um v\u00eddeo sem o consentimento da pessoa que aparece no mesmo.<\/li>\n<\/ul>\n<\/li>\n<li>Se o meu filho\/a se encontrar numa destas situa\u00e7\u00f5es, tem o direito de apresentar queixa.<\/li>\n<li>Segundo a lei su\u00ed\u00e7a, a partir dos 10 anos de idade, o meu filho\/a \u00e9 criminalmente respons\u00e1vel pelos seus atos.<\/li>\n<\/ul>\n<h3>Defino regras:<\/h3>\n<ul>\n<li>Limito o tempo de ecr\u00e3 para que o meu filho\/a possa:\n<ul>\n<li>Praticar exerc\u00edcio f\u00edsico;<\/li>\n<li>Dormir o suficiente;<\/li>\n<li>Fazer diferentes atividades.<\/li>\n<\/ul>\n<\/li>\n<li>Conversamos sobre as regras.<\/li>\n<li>Sugiro escrever as regras e afix\u00e1-las.<\/li>\n<li>Vou adaptando as regras \u00e0 sua idade.<\/li>\n<li>Explico as consequ\u00eancias do n\u00e3o cumprimento das regras.<\/li>\n<\/ul>\n<h3>Para me ajudar a manter os limites:<\/h3>\n<ul>\n<li>Defino regras e limites para o bem-estar do meu filho\/a.<\/li>\n<li>Ensino-o\/a a lidar com as suas emo\u00e7\u00f5es quando est\u00e1 a jogar ou quando deve parar de jogar.<\/li>\n<li>Instalo controlos parentais.<\/li>\n<li>Utilizo um temporizador para limitar a dura\u00e7\u00e3o do jogo.<\/li>\n<li>Reduzo o meu tempo de ecr\u00e3 para dar o exemplo.<\/li>\n<li>Reservo algum tempo para ver o meu filho\/a jogar, felicito-o\/a e encorajo-o\/a.<\/li>\n<li>Jogo um videojogo com o meu filho\/a.<\/li>\n<\/ul>\n<h3>Tenho motivos de preocupa\u00e7\u00e3o se o meu filho\/a:<\/h3>\n<ul>\n<li>Passa cada vez mais tempo a jogar, afastando-se das outras atividades.<\/li>\n<li>Fica geralmente zangado\/a quando n\u00e3o pode jogar ou quando tem de parar de jogar.<\/li>\n<li>Falta frequentemente \u00e0s aulas.<\/li>\n<li>O seu rendimento escolar diminui.<\/li>\n<li>N\u00e3o dorme o suficiente.<\/li>\n<li>Manifesta agressividade.<\/li>\n<li>Se isola e fecha.<\/li>\n<\/ul>","protected":false},"excerpt":{"rendered":"<p>Estou ciente de que atrav\u00e9s dos videojogos pode: Divertir-se e estar entretido\/a Desenvolver novas compet\u00eancias Progredir e ganhar Sentir-se valorizado\/a [&hellip;]<\/p>","protected":false},"author":9,"featured_media":0,"parent":1966,"menu_order":2,"comment_status":"closed","ping_status":"closed","template":"","meta":{"_acf_changed":false,"footnotes":""},"class_list":["post-2911","page","type-page","status-publish","hentry"],"acf":[],"_links":{"self":[{"href":"https:\/\/vivreaveclesecrans.actioninnocence.org\/pt-pt\/wp-json\/wp\/v2\/pages\/2911","targetHints":{"allow":["GET"]}}],"collection":[{"href":"https:\/\/vivreaveclesecrans.actioninnocence.org\/pt-pt\/wp-json\/wp\/v2\/pages"}],"about":[{"href":"https:\/\/vivreaveclesecrans.actioninnocence.org\/pt-pt\/wp-json\/wp\/v2\/types\/page"}],"author":[{"embeddable":true,"href":"https:\/\/vivreaveclesecrans.actioninnocence.org\/pt-pt\/wp-json\/wp\/v2\/users\/9"}],"replies":[{"embeddable":true,"href":"https:\/\/vivreaveclesecrans.actioninnocence.org\/pt-pt\/wp-json\/wp\/v2\/comments?post=2911"}],"version-history":[{"count":6,"href":"https:\/\/vivreaveclesecrans.actioninnocence.org\/pt-pt\/wp-json\/wp\/v2\/pages\/2911\/revisions"}],"predecessor-version":[{"id":4852,"href":"https:\/\/vivreaveclesecrans.actioninnocence.org\/pt-pt\/wp-json\/wp\/v2\/pages\/2911\/revisions\/4852"}],"up":[{"embeddable":true,"href":"https:\/\/vivreaveclesecrans.actioninnocence.org\/pt-pt\/wp-json\/wp\/v2\/pages\/1966"}],"wp:attachment":[{"href":"https:\/\/vivreaveclesecrans.actioninnocence.org\/pt-pt\/wp-json\/wp\/v2\/media?parent=2911"}],"curies":[{"name":"wp","href":"https:\/\/api.w.org\/{rel}","templated":true}]}}