{"id":1966,"date":"2024-06-21T15:50:21","date_gmt":"2024-06-21T13:50:21","guid":{"rendered":"https:\/\/vivreaveclesecrans.actioninnocence.org\/?page_id=1966"},"modified":"2024-10-08T11:10:39","modified_gmt":"2024-10-08T09:10:39","slug":"viver-com-ecras","status":"publish","type":"page","link":"https:\/\/vivreaveclesecrans.actioninnocence.org\/pt-pt\/viver-com-ecras\/","title":{"rendered":"Filhos, ecr\u00e3s, pais: como viver juntos?"},"content":{"rendered":"<h2>Apresenta\u00e7\u00e3o da Funda\u00e7\u00e3o<\/h2>\n<p>A funda\u00e7\u00e3o Action Innocence foi criada em Genebra em 1999, para promover o uso saud\u00e1vel e moderado dos ecr\u00e3s. Interv\u00e9m nas escolas, desenvolve material de preven\u00e7\u00e3o e programas de forma\u00e7\u00e3o para os profissionais de educa\u00e7\u00e3o e sa\u00fade, realizando tamb\u00e9m grandes campanhas de sensibiliza\u00e7\u00e3o.<\/p>","protected":false},"excerpt":{"rendered":"<p>Apresenta\u00e7\u00e3o da Funda\u00e7\u00e3o A funda\u00e7\u00e3o Action Innocence foi criada em Genebra em 1999, para promover o uso saud\u00e1vel e moderado [&hellip;]<\/p>","protected":false},"author":1,"featured_media":0,"parent":0,"menu_order":2,"comment_status":"closed","ping_status":"closed","template":"Template-home-Language.php","meta":{"_acf_changed":false,"footnotes":""},"class_list":["post-1966","page","type-page","status-publish","hentry"],"acf":[],"_links":{"self":[{"href":"https:\/\/vivreaveclesecrans.actioninnocence.org\/pt-pt\/wp-json\/wp\/v2\/pages\/1966","targetHints":{"allow":["GET"]}}],"collection":[{"href":"https:\/\/vivreaveclesecrans.actioninnocence.org\/pt-pt\/wp-json\/wp\/v2\/pages"}],"about":[{"href":"https:\/\/vivreaveclesecrans.actioninnocence.org\/pt-pt\/wp-json\/wp\/v2\/types\/page"}],"author":[{"embeddable":true,"href":"https:\/\/vivreaveclesecrans.actioninnocence.org\/pt-pt\/wp-json\/wp\/v2\/users\/1"}],"replies":[{"embeddable":true,"href":"https:\/\/vivreaveclesecrans.actioninnocence.org\/pt-pt\/wp-json\/wp\/v2\/comments?post=1966"}],"version-history":[{"count":10,"href":"https:\/\/vivreaveclesecrans.actioninnocence.org\/pt-pt\/wp-json\/wp\/v2\/pages\/1966\/revisions"}],"predecessor-version":[{"id":4529,"href":"https:\/\/vivreaveclesecrans.actioninnocence.org\/pt-pt\/wp-json\/wp\/v2\/pages\/1966\/revisions\/4529"}],"wp:attachment":[{"href":"https:\/\/vivreaveclesecrans.actioninnocence.org\/pt-pt\/wp-json\/wp\/v2\/media?parent=1966"}],"curies":[{"name":"wp","href":"https:\/\/api.w.org\/{rel}","templated":true}]}}