{"id":2763,"date":"2024-09-23T16:56:20","date_gmt":"2024-09-23T14:56:20","guid":{"rendered":"https:\/\/vivreaveclesecrans.actioninnocence.org\/?page_id=2763"},"modified":"2024-10-14T15:44:31","modified_gmt":"2024-10-14T13:44:31","slug":"esposizione-a-contenuti-violenti-o-pornografici","status":"publish","type":"page","link":"https:\/\/vivreaveclesecrans.actioninnocence.org\/it\/vivere-con-gli-schermi\/esposizione-a-contenuti-violenti-o-pornografici\/","title":{"rendered":"Esposizione a contenuti violenti o pornografici"},"content":{"rendered":"<h3>Questo tipo di contenuti pu\u00f2 apparire:<\/h3>\n<ul>\n<li>in un messaggio (e-mail, SMS, ecc.);<\/li>\n<li>durante una ricerca su Internet;<\/li>\n<li>sui social;<\/li>\n<li>quando gioca a un videogioco o guarda una serie o un film non adatti alla sua et\u00e0.<\/li>\n<\/ul>\n<h3>Gli\/le insegno a proteggersi:<\/h3>\n<ul>\n<li>\u00c8 importante non cliccare mai su un link che qualcuno che non conosciamo ci invia per e-mail, per SMS o su un social.<\/li>\n<li>Quando si effettua una ricerca su Internet, possono comparire contenuti inappropriati anche se la ricerca non riguarda un argomento violento o pornografico.<\/li>\n<li>Sui social, i contenuti scioccanti possono apparire negli aggiornamenti delle notizie.<\/li>\n<\/ul>\n<h3>Lo\/la affianco:<\/h3>\n<ul>\n<li>Mi interesso alle personalit\u00e0 (influencers) e ai contenuti che mio\/a figlio\/a segue su Internet e sui social.<\/li>\n<li>Gli\/le dico chiaramente che pu\u00f2 parlarmi in qualsiasi momento, anche se si sente in imbarazzo per i contenuti che ha visto.<\/li>\n<li>Gli\/le consiglio di identificare degli adulti fidati con cui parlare (insegnanti, infermieri\/iere scolastici\/scolastiche, ecc.).<\/li>\n<li>A seconda dell\u2019et\u00e0, installo il controllo parentale.<\/li>\n<\/ul>\n<h3>Gli\/le spiego perch\u00e9 non dovrebbe condividere questo tipo di contenuti:<\/h3>\n<ul>\n<li>I contenuti violenti o pornografici possono scioccare altre persone.<\/li>\n<li>Questo tipo di contenuto pu\u00f2 essere illegale. Il possesso e la sua condivisione possono essere puniti dalla legge.<\/li>\n<li>In Svizzera, mio\/a figlio\/a \u00e8 legalmente responsabile delle sue azioni a partire dall\u2019et\u00e0 di 10 anni.<\/li>\n<\/ul>\n<h3>\u00c8 giusto che io mi preoccupi se mio\/a figlio\/a:<\/h3>\n<ul>\n<li>passa sempre pi\u00f9 tempo su Internet o evita, al contrario, di connettersi in rete;<\/li>\n<li>si assenta spesso da scuola;<\/li>\n<li>i suoi risultati scolastici sono in calo;<\/li>\n<li>ha mal di testa o mal di stomaco;<\/li>\n<li>non dorme a sufficienza;<\/li>\n<li>diventa aggressivo\/a;<\/li>\n<li>si isola e si chiude in se stesso\/a.<\/li>\n<\/ul>\n<h3>Mio\/a figlio\/a \u00e8 stato esposto\/a a contenuti violenti o pornografici. Cosa posso fare?<\/h3>\n<ul>\n<li>Lo\/la ascolto e lo\/la incoraggio a parlare.<\/li>\n<li>Lo\/la aiuto a capire ci\u00f2 che ha visto e lo\/la rassicuro:\n<ul>\n<li>Gli\/le permetto di esprimere le sue emozioni. Mio\/a figlio\/a pu\u00f2 provare paura, ansia, disgusto, imbarazzo, ecc.<\/li>\n<li>Non lo\/la giudico.<\/li>\n<li>Fornisco spiegazioni adeguate alla sua et\u00e0 e al suo livello linguistico. Pi\u00f9 \u00e8 piccolo\/a, pi\u00f9 le parole scelte devono essere semplici.<\/li>\n<li>Rimango sulle generali nelle mie spiegazioni e lascio che sia il bambino a indirizzare le sue domande, in modo che possa capire meglio quelle che sono le domande che si pone o quello che lo preoccupa.<\/li>\n<\/ul>\n<\/li>\n<\/ul>","protected":false},"excerpt":{"rendered":"<p>Questo tipo di contenuti pu\u00f2 apparire: in un messaggio (e-mail, SMS, ecc.); durante una ricerca su Internet; sui social; quando [&hellip;]<\/p>","protected":false},"author":9,"featured_media":0,"parent":1944,"menu_order":4,"comment_status":"closed","ping_status":"closed","template":"","meta":{"_acf_changed":false,"footnotes":""},"class_list":["post-2763","page","type-page","status-publish","hentry"],"acf":[],"_links":{"self":[{"href":"https:\/\/vivreaveclesecrans.actioninnocence.org\/it\/wp-json\/wp\/v2\/pages\/2763","targetHints":{"allow":["GET"]}}],"collection":[{"href":"https:\/\/vivreaveclesecrans.actioninnocence.org\/it\/wp-json\/wp\/v2\/pages"}],"about":[{"href":"https:\/\/vivreaveclesecrans.actioninnocence.org\/it\/wp-json\/wp\/v2\/types\/page"}],"author":[{"embeddable":true,"href":"https:\/\/vivreaveclesecrans.actioninnocence.org\/it\/wp-json\/wp\/v2\/users\/9"}],"replies":[{"embeddable":true,"href":"https:\/\/vivreaveclesecrans.actioninnocence.org\/it\/wp-json\/wp\/v2\/comments?post=2763"}],"version-history":[{"count":6,"href":"https:\/\/vivreaveclesecrans.actioninnocence.org\/it\/wp-json\/wp\/v2\/pages\/2763\/revisions"}],"predecessor-version":[{"id":4864,"href":"https:\/\/vivreaveclesecrans.actioninnocence.org\/it\/wp-json\/wp\/v2\/pages\/2763\/revisions\/4864"}],"up":[{"embeddable":true,"href":"https:\/\/vivreaveclesecrans.actioninnocence.org\/it\/wp-json\/wp\/v2\/pages\/1944"}],"wp:attachment":[{"href":"https:\/\/vivreaveclesecrans.actioninnocence.org\/it\/wp-json\/wp\/v2\/media?parent=2763"}],"curies":[{"name":"wp","href":"https:\/\/api.w.org\/{rel}","templated":true}]}}