{"id":2849,"date":"2024-09-24T14:16:04","date_gmt":"2024-09-24T12:16:04","guid":{"rendered":"https:\/\/vivreaveclesecrans.actioninnocence.org\/?page_id=2849"},"modified":"2024-10-03T17:29:47","modified_gmt":"2024-10-03T15:29:47","slug":"un-uso-saludable-de-las-pantallas-para-los-mas-pequenos-2","status":"publish","type":"page","link":"https:\/\/vivreaveclesecrans.actioninnocence.org\/es\/vivir-entre-pantallas\/un-uso-saludable-de-las-pantallas-para-los-mas-pequenos-2\/","title":{"rendered":"Un uso saludable de las pantallas para los m\u00e1s peque\u00f1os (0-6 a\u00f1os)"},"content":{"rendered":"<ul>\n<li>Si mi hijo\/a tiene menos de 3 a\u00f1os, evito que pase tiempo delante de las pantallas.<\/li>\n<li>Favorezco el juego libre, la actividad f\u00edsica y las interacciones con las personas de su alrededor.<\/li>\n<li>Pongo reglas para usar las pantallas desde muy peque\u00f1os.<\/li>\n<li>Respeto las edades que aparecen indicadas en los programas, juegos y aplicaciones.<\/li>\n<li>Elijo el contenido que se va a visionar en funci\u00f3n de la edad del usuario m\u00e1s joven.<\/li>\n<li>Doy preferencia al contenido de car\u00e1cter interactivo.<\/li>\n<li>Estoy presente y hablo con mi hijo\/a sobre lo que est\u00e1 viendo.<\/li>\n<li>Lo\/la animo a contarme lo que siente.<\/li>\n<li>No expongo a mi hijo\/a a las pantallas durante las comidas ni antes de irse a dormir.<\/li>\n<li>Limito el uso de las pantallas cuando estoy delante de \u00e9l\/ella.<\/li>\n<\/ul>\n<h3>Las pantallas no deben impedir que mi hijo\/a:<\/h3>\n<ul>\n<li>Explore el espacio<\/li>\n<li>Haga ejercicio<\/li>\n<li>Utilice los 5 sentidos<\/li>\n<li>Interact\u00fae con las personas de su alrededor<\/li>\n<li>Desarrolle el lenguaje<\/li>\n<li>Juegue con otros\/as ni\u00f1os\/as<\/li>\n<li>Sea creativo\/a<\/li>\n<li>Sue\u00f1e<\/li>\n<\/ul>","protected":false},"excerpt":{"rendered":"<p>Si mi hijo\/a tiene menos de 3 a\u00f1os, evito que pase tiempo delante de las pantallas. Favorezco el juego libre, [&hellip;]<\/p>","protected":false},"author":9,"featured_media":0,"parent":1975,"menu_order":1,"comment_status":"closed","ping_status":"closed","template":"","meta":{"_acf_changed":false,"footnotes":""},"class_list":["post-2849","page","type-page","status-publish","hentry"],"acf":[],"_links":{"self":[{"href":"https:\/\/vivreaveclesecrans.actioninnocence.org\/es\/wp-json\/wp\/v2\/pages\/2849","targetHints":{"allow":["GET"]}}],"collection":[{"href":"https:\/\/vivreaveclesecrans.actioninnocence.org\/es\/wp-json\/wp\/v2\/pages"}],"about":[{"href":"https:\/\/vivreaveclesecrans.actioninnocence.org\/es\/wp-json\/wp\/v2\/types\/page"}],"author":[{"embeddable":true,"href":"https:\/\/vivreaveclesecrans.actioninnocence.org\/es\/wp-json\/wp\/v2\/users\/9"}],"replies":[{"embeddable":true,"href":"https:\/\/vivreaveclesecrans.actioninnocence.org\/es\/wp-json\/wp\/v2\/comments?post=2849"}],"version-history":[{"count":4,"href":"https:\/\/vivreaveclesecrans.actioninnocence.org\/es\/wp-json\/wp\/v2\/pages\/2849\/revisions"}],"predecessor-version":[{"id":3875,"href":"https:\/\/vivreaveclesecrans.actioninnocence.org\/es\/wp-json\/wp\/v2\/pages\/2849\/revisions\/3875"}],"up":[{"embeddable":true,"href":"https:\/\/vivreaveclesecrans.actioninnocence.org\/es\/wp-json\/wp\/v2\/pages\/1975"}],"wp:attachment":[{"href":"https:\/\/vivreaveclesecrans.actioninnocence.org\/es\/wp-json\/wp\/v2\/media?parent=2849"}],"curies":[{"name":"wp","href":"https:\/\/api.w.org\/{rel}","templated":true}]}}