{"id":2838,"date":"2024-09-24T13:55:31","date_gmt":"2024-09-24T11:55:31","guid":{"rendered":"https:\/\/vivreaveclesecrans.actioninnocence.org\/?page_id=2838"},"modified":"2024-10-10T16:49:43","modified_gmt":"2024-10-10T14:49:43","slug":"acoso-y-ciberacoso-entre-alumnos-as","status":"publish","type":"page","link":"https:\/\/vivreaveclesecrans.actioninnocence.org\/es\/vivir-entre-pantallas\/acoso-y-ciberacoso-entre-alumnos-as\/","title":{"rendered":"Acoso y ciberacoso entre alumnos\/as"},"content":{"rendered":"<h3>Ciberacoso<\/h3>\n<p>El uso de las herramientas digitales conlleva una difusi\u00f3n m\u00e1s amplia y r\u00e1pida, sin l\u00edmites de espacio o de tiempo (las 24 horas del d\u00eda, todos los d\u00edas de la semana), lo que amplifica el fen\u00f3meno del acoso.<\/p>\n<p>El acoso y el ciberacoso pueden tener consecuencias graves para la salud f\u00edsica y mental del ni\u00f1o\/a.<\/p>\n<h3>Apoyo a mi hijo\/a:<\/h3>\n<ul>\n<li>Le dejo claro que puede hablar conmigo en todo momento.<\/li>\n<li>Le aconsejo que encuentre a personas adultas de confianza en el colegio o a su alrededor con quien poder hablar si tiene un problema (profesores\/as, enfermeros\/as escolares, etc.).<\/li>\n<li>Le explico que no es culpa suya si se est\u00e1n riendo de \u00e9l\/ella.<\/li>\n<li>Le doy mi apoyo. Estoy ah\u00ed para protegerlo\/a si recibe amenazas de represalias.<\/li>\n<\/ul>\n<h3>Tengo motivos para preocuparme si mi hijo\/a:<\/h3>\n<ul>\n<li>siempre llega tarde a clase. Es posible que intente evitar a sus compa\u00f1eros\/as de clase en el recreo o en los pasillos;<\/li>\n<li>deja de querer participar en las actividades escolares y extraescolares;<\/li>\n<li>falta mucho a clase;<\/li>\n<li>sus notas empeoran;<\/li>\n<li>a menudo tiene dolores de cabeza o de est\u00f3mago;<\/li>\n<li>no duerme lo suficiente;<\/li>\n<li>presenta trastornos de alimentaci\u00f3n;<\/li>\n<li>se vuelve agresivo\/a;<\/li>\n<li>se a\u00edsla y se encierra en s\u00ed mismo\/a;<\/li>\n<li>tiene la autoestima baja.<\/li>\n<\/ul>\n<h3>Mi hijo\/a es v\u00edctima de acoso-ciberacoso. \u00bfQu\u00e9 puedo hacer?<\/h3>\n<ul>\n<li>Le pido que me describa la situaci\u00f3n en la que se encuentra.<\/li>\n<li>Lo\/la escucho sin juzgar.<\/li>\n<li>Le pido que me deje consultar los mensajes, fotos o v\u00eddeos que le conciernen y que circulan por Internet.<\/li>\n<li>Informo a su profesor\/a y a la direcci\u00f3n del colegio de la situaci\u00f3n para que se encarguen de esta lo antes posible y le pongan fin.<\/li>\n<li>No olvido que, en funci\u00f3n de los hechos, la ley puede proteger a mi hijo\/a.<\/li>\n<li>Con el consentimiento de mi hijo\/a, recopilo y conservo pruebas (fotos, v\u00eddeos o capturas de pantalla de los mensajes).<\/li>\n<li>Puedo contactar por tel\u00e9fono a la comisar\u00eda de polic\u00eda m\u00e1s cercana para informar de lo ocurrido.<\/li>\n<li>Siguiendo los consejos de la polic\u00eda:\n<ul>\n<li>Voy a comisar\u00eda con las pruebas, solo\/a o con mi hijo\/a;<\/li>\n<li>Pongo una denuncia;<\/li>\n<li>Denuncio el contenido y bloqueo la cuenta de los\/as acosadores\/as.<\/li>\n<\/ul>\n<\/li>\n<\/ul>\n<h3>Para ayudarme a acompa\u00f1ar a mi hijo\/a:<\/h3>\n<ul>\n<li>No olvido que \u00e9l\/ella es v\u00edctima. Culpabilizarlo\/a no resolver\u00e1 la situaci\u00f3n y no har\u00e1 que se sienta en confianza para contarme lo ocurrido y darme el m\u00e1ximo de informaci\u00f3n.<\/li>\n<li>Me muestro paciente. Mi hijo\/a necesita tiempo para contar lo que le ocurre.<\/li>\n<li>Propongo un apoyo psicol\u00f3gico a mi hijo\/a.<\/li>\n<\/ul>\n<h3>Si mi hijo\/a es testigo de acoso-ciberacoso:<\/h3>\n<ul>\n<li>Le explico que su papel es esencial y puede hacer que los adultos identifiquen la situaci\u00f3n y se encarguen de ella.\n<ul>\n<li>Lo\/la animo a que me lo cuente o a que se lo cuente a un adulto de confianza del colegio.<\/li>\n<li>Le pido que no participe en las burlas.<\/li>\n<li>Lo\/la animo a que muestre su apoyo a la v\u00edctima.<\/li>\n<li>Si mi hijo\/a teme a las represalias al mostrarse en contra de la situaci\u00f3n, le aconsejo que hable de ello con sus amigos\/as para ver si pueden actuar juntos.<\/li>\n<\/ul>\n<\/li>\n<\/ul>","protected":false},"excerpt":{"rendered":"<p>Ciberacoso El uso de las herramientas digitales conlleva una difusi\u00f3n m\u00e1s amplia y r\u00e1pida, sin l\u00edmites de espacio o de [&hellip;]<\/p>","protected":false},"author":9,"featured_media":0,"parent":1975,"menu_order":5,"comment_status":"closed","ping_status":"closed","template":"","meta":{"_acf_changed":false,"footnotes":""},"class_list":["post-2838","page","type-page","status-publish","hentry"],"acf":[],"_links":{"self":[{"href":"https:\/\/vivreaveclesecrans.actioninnocence.org\/es\/wp-json\/wp\/v2\/pages\/2838","targetHints":{"allow":["GET"]}}],"collection":[{"href":"https:\/\/vivreaveclesecrans.actioninnocence.org\/es\/wp-json\/wp\/v2\/pages"}],"about":[{"href":"https:\/\/vivreaveclesecrans.actioninnocence.org\/es\/wp-json\/wp\/v2\/types\/page"}],"author":[{"embeddable":true,"href":"https:\/\/vivreaveclesecrans.actioninnocence.org\/es\/wp-json\/wp\/v2\/users\/9"}],"replies":[{"embeddable":true,"href":"https:\/\/vivreaveclesecrans.actioninnocence.org\/es\/wp-json\/wp\/v2\/comments?post=2838"}],"version-history":[{"count":5,"href":"https:\/\/vivreaveclesecrans.actioninnocence.org\/es\/wp-json\/wp\/v2\/pages\/2838\/revisions"}],"predecessor-version":[{"id":4791,"href":"https:\/\/vivreaveclesecrans.actioninnocence.org\/es\/wp-json\/wp\/v2\/pages\/2838\/revisions\/4791"}],"up":[{"embeddable":true,"href":"https:\/\/vivreaveclesecrans.actioninnocence.org\/es\/wp-json\/wp\/v2\/pages\/1975"}],"wp:attachment":[{"href":"https:\/\/vivreaveclesecrans.actioninnocence.org\/es\/wp-json\/wp\/v2\/media?parent=2838"}],"curies":[{"name":"wp","href":"https:\/\/api.w.org\/{rel}","templated":true}]}}