{"id":2834,"date":"2024-09-24T13:37:49","date_gmt":"2024-09-24T11:37:49","guid":{"rendered":"https:\/\/vivreaveclesecrans.actioninnocence.org\/?page_id=2834"},"modified":"2024-10-10T16:49:29","modified_gmt":"2024-10-10T14:49:29","slug":"exposicion-a-contenido-de-caracter-violento-o-pornografico","status":"publish","type":"page","link":"https:\/\/vivreaveclesecrans.actioninnocence.org\/es\/vivir-entre-pantallas\/exposicion-a-contenido-de-caracter-violento-o-pornografico\/","title":{"rendered":"Exposici\u00f3n a contenido de car\u00e1cter violento o pornogr\u00e1fico"},"content":{"rendered":"<h3>Ese tipo de contenido puede aparecer:<\/h3>\n<ul>\n<li>En un mensaje (por e-mail, sistema de mensajer\u00eda, etc.)<\/li>\n<li>Haciendo una b\u00fasqueda por Internet<\/li>\n<li>En las redes sociales<\/li>\n<li>Mientras juega a un videojuego, mira una serie o una pel\u00edcula que no se adapta a su edad<\/li>\n<\/ul>\n<h3>Le ense\u00f1o c\u00f3mo protegerse:<\/h3>\n<ul>\n<li>Es importante no abrir enlaces de personas desconocidas que le llegan por correo electr\u00f3nico, mensajer\u00eda o por las redes sociales.<\/li>\n<li>Mientras realiza una b\u00fasqueda por Internet, puede que aparezca contenido que no se adapta a su edad, incluso cuando la b\u00fasqueda no est\u00e1 relacionada con un tema violento o pornogr\u00e1fico.<\/li>\n<li>En las redes sociales, puede aparecer contenido ofensivo en su muro.<\/li>\n<\/ul>\n<h3>Lo\/la acompa\u00f1o:<\/h3>\n<ul>\n<li>Muestro inter\u00e9s por las personalidades <em>(influencers)<\/em> y por el contenido que mi hijo\/a sigue en Internet y en las redes sociales.<\/li>\n<li>Le dejo claro que puede hablar conmigo en todo momento, aunque se sienta avergonzado\/a por el contenido que ha visto.<\/li>\n<li>Le aconsejo que encuentre a personas adultas de confianza con quien poder hablar (profesores\/as, enfermeros\/as escolares, etc.).<\/li>\n<li>En funci\u00f3n de su edad, instalo un control parental.<\/li>\n<\/ul>\n<h3>Le explico por qu\u00e9 no debe compartir ese tipo de contenido:<\/h3>\n<ul>\n<li>Un contenido violento o pornogr\u00e1fico puede impactar a otras personas.<\/li>\n<li>Ese tipo de contenido puede ser ilegal. Tenerlo en su posesi\u00f3n y compartirlo puede ser sancionado por la ley.<\/li>\n<li>En Suiza, mi hijo\/a es responsable de sus actos ante la ley a partir de los 10 a\u00f1os.<\/li>\n<\/ul>\n<h3>Tengo motivos para preocuparme si mi hijo\/a:<\/h3>\n<ul>\n<li>pasa cada vez m\u00e1s tiempo en Internet o, al contrario, evita conectarse;<\/li>\n<li>falta mucho a clase;<\/li>\n<li>sus notas empeoran;<\/li>\n<li>tiene dolores de cabeza o de est\u00f3mago;<\/li>\n<li>no duerme lo suficiente;<\/li>\n<li>se vuelve agresivo\/a;<\/li>\n<li>se a\u00edsla y se encierra en s\u00ed mismo\/a.<\/li>\n<\/ul>\n<h3>Mi hijo\/a est\u00e1 expuesto\/a a contenido violento o pornogr\u00e1fico. \u00bfQu\u00e9 puedo hacer?<\/h3>\n<ul>\n<li>Lo\/la escucho y lo\/la animo a que hable.<\/li>\n<li>Lo\/la ayudo a comprender lo que ha visto y lo\/la tranquilizo:\n<ul>\n<li>Dejo que exprese sus emociones. Mi hijo\/a puede sentir miedo, angustia, asco, verg\u00fcenza, etc.<\/li>\n<li>No lo\/la juzgo.<\/li>\n<li>Le doy explicaciones adaptadas a su edad y a su nivel de lenguaje. Cuanto m\u00e1s peque\u00f1o\/a sea, m\u00e1s sencillas tendr\u00e1n que ser las palabras que utilice.<\/li>\n<li>Doy explicaciones generales y dejo que mi hijo\/a oriente sus preguntas para que pueda identificar lo que quiere saber o lo que le preocupa.<\/li>\n<\/ul>\n<\/li>\n<\/ul>","protected":false},"excerpt":{"rendered":"<p>Ese tipo de contenido puede aparecer: En un mensaje (por e-mail, sistema de mensajer\u00eda, etc.) Haciendo una b\u00fasqueda por Internet [&hellip;]<\/p>","protected":false},"author":9,"featured_media":0,"parent":1975,"menu_order":4,"comment_status":"closed","ping_status":"closed","template":"","meta":{"_acf_changed":false,"footnotes":""},"class_list":["post-2834","page","type-page","status-publish","hentry"],"acf":[],"_links":{"self":[{"href":"https:\/\/vivreaveclesecrans.actioninnocence.org\/es\/wp-json\/wp\/v2\/pages\/2834","targetHints":{"allow":["GET"]}}],"collection":[{"href":"https:\/\/vivreaveclesecrans.actioninnocence.org\/es\/wp-json\/wp\/v2\/pages"}],"about":[{"href":"https:\/\/vivreaveclesecrans.actioninnocence.org\/es\/wp-json\/wp\/v2\/types\/page"}],"author":[{"embeddable":true,"href":"https:\/\/vivreaveclesecrans.actioninnocence.org\/es\/wp-json\/wp\/v2\/users\/9"}],"replies":[{"embeddable":true,"href":"https:\/\/vivreaveclesecrans.actioninnocence.org\/es\/wp-json\/wp\/v2\/comments?post=2834"}],"version-history":[{"count":7,"href":"https:\/\/vivreaveclesecrans.actioninnocence.org\/es\/wp-json\/wp\/v2\/pages\/2834\/revisions"}],"predecessor-version":[{"id":4790,"href":"https:\/\/vivreaveclesecrans.actioninnocence.org\/es\/wp-json\/wp\/v2\/pages\/2834\/revisions\/4790"}],"up":[{"embeddable":true,"href":"https:\/\/vivreaveclesecrans.actioninnocence.org\/es\/wp-json\/wp\/v2\/pages\/1975"}],"wp:attachment":[{"href":"https:\/\/vivreaveclesecrans.actioninnocence.org\/es\/wp-json\/wp\/v2\/media?parent=2834"}],"curies":[{"name":"wp","href":"https:\/\/api.w.org\/{rel}","templated":true}]}}