{"id":2831,"date":"2024-09-24T13:36:30","date_gmt":"2024-09-24T11:36:30","guid":{"rendered":"https:\/\/vivreaveclesecrans.actioninnocence.org\/?page_id=2831"},"modified":"2024-10-11T11:32:15","modified_gmt":"2024-10-11T09:32:15","slug":"mi-hijo-a-usa-internet-y-las-redes-sociales","status":"publish","type":"page","link":"https:\/\/vivreaveclesecrans.actioninnocence.org\/es\/vivir-entre-pantallas\/mi-hijo-a-usa-internet-y-las-redes-sociales\/","title":{"rendered":"Mi hijo\/a usa Internet y las redes sociales"},"content":{"rendered":"<h3>No olvido que Internet y las redes sociales le permiten:<\/h3>\n<ul>\n<li>Estar en contacto con sus amigos\/as<\/li>\n<li>Participar en debates que significan mucho para \u00e9l\/ella<\/li>\n<li>Sentirse validado\/a y reconocido\/a<\/li>\n<li>Desarrollar su creatividad y su imaginaci\u00f3n<\/li>\n<li>Buscar informaci\u00f3n<\/li>\n<li>Aprender y descubrir cosas nuevas<\/li>\n<\/ul>\n<h3>Le ense\u00f1o c\u00f3mo protegerse:<\/h3>\n<ul>\n<li>En Internet, es importante proteger sus datos personales, su vida privada y su intimidad.<\/li>\n<li>Es necesario utilizar contrase\u00f1as diferentes, cambiarlas de manera regular y no compartirlas con nadie.<\/li>\n<li>Lo que publica (fotos, v\u00eddeos, mensajes, etc.) se queda para siempre en Internet y le crea una reputaci\u00f3n (imagen que los dem\u00e1s se hacen de \u00e9l\/ella).<\/li>\n<li>Los datos personales que cuelga o publica pueden ser utilizados en su contra.<\/li>\n<li>Las personas que conoce en Internet pueden estar mintiendo. Nunca se sabe qui\u00e9n se esconde detr\u00e1s de la pantalla.<\/li>\n<li>Algunos contenidos en l\u00ednea no son aptos para su edad y pueden impactarlo\/a.<\/li>\n<li>Si se ha publicado una foto de \u00e9l\/ella sin su consentimiento, tiene derecho a pedir que la supriman.<\/li>\n<\/ul>\n<h3>Le explico que Internet no es una zona de no derecho:<\/h3>\n<ul>\n<li>Seg\u00fan la ley, queda prohibido:\n<ul>\n<li>Insultar o amenazar a alguien por Internet;<\/li>\n<li>Atentar contra la reputaci\u00f3n de alguien;<\/li>\n<li>Publicar fotos o videos sin el consentimiento de la persona que aparece en estas\/os.<\/li>\n<\/ul>\n<\/li>\n<li>Si mi hijo\/a se ve en una de estas situaciones tiene derecho a denunciar.<\/li>\n<li>En Suiza, mi hijo\/a es responsable de sus actos ante la ley a partir de los 10 a\u00f1os.<\/li>\n<\/ul>\n<h3>Lo\/la acompa\u00f1o:<\/h3>\n<ul>\n<li>Ayudo a mi hijo\/a a configurar los par\u00e1metros de confidencialidad de las redes sociales.<\/li>\n<li>Me informo sobre las aplicaciones que se descarga.<\/li>\n<li>Estoy a su lado para escucharlo\/a si tiene preguntas o se enfrenta a una situaci\u00f3n dif\u00edcil.<\/li>\n<li>Reduzco el uso de las pantallas para darle un buen ejemplo.<\/li>\n<\/ul>\n<h3>Pongo una serie de reglas:<\/h3>\n<ul>\n<li>Limito el tiempo de uso de las pantallas para que mi hijo\/a pueda:\n<ul>\n<li>hacer ejercicio;<\/li>\n<li>dormir lo suficiente;<\/li>\n<li>hacer actividades variadas.<\/li>\n<\/ul>\n<\/li>\n<li>Hablo con \u00e9l\/ella de esas reglas.<\/li>\n<li>Lo\/la animo a escribir las reglas y a colgarlas en alg\u00fan lugar visible.<\/li>\n<li>Voy cambiando las reglas adapt\u00e1ndolas a la edad de mi hijo\/a.<\/li>\n<li>Hablo de las consecuencias en caso de que no se respeten dichas reglas.<\/li>\n<\/ul>\n<h3>Tengo motivos para preocuparme si mi hijo\/a:<\/h3>\n<ul>\n<li>pasa cada vez m\u00e1s tiempo en Internet y descuida las otras actividades;<\/li>\n<li>pasa menos tiempo con sus amigos\/as;<\/li>\n<li>falta mucho a clase;<\/li>\n<li>sus notas empeoran;<\/li>\n<li>no duerme lo suficiente;<\/li>\n<li>se vuelve agresivo\/a;<\/li>\n<li>se a\u00edsla y se encierra en s\u00ed mismo\/a.<\/li>\n<\/ul>","protected":false},"excerpt":{"rendered":"<p>No olvido que Internet y las redes sociales le permiten: Estar en contacto con sus amigos\/as Participar en debates que [&hellip;]<\/p>","protected":false},"author":9,"featured_media":0,"parent":1975,"menu_order":3,"comment_status":"closed","ping_status":"closed","template":"","meta":{"_acf_changed":false,"footnotes":""},"class_list":["post-2831","page","type-page","status-publish","hentry"],"acf":[],"_links":{"self":[{"href":"https:\/\/vivreaveclesecrans.actioninnocence.org\/es\/wp-json\/wp\/v2\/pages\/2831","targetHints":{"allow":["GET"]}}],"collection":[{"href":"https:\/\/vivreaveclesecrans.actioninnocence.org\/es\/wp-json\/wp\/v2\/pages"}],"about":[{"href":"https:\/\/vivreaveclesecrans.actioninnocence.org\/es\/wp-json\/wp\/v2\/types\/page"}],"author":[{"embeddable":true,"href":"https:\/\/vivreaveclesecrans.actioninnocence.org\/es\/wp-json\/wp\/v2\/users\/9"}],"replies":[{"embeddable":true,"href":"https:\/\/vivreaveclesecrans.actioninnocence.org\/es\/wp-json\/wp\/v2\/comments?post=2831"}],"version-history":[{"count":6,"href":"https:\/\/vivreaveclesecrans.actioninnocence.org\/es\/wp-json\/wp\/v2\/pages\/2831\/revisions"}],"predecessor-version":[{"id":4829,"href":"https:\/\/vivreaveclesecrans.actioninnocence.org\/es\/wp-json\/wp\/v2\/pages\/2831\/revisions\/4829"}],"up":[{"embeddable":true,"href":"https:\/\/vivreaveclesecrans.actioninnocence.org\/es\/wp-json\/wp\/v2\/pages\/1975"}],"wp:attachment":[{"href":"https:\/\/vivreaveclesecrans.actioninnocence.org\/es\/wp-json\/wp\/v2\/media?parent=2831"}],"curies":[{"name":"wp","href":"https:\/\/api.w.org\/{rel}","templated":true}]}}