{"id":2829,"date":"2024-09-24T13:33:07","date_gmt":"2024-09-24T11:33:07","guid":{"rendered":"https:\/\/vivreaveclesecrans.actioninnocence.org\/?page_id=2829"},"modified":"2024-10-14T11:58:25","modified_gmt":"2024-10-14T09:58:25","slug":"mi-hijo-a-juega-a-videojuegos","status":"publish","type":"page","link":"https:\/\/vivreaveclesecrans.actioninnocence.org\/es\/vivir-entre-pantallas\/mi-hijo-a-juega-a-videojuegos\/","title":{"rendered":"Mi hijo\/a juega a videojuegos"},"content":{"rendered":"<h3>No olvido que los videojuegos le permiten:<\/h3>\n<ul>\n<li>Disfrutar y pas\u00e1rselo bien<\/li>\n<li>Desarrollar nuevas habilidades<\/li>\n<li>Progresar y ganar<\/li>\n<li>Sentirse valorado\/a<\/li>\n<li>Jugar con sus amigos\/as y sus compa\u00f1eros\/as de clase<\/li>\n<li>Hablar de videojuegos con ellos\/as<\/li>\n<\/ul>\n<h3>Me intereso por su contenido:<\/h3>\n<ul>\n<li>Busco informaci\u00f3n en Internet y hablo con los otros padres antes de comprar un juego.<\/li>\n<li>Me informo sobre el contenido y la edad recomendada en <a href=\"https:\/\/pegi.info\/es\" target=\"_blank\" rel=\"noopener\">www.pegi.info\/es<\/a>.<\/li>\n<li>Me informo sobre la duraci\u00f3n de las partidas.<\/li>\n<li>Soy consciente de que algunos juegos proponen compras integradas.<\/li>\n<\/ul>\n<h3>Soy consciente de que mi hijo\/a puede jugar en plataformas de videojuegos en l\u00ednea que le permiten:<\/h3>\n<ul>\n<li>Hablar con otros\/as jugadores\/as que pueden ser desconocidos;<\/li>\n<li>Enviarles mensajes, fotos y v\u00eddeos.<\/li>\n<\/ul>\n<h3>Le ense\u00f1o c\u00f3mo protegerse:<\/h3>\n<ul>\n<li>En Internet, es importante proteger sus datos personales, su vida privada y su intimidad.<\/li>\n<li>Es necesario utilizar contrase\u00f1as diferentes, cambiarlas de manera regular y no compartirlas con nadie.<\/li>\n<li>Lo que publica (fotos, v\u00eddeos, mensajes, etc.) se queda en Internet para siempre y le crea una reputaci\u00f3n (la imagen que los dem\u00e1s se hacen de \u00e9l\/ella).<\/li>\n<li>Los datos personales que cuelga o publica pueden ser utilizados en su contra.<\/li>\n<li>Las personas que conoce en Internet pueden estar mintiendo. Nunca se sabe qui\u00e9n se esconde detr\u00e1s de la pantalla.<\/li>\n<li>Algunos contenidos no son aptos para su edad y pueden impactarlo\/la.<\/li>\n<\/ul>\n<h3>Le explico que las plataformas de videojuegos en l\u00ednea no son zonas de no derecho:<\/h3>\n<ul>\n<li>Seg\u00fan la ley, queda prohibido:\n<ul>\n<li>Insultar o amenazar a alguien en esas plataformas;<\/li>\n<li>Atentar contra la reputaci\u00f3n de alguien;<\/li>\n<li>Publicar fotos o videos sin el acuerdo de la persona que aparece en estas\/os.<\/li>\n<\/ul>\n<\/li>\n<li>Si mi hijo\/a se ve en una de estas situaciones tiene derecho a denunciar.<\/li>\n<li>En Suiza, mi hijo\/a es responsable de sus actos ante la ley a partir de los 10 a\u00f1os.<\/li>\n<\/ul>\n<h3>Pongo una serie de reglas:<\/h3>\n<ul>\n<li>Limito el tiempo de uso de las pantallas para que mi hijo\/a pueda:\n<ul>\n<li>Hacer ejercicio;<\/li>\n<li>Dormir lo suficiente;<\/li>\n<li>Hacer actividades variadas.<\/li>\n<\/ul>\n<\/li>\n<li>Hablo con \u00e9l\/ella de esas reglas.<\/li>\n<li>Lo\/la animo a escribir las reglas y a colgarlas en alg\u00fan lugar visible.<\/li>\n<li>Voy cambiando las reglas adapt\u00e1ndolas a la edad de mi hijo\/a.<\/li>\n<li>Hablo de las consecuencias en caso de que no se respeten dichas reglas.<\/li>\n<\/ul>\n<h3>Para ayudarme a mantener los l\u00edmites:<\/h3>\n<ul>\n<li>Pongo ciertas reglas y l\u00edmites para el bienestar de mi hijo\/a.<\/li>\n<li>Le ense\u00f1o a gestionar sus emociones cuando \u00e9l\/ella juega o cuando llega el momento de parar de jugar.<\/li>\n<li>Instalo un control parental.<\/li>\n<li>Utilizo un temporizador para limitar la duraci\u00f3n del juego.<\/li>\n<li>Disminuyo el uso de pantallas para darle un buen ejemplo.<\/li>\n<li>Dedico tiempo a observar a mi hijo\/a mientras juega, le felicito y lo\/la animo.<\/li>\n<li>Juego a un videojuego con \u00e9l\/ella.<\/li>\n<\/ul>\n<h3>Tengo motivos para preocuparme si mi hijo\/a:<\/h3>\n<ul>\n<li>pasa cada vez m\u00e1s tiempo jugando y descuida las otras actividades;<\/li>\n<li>se enfada de manera regular si no puede jugar o cuando tiene que parar de jugar;<\/li>\n<li>falta mucho a clase;<\/li>\n<li>sus notas empeoran;<\/li>\n<li>no duerme lo suficiente;<\/li>\n<li>se vuelve agresivo\/a;<\/li>\n<li>se a\u00edsla y se encierra en s\u00ed mismo\/a.<\/li>\n<\/ul>","protected":false},"excerpt":{"rendered":"<p>No olvido que los videojuegos le permiten: Disfrutar y pas\u00e1rselo bien Desarrollar nuevas habilidades Progresar y ganar Sentirse valorado\/a Jugar [&hellip;]<\/p>","protected":false},"author":9,"featured_media":0,"parent":1975,"menu_order":2,"comment_status":"closed","ping_status":"closed","template":"","meta":{"_acf_changed":false,"footnotes":""},"class_list":["post-2829","page","type-page","status-publish","hentry"],"acf":[],"_links":{"self":[{"href":"https:\/\/vivreaveclesecrans.actioninnocence.org\/es\/wp-json\/wp\/v2\/pages\/2829","targetHints":{"allow":["GET"]}}],"collection":[{"href":"https:\/\/vivreaveclesecrans.actioninnocence.org\/es\/wp-json\/wp\/v2\/pages"}],"about":[{"href":"https:\/\/vivreaveclesecrans.actioninnocence.org\/es\/wp-json\/wp\/v2\/types\/page"}],"author":[{"embeddable":true,"href":"https:\/\/vivreaveclesecrans.actioninnocence.org\/es\/wp-json\/wp\/v2\/users\/9"}],"replies":[{"embeddable":true,"href":"https:\/\/vivreaveclesecrans.actioninnocence.org\/es\/wp-json\/wp\/v2\/comments?post=2829"}],"version-history":[{"count":3,"href":"https:\/\/vivreaveclesecrans.actioninnocence.org\/es\/wp-json\/wp\/v2\/pages\/2829\/revisions"}],"predecessor-version":[{"id":4859,"href":"https:\/\/vivreaveclesecrans.actioninnocence.org\/es\/wp-json\/wp\/v2\/pages\/2829\/revisions\/4859"}],"up":[{"embeddable":true,"href":"https:\/\/vivreaveclesecrans.actioninnocence.org\/es\/wp-json\/wp\/v2\/pages\/1975"}],"wp:attachment":[{"href":"https:\/\/vivreaveclesecrans.actioninnocence.org\/es\/wp-json\/wp\/v2\/media?parent=2829"}],"curies":[{"name":"wp","href":"https:\/\/api.w.org\/{rel}","templated":true}]}}