{"id":1975,"date":"2024-06-21T15:50:21","date_gmt":"2024-06-21T13:50:21","guid":{"rendered":"https:\/\/vivreaveclesecrans.actioninnocence.org\/?page_id=1975"},"modified":"2025-08-25T17:01:46","modified_gmt":"2025-08-25T15:01:46","slug":"vivir-entre-pantallas","status":"publish","type":"page","link":"https:\/\/vivreaveclesecrans.actioninnocence.org\/es\/vivir-entre-pantallas\/","title":{"rendered":"Ni\u00f1os, pantallas, padres: \u00bfc\u00f3mo vivir juntos?"},"content":{"rendered":"<h2>Presentaci\u00f3n de la Fundaci\u00f3n<\/h2>\n<p>Action Innocence (Acci\u00f3n Inocencia) es una fundaci\u00f3n creada en 1999 en Ginebra que tiene como objetivo promocionar un uso saludable y moderado de las pantallas. Interviene en los colegios, crea material de prevenci\u00f3n y programas de formaci\u00f3n para los profesionales de la educaci\u00f3n y de la salud y lleva a cabo grandes campa\u00f1as de sensibilizaci\u00f3n.<\/p>","protected":false},"excerpt":{"rendered":"<p>Presentaci\u00f3n de la Fundaci\u00f3n Action Innocence (Acci\u00f3n Inocencia) es una fundaci\u00f3n creada en 1999 en Ginebra que tiene como objetivo [&hellip;]<\/p>","protected":false},"author":1,"featured_media":0,"parent":0,"menu_order":2,"comment_status":"closed","ping_status":"closed","template":"Template-home-Language.php","meta":{"_acf_changed":false,"footnotes":""},"class_list":["post-1975","page","type-page","status-publish","hentry"],"acf":[],"_links":{"self":[{"href":"https:\/\/vivreaveclesecrans.actioninnocence.org\/es\/wp-json\/wp\/v2\/pages\/1975","targetHints":{"allow":["GET"]}}],"collection":[{"href":"https:\/\/vivreaveclesecrans.actioninnocence.org\/es\/wp-json\/wp\/v2\/pages"}],"about":[{"href":"https:\/\/vivreaveclesecrans.actioninnocence.org\/es\/wp-json\/wp\/v2\/types\/page"}],"author":[{"embeddable":true,"href":"https:\/\/vivreaveclesecrans.actioninnocence.org\/es\/wp-json\/wp\/v2\/users\/1"}],"replies":[{"embeddable":true,"href":"https:\/\/vivreaveclesecrans.actioninnocence.org\/es\/wp-json\/wp\/v2\/comments?post=1975"}],"version-history":[{"count":10,"href":"https:\/\/vivreaveclesecrans.actioninnocence.org\/es\/wp-json\/wp\/v2\/pages\/1975\/revisions"}],"predecessor-version":[{"id":5137,"href":"https:\/\/vivreaveclesecrans.actioninnocence.org\/es\/wp-json\/wp\/v2\/pages\/1975\/revisions\/5137"}],"wp:attachment":[{"href":"https:\/\/vivreaveclesecrans.actioninnocence.org\/es\/wp-json\/wp\/v2\/media?parent=1975"}],"curies":[{"name":"wp","href":"https:\/\/api.w.org\/{rel}","templated":true}]}}