{"id":2979,"date":"2024-09-25T11:04:27","date_gmt":"2024-09-25T09:04:27","guid":{"rendered":"https:\/\/vivreaveclesecrans.actioninnocence.org\/?page_id=2979"},"modified":"2024-10-10T16:46:02","modified_gmt":"2024-10-10T14:46:02","slug":"mobbing-und-cybermobbing-unter-schuelern","status":"publish","type":"page","link":"https:\/\/vivreaveclesecrans.actioninnocence.org\/de\/mit-bildschirmen-leben\/mobbing-und-cybermobbing-unter-schuelern\/","title":{"rendered":"Mobbing und Cybermobbing unter Sch\u00fclern"},"content":{"rendered":"<h3>Cybermobbing<\/h3>\n<p>Die Nutzung digitaler Tools f\u00fchrt zu einer breiteren und schnelleren Verbreitung ohne Orts- und Zeitbeschr\u00e4nkung (24 Stunden am Tag und 7 Tage die Woche), wodurch das Ph\u00e4nomen des Mobbings verst\u00e4rkt wird.<\/p>\n<p>Mobbing und Cybermobbing k\u00f6nnen schwerwiegende Folgen f\u00fcr die physische und psychische Gesundheit eines Kindes haben.<\/p>\n<h3>Ich unterst\u00fctze mein Kind:<\/h3>\n<ul>\n<li>Ich mache meinem Kind deutlich, dass es sich jederzeit an mich wenden kann.<\/li>\n<li>Ich rate ihm, dar\u00fcber nachzudenken, an welche vertrauensw\u00fcrdigen Erwachsenen es sich wenden kann (Lehrer:innen, Mitarbeitende des schul\u00e4rztlichen Dienstes, Schulpsycholog:innen usw.).<\/li>\n<li>Ich erkl\u00e4re ihm, dass es nicht f\u00fcr die H\u00e4nseleien verantwortlich ist, denen es sich ggf. ausgesetzt sieht.<\/li>\n<li>Ich zeige ihm meine Unterst\u00fctzung. Ich bin da, um es zu besch\u00fctzen, sofern es Vergeltungsma\u00dfnahmen ausgesetzt ist.<\/li>\n<\/ul>\n<h3>Ich mache mir zu Recht Sorgen, wenn mein Kind:<\/h3>\n<ul>\n<li>immer zu sp\u00e4t zum Unterricht kommt. Vielleicht versucht es, Mitsch\u00fclern auf dem Schulhof oder in den G\u00e4ngen aus dem Weg zu gehen.<\/li>\n<li>sich nicht mehr an schulischen und ausserschulischen Aktivit\u00e4ten beteiligen m\u00f6chte.<\/li>\n<li>h\u00e4ufig in der Schule fehlt.<\/li>\n<li>nachlassende schulische Leistungen hat.<\/li>\n<li>h\u00e4ufig Kopf- oder Bauchschmerzen hat.<\/li>\n<li>an Schlafmangel leidet.<\/li>\n<li>eine Essst\u00f6rung hat.<\/li>\n<li>aggressiv wird.<\/li>\n<li>sich isoliert und verschliesst.<\/li>\n<li>ein geringes Selbstwertgef\u00fchl zeigt.<\/li>\n<\/ul>\n<h3>Mein Kind ist Opfer von Mobbing\/Cybermobbing. Was kann ich tun?<\/h3>\n<ul>\n<li>Ich bitte es, mir die Lage zu beschreiben, in der es sich befindet.<\/li>\n<li>Ich h\u00f6re ihm zu, ohne zu urteilen.<\/li>\n<li>Ich bitte es, alle Nachrichten, Fotos oder Videos, die es im Internet betreffen, einsehen zu d\u00fcrfen.<\/li>\n<li>Ich informiere seine Lehrer:innen und die Schulleitung \u00fcber die Lage, damit sie so schnell wie m\u00f6glich gekl\u00e4rt und ausger\u00e4umt wird.<\/li>\n<li>Ich erinnere mich daran, dass das Gesetz mein Kind je nach Sachlage sch\u00fctzen kann.<\/li>\n<li>Mit dem Einverst\u00e4ndnis meines Kindes sammle und speichere ich Beweismaterial (Fotos, Videos oder Screenshots von Nachrichten).<\/li>\n<li>Ich kann mich telefonisch mit der n\u00e4chstgelegenen Polizeidienststelle in Verbindung setzen und den Fall melden.<\/li>\n<li>Gem\u00e4ss den Ratschl\u00e4gen der Polizei:\n<ul>\n<li>gehe ich mit den Beweisen in Begleitung meines Kindes oder allein zur Polizeiwache.<\/li>\n<li>erstatte ich Anzeige.<\/li>\n<li>melde ich den Inhalt und lasse das Konto der Mobber:innen sperren.<\/li>\n<\/ul>\n<\/li>\n<\/ul>\n<h3>Was dabei helfen kann:<\/h3>\n<ul>\n<li>Ich mache mir bewusst, dass mein Kind Opfer ist. Schuldzuweisungen sind nicht zweckdienlich und vermitteln ihm nicht das n\u00f6tige Vertrauen, um mit mir zu reden und mir m\u00f6glichst viele Informationen zu geben.<\/li>\n<li>Ich bin geduldig. Mein Kind braucht Zeit, um zu erz\u00e4hlen, was mit ihm passiert.<\/li>\n<li>Ich biete meinem Kind psychologische Unterst\u00fctzung an.<\/li>\n<\/ul>\n<h3>Wenn mein Kind Zeuge von Mobbing\/ Cybermobbing wird:<\/h3>\n<ul>\n<li>Ich erkl\u00e4re ihm, dass seine Rolle entscheidend ist und es den Erwachsenen erm\u00f6glichen kann, die Lage zu erkennen und sich darum zu k\u00fcmmern.\n<ul>\n<li>Ich bitte es, mit mir zu sprechen oder sich einer erwachsenen Vertrauensperson in seiner Schule anzuvertrauen.<\/li>\n<li>Ich fordere es auf, sich nicht an etwaigen Sticheleien zu beteiligen.<\/li>\n<li>Ich ermutige es, seine Unterst\u00fctzung f\u00fcr das Opfer zum Ausdruck zu bringen.<\/li>\n<li>Wenn mein Kind Angst vor Vergeltungsmassnahmen hat oder in Anbetracht der Lage eine ablehnende Haltung zeigt, empfehle ich ihm, mit seinen Freunden dar\u00fcber zu sprechen, um zu sehen, ob sie gemeinsam etwas unternehmen k\u00f6nnen.<\/li>\n<\/ul>\n<\/li>\n<\/ul>","protected":false},"excerpt":{"rendered":"<p>Cybermobbing Die Nutzung digitaler Tools f\u00fchrt zu einer breiteren und schnelleren Verbreitung ohne Orts- und Zeitbeschr\u00e4nkung (24 Stunden am Tag [&hellip;]<\/p>","protected":false},"author":9,"featured_media":0,"parent":1914,"menu_order":5,"comment_status":"closed","ping_status":"closed","template":"","meta":{"_acf_changed":false,"footnotes":""},"class_list":["post-2979","page","type-page","status-publish","hentry"],"acf":[],"_links":{"self":[{"href":"https:\/\/vivreaveclesecrans.actioninnocence.org\/de\/wp-json\/wp\/v2\/pages\/2979","targetHints":{"allow":["GET"]}}],"collection":[{"href":"https:\/\/vivreaveclesecrans.actioninnocence.org\/de\/wp-json\/wp\/v2\/pages"}],"about":[{"href":"https:\/\/vivreaveclesecrans.actioninnocence.org\/de\/wp-json\/wp\/v2\/types\/page"}],"author":[{"embeddable":true,"href":"https:\/\/vivreaveclesecrans.actioninnocence.org\/de\/wp-json\/wp\/v2\/users\/9"}],"replies":[{"embeddable":true,"href":"https:\/\/vivreaveclesecrans.actioninnocence.org\/de\/wp-json\/wp\/v2\/comments?post=2979"}],"version-history":[{"count":5,"href":"https:\/\/vivreaveclesecrans.actioninnocence.org\/de\/wp-json\/wp\/v2\/pages\/2979\/revisions"}],"predecessor-version":[{"id":4773,"href":"https:\/\/vivreaveclesecrans.actioninnocence.org\/de\/wp-json\/wp\/v2\/pages\/2979\/revisions\/4773"}],"up":[{"embeddable":true,"href":"https:\/\/vivreaveclesecrans.actioninnocence.org\/de\/wp-json\/wp\/v2\/pages\/1914"}],"wp:attachment":[{"href":"https:\/\/vivreaveclesecrans.actioninnocence.org\/de\/wp-json\/wp\/v2\/media?parent=2979"}],"curies":[{"name":"wp","href":"https:\/\/api.w.org\/{rel}","templated":true}]}}