{"id":2974,"date":"2024-09-25T11:00:34","date_gmt":"2024-09-25T09:00:34","guid":{"rendered":"https:\/\/vivreaveclesecrans.actioninnocence.org\/?page_id=2974"},"modified":"2024-10-14T11:23:39","modified_gmt":"2024-10-14T09:23:39","slug":"schutz-vor-gewalttaetigen-oder-pornografischen-inhalten","status":"publish","type":"page","link":"https:\/\/vivreaveclesecrans.actioninnocence.org\/de\/mit-bildschirmen-leben\/schutz-vor-gewalttaetigen-oder-pornografischen-inhalten\/","title":{"rendered":"Schutz vor gewaltt\u00e4tigen oder pornografischen Inhalten"},"content":{"rendered":"<h3>Dies kann auf verschiedene Art und Weisen geschehen:<\/h3>\n<ul>\n<li>in einer Nachricht (per E-Mail, Chat usw.).<\/li>\n<li>bei einer Suche im Internet.<\/li>\n<li>in sozialen Netzwerken.<\/li>\n<li>wenn es ein Videospiel spielt oder sich eine Serie oder einen Film ansieht, deren Inhalt f\u00fcr sein Alter ungeeignet ist.<\/li>\n<\/ul>\n<h3>Ich bringe ihm bei, sich zu sch\u00fctzen:<\/h3>\n<ul>\n<li>Es ist wichtig, nicht auf einen Link zu klicken, den eine unbekannte Person per E-Mail, Chat oder in sozialen Netzwerken verschickt.<\/li>\n<li>Bei einer Internetsuche k\u00f6nnen unangemessene Inhalte angezeigt werden, auch wenn die Suche kein gewaltt\u00e4tiges oder pornografisches Thema betrifft.<\/li>\n<li>In sozialen Netzwerken kann es sein, dass anst\u00f6ssige Inhalte in seinem Newsfeed angezeigt werden (abonnierte elektronische Nachrichten im Internet).<\/li>\n<\/ul>\n<h3>Ich stehe ihm zur Seite:<\/h3>\n<ul>\n<li>Ich interessiere mich f\u00fcr Influencer und Themen, denen mein Kind im Internet und in sozialen Netzwerken folgt.<\/li>\n<li>Ich mache ihm deutlich, dass es sich jederzeit an mich wenden kann, auch wenn ihm der Inhalt, den es gesehen hat, peinlich ist.<\/li>\n<li>Ich rate ihm, dar\u00fcber nachzudenken, an welche vertrauensw\u00fcrdigen Erwachsenen es sich wenden kann (Lehrer:innen, Mitarbeitende des schul\u00e4rztlichen Dienstes, Schulpsycholog:innen usw.).<\/li>\n<li>Je nach Alter des Kindes richte ich eine Kindersicherung sein.<\/li>\n<\/ul>\n<h3>Ich erkl\u00e4re ihm, warum es derartige Inhalte nicht teilen sollte:<\/h3>\n<ul>\n<li>Gewaltt\u00e4tige oder pornografische Inhalte k\u00f6nnten andere Menschen schockieren.<\/li>\n<li>Derartige Inhalte k\u00f6nnen rechtswidrig sein. Ihr Besitz und ihre Weitergabe k\u00f6nnen kraft Gesetzes bestraft werden.<\/li>\n<li>In der Schweiz ist mein Kind ab dem Alter von 10 Jahren auf gesetzlicher Grundlage f\u00fcr seine Handlungen verantwortlich.<\/li>\n<\/ul>\n<h3>Ich mache mir zu Recht Sorgen, wenn mein Kind:<\/h3>\n<ul>\n<li>immer mehr Zeit im Internet verbringt oder es im Gegenteil vermeidet, sich einzuloggen.<\/li>\n<li>h\u00e4ufig in der Schule fehlt.<\/li>\n<li>nachlassende schulische Leistungen hat.<\/li>\n<li>h\u00e4ufig Kopf- oder Bauchschmerzen hat.<\/li>\n<li>Schlafmangel hat.<\/li>\n<li>aggressiv wird.<\/li>\n<li>sich isoliert und verschliesst.<\/li>\n<\/ul>\n<h3>Mein Kind wird mit gewaltt\u00e4tigen oder pornografischen Inhalten konfrontiert. Was kann ich tun?<\/h3>\n<ul>\n<li>Ich h\u00f6re ihm zu und ermutige es zum Reden.<\/li>\n<li>Ich helfe ihm zu verstehen, was es gesehen hat, und beruhige es:\n<ul>\n<li>Ich erm\u00f6gliche es ihm, seine Gef\u00fchle auszudr\u00fccken. Mein Kind kann Angst, Furcht, Ekel, Scham usw. empfinden.<\/li>\n<li>Ich verurteile es nicht.<\/li>\n<li>Ich gebe ihm Erkl\u00e4rungen, die seinem Alter und Sprachniveau entsprechen. Je j\u00fcnger es ist, desto einfacher sollten die gew\u00e4hlten W\u00f6rter sein.<\/li>\n<li>Ich gebe meinem Kind allgemeine Erkl\u00e4rungen und lasse es Fragen formulieren, damit es erkennen kann, was ihm fragw\u00fcrdig erscheint oder Sorgen bereitet.<\/li>\n<\/ul>\n<\/li>\n<\/ul>","protected":false},"excerpt":{"rendered":"<p>Dies kann auf verschiedene Art und Weisen geschehen: in einer Nachricht (per E-Mail, Chat usw.). bei einer Suche im Internet. [&hellip;]<\/p>","protected":false},"author":9,"featured_media":0,"parent":1914,"menu_order":4,"comment_status":"closed","ping_status":"closed","template":"","meta":{"_acf_changed":false,"footnotes":""},"class_list":["post-2974","page","type-page","status-publish","hentry"],"acf":[],"_links":{"self":[{"href":"https:\/\/vivreaveclesecrans.actioninnocence.org\/de\/wp-json\/wp\/v2\/pages\/2974","targetHints":{"allow":["GET"]}}],"collection":[{"href":"https:\/\/vivreaveclesecrans.actioninnocence.org\/de\/wp-json\/wp\/v2\/pages"}],"about":[{"href":"https:\/\/vivreaveclesecrans.actioninnocence.org\/de\/wp-json\/wp\/v2\/types\/page"}],"author":[{"embeddable":true,"href":"https:\/\/vivreaveclesecrans.actioninnocence.org\/de\/wp-json\/wp\/v2\/users\/9"}],"replies":[{"embeddable":true,"href":"https:\/\/vivreaveclesecrans.actioninnocence.org\/de\/wp-json\/wp\/v2\/comments?post=2974"}],"version-history":[{"count":7,"href":"https:\/\/vivreaveclesecrans.actioninnocence.org\/de\/wp-json\/wp\/v2\/pages\/2974\/revisions"}],"predecessor-version":[{"id":4851,"href":"https:\/\/vivreaveclesecrans.actioninnocence.org\/de\/wp-json\/wp\/v2\/pages\/2974\/revisions\/4851"}],"up":[{"embeddable":true,"href":"https:\/\/vivreaveclesecrans.actioninnocence.org\/de\/wp-json\/wp\/v2\/pages\/1914"}],"wp:attachment":[{"href":"https:\/\/vivreaveclesecrans.actioninnocence.org\/de\/wp-json\/wp\/v2\/media?parent=2974"}],"curies":[{"name":"wp","href":"https:\/\/api.w.org\/{rel}","templated":true}]}}