{"id":2970,"date":"2024-09-25T10:57:25","date_gmt":"2024-09-25T08:57:25","guid":{"rendered":"https:\/\/vivreaveclesecrans.actioninnocence.org\/?page_id=2970"},"modified":"2024-10-14T11:19:02","modified_gmt":"2024-10-14T09:19:02","slug":"mein-kind-nutzt-das-internet-und-soziale-netzwerke","status":"publish","type":"page","link":"https:\/\/vivreaveclesecrans.actioninnocence.org\/de\/mit-bildschirmen-leben\/mein-kind-nutzt-das-internet-und-soziale-netzwerke\/","title":{"rendered":"Mein Kind nutzt das Internet und soziale Netzwerke"},"content":{"rendered":"<h3>Mir ist bewusst, dass das Internet und die sozialen Netzwerke es ihm erm\u00f6glichen:<\/h3>\n<ul>\n<li>mit Freund:innen in Kontakt zu bleiben.<\/li>\n<li>sich an Diskussionen zu beteiligen, die ihm wichtig sind.<\/li>\n<li>Wertsch\u00e4tzung zu erhalten und anerkannt zu werden.<\/li>\n<li>Kreativit\u00e4t und Vorstellungskraft zu entwickeln.<\/li>\n<li>Informationen zu recherchieren.<\/li>\n<li>zu lernen und Neues zu entdecken.<\/li>\n<\/ul>\n<h3>Ich bringe ihm bei, sich zu sch\u00fctzen:<\/h3>\n<ul>\n<li>Im Internet ist es wichtig, pers\u00f6nliche Informationen, die eigene Privat- und Intimsph\u00e4re zu sch\u00fctzen.<\/li>\n<li>Es ist wichtig, unterschiedliche Passw\u00f6rter zu verwenden, sie regelm\u00e4ssig zu \u00e4ndern und geheim zu halten.<\/li>\n<li>Was es ver\u00f6ffentlicht (Fotos, Videos, Nachrichten usw.), bleibt f\u00fcr immer im Internet und beeinflusst seinen Ruf (das Bild, das sich andere von ihm\/ihr machen).<\/li>\n<li>Die pers\u00f6nlichen Daten, die es postet, k\u00f6nnen gegen es verwendet werden.<\/li>\n<li>Personen, die es trifft, k\u00f6nnen l\u00fcgen. Man weiss nie, wer sich hinter dem Bildschirm verbirgt.<\/li>\n<li>Manche Inhalte sind nicht altersgem\u00e4ss und k\u00f6nnten es schockieren.<\/li>\n<li>Wenn ohne seine Zustimmung ein Foto von ihm ver\u00f6ffentlicht wurde, ist es berechtigt, seine L\u00f6schung zu verlangen.<\/li>\n<\/ul>\n<h3>Ich erkl\u00e4re ihm, dass das Internet kein rechtsfreier Raum ist:<\/h3>\n<ul>\n<li>Aus Sicht des Gesetzes ist es verboten:\n<ul>\n<li>eine Person im Internet zu beleidigen oder zu bedrohen,<\/li>\n<li>dem Ruf von jemandem zu schaden,<\/li>\n<li>ohne die Zustimmung der darauf abgebildeten Person ein Foto oder Video zu ver\u00f6ffentlichen.<\/li>\n<\/ul>\n<\/li>\n<li>Wenn mein Kind in eine dieser Situationen ger\u00e4t, ist es berechtigt, Beschwerde einzureichen.<\/li>\n<li>In der Schweiz ist mein Kind ab dem Alter von 10 Jahren auf gesetzlicher Grundlage f\u00fcr seine Handlungen verantwortlich.<\/li>\n<\/ul>\n<h3>Ich begleite es:<\/h3>\n<ul>\n<li>Ich helfe meinem Kind, die Datenschutzeinstellungen f\u00fcr soziale Netzwerke festzulegen.<\/li>\n<li>Ich informiere mich \u00fcber die Programme, die es herunterl\u00e4dt.<\/li>\n<li>Ich h\u00f6re ihm zu, wenn es Fragen hat oder in eine schwierige Situation ger\u00e4t.<\/li>\n<li>Ich reduziere meine Bildschirmzeit, um mit gutem Beispiel voranzugehen.<\/li>\n<\/ul>\n<h3>Ich stelle Regeln auf:<\/h3>\n<ul>\n<li>Ich begrenze die Bildschirmzeit, damit mein Kind:\n<ul>\n<li>sich ausgiebig bewegen kann.<\/li>\n<li>ausreichend Schlaf hat.<\/li>\n<li>unterschiedlichen Aktivit\u00e4ten nachgehen kann.<\/li>\n<\/ul>\n<\/li>\n<li>Ich bespreche die Regeln mit ihm.<\/li>\n<li>Ich biete ihm an, die Regeln aufzuschreiben und auszuh\u00e4ngen.<\/li>\n<li>Ich passe die Regeln kontinuierlich an das Alter meines Kindes an.<\/li>\n<li>Ich spreche von den Konsequenzen eines Regelverstosses.<\/li>\n<\/ul>\n<h3>Ich mache mir zu Recht Sorgen, wenn mein Kind:<\/h3>\n<ul>\n<li>zunehmend Zeit im Internet verbringt und andere Aktivit\u00e4ten vernachl\u00e4ssigt.<\/li>\n<li>weniger Zeit mit seinen Freund:innen verbringt.<\/li>\n<li>h\u00e4ufig in der Schule fehlt.<\/li>\n<li>nachlassende schulische Leistungen hat.<\/li>\n<li>Schlafmangel hat.<\/li>\n<li>aggressiv wird.<\/li>\n<li>sich isoliert und verschliesst.<\/li>\n<\/ul>","protected":false},"excerpt":{"rendered":"<p>Mir ist bewusst, dass das Internet und die sozialen Netzwerke es ihm erm\u00f6glichen: mit Freund:innen in Kontakt zu bleiben. sich [&hellip;]<\/p>","protected":false},"author":9,"featured_media":0,"parent":1914,"menu_order":3,"comment_status":"closed","ping_status":"closed","template":"","meta":{"_acf_changed":false,"footnotes":""},"class_list":["post-2970","page","type-page","status-publish","hentry"],"acf":[],"_links":{"self":[{"href":"https:\/\/vivreaveclesecrans.actioninnocence.org\/de\/wp-json\/wp\/v2\/pages\/2970","targetHints":{"allow":["GET"]}}],"collection":[{"href":"https:\/\/vivreaveclesecrans.actioninnocence.org\/de\/wp-json\/wp\/v2\/pages"}],"about":[{"href":"https:\/\/vivreaveclesecrans.actioninnocence.org\/de\/wp-json\/wp\/v2\/types\/page"}],"author":[{"embeddable":true,"href":"https:\/\/vivreaveclesecrans.actioninnocence.org\/de\/wp-json\/wp\/v2\/users\/9"}],"replies":[{"embeddable":true,"href":"https:\/\/vivreaveclesecrans.actioninnocence.org\/de\/wp-json\/wp\/v2\/comments?post=2970"}],"version-history":[{"count":5,"href":"https:\/\/vivreaveclesecrans.actioninnocence.org\/de\/wp-json\/wp\/v2\/pages\/2970\/revisions"}],"predecessor-version":[{"id":4850,"href":"https:\/\/vivreaveclesecrans.actioninnocence.org\/de\/wp-json\/wp\/v2\/pages\/2970\/revisions\/4850"}],"up":[{"embeddable":true,"href":"https:\/\/vivreaveclesecrans.actioninnocence.org\/de\/wp-json\/wp\/v2\/pages\/1914"}],"wp:attachment":[{"href":"https:\/\/vivreaveclesecrans.actioninnocence.org\/de\/wp-json\/wp\/v2\/media?parent=2970"}],"curies":[{"name":"wp","href":"https:\/\/api.w.org\/{rel}","templated":true}]}}