{"id":2966,"date":"2024-09-25T10:52:16","date_gmt":"2024-09-25T08:52:16","guid":{"rendered":"https:\/\/vivreaveclesecrans.actioninnocence.org\/?page_id=2966"},"modified":"2024-10-14T10:35:54","modified_gmt":"2024-10-14T08:35:54","slug":"mein-kind-spielt-videospiele","status":"publish","type":"page","link":"https:\/\/vivreaveclesecrans.actioninnocence.org\/de\/mit-bildschirmen-leben\/mein-kind-spielt-videospiele\/","title":{"rendered":"Mein Kind spielt Videospiele"},"content":{"rendered":"<h3>Durch Videospiele kann mein Kind:<\/h3>\n<ul>\n<li>Spass haben und sich am\u00fcsieren.<\/li>\n<li>neue F\u00e4higkeiten entwickeln.<\/li>\n<li>Fortschritte machen und gewinnen.<\/li>\n<li>an Selbstwert gewinnen.<\/li>\n<li>mit Freunden und Klassenkameraden spielen.<\/li>\n<li>mit anderen Kindern \u00fcber Videospiele sprechen.<\/li>\n<\/ul>\n<h3>Ich interessiere mich f\u00fcr den Inhalt:<\/h3>\n<ul>\n<li>Ich informiere mich im Internet und bei anderen Eltern, bevor ich ein Videospiel kaufe.<\/li>\n<li>Ich informiere mich unter <a href=\"https:\/\/pegi.info\/de\" target=\"_blank\" rel=\"noopener\">www.pegi.info\/de<\/a> \u00fcber den Inhalt und das empfohlene Alter.<\/li>\n<li>Ich erkundige mich nach der Dauer der einzelnen Spielsequenzen.<\/li>\n<li>Mir ist bekannt, dass in einigen Spielen Kaufangebote gemacht werden.<\/li>\n<\/ul>\n<h3>Ich bin mir bewusst, dass mein Kind auf Online-Plattformen im Internet spielen kann, auf denen es:<\/h3>\n<ul>\n<li>mit anderen Spieler:innen diskutieren kann, die es nicht unbedingt kennt.<\/li>\n<li>anderen Spieler:innen Nachrichten, Fotos und Videos schicken kann.<\/li>\n<\/ul>\n<h3>Ich bringe meinem Kind bei, sich zu sch\u00fctzen:<\/h3>\n<ul>\n<li>Im Internet ist es wichtig, seine pers\u00f6nlichen Informationen, seine Privat- und Intimsph\u00e4re zu sch\u00fctzen.<\/li>\n<li>Es ist notwendig, unterschiedliche Passw\u00f6rter zu verwenden, sie regelm\u00e4ssig zu \u00e4ndern und geheim zu halten.<\/li>\n<li>Was es ver\u00f6ffentlicht (Fotos, Videos, Nachrichten usw.), bleibt f\u00fcr immer im Internet und beeinflusst seinen Ruf (das Bild, das sich andere von ihm machen).<\/li>\n<li>Die pers\u00f6nlichen Daten, die es postet, k\u00f6nnen gegen es verwendet werden.<\/li>\n<li>Die Personen, die es antrifft, k\u00f6nnen l\u00fcgen. Man weiss nie, wer sich hinter dem Bildschirm verbirgt.<\/li>\n<li>Manche Inhalte sind nicht altersgem\u00e4ss und k\u00f6nnten es schockieren.<\/li>\n<\/ul>\n<h3>Ich erkl\u00e4re ihm, dass Online-Plattformen f\u00fcr Videospiele keine rechtsfreien R\u00e4ume sind:<\/h3>\n<ul>\n<li>Aus Sicht des Gesetzes ist es verboten:\n<ul>\n<li>eine Person auf diesen Plattformen zu beleidigen oder zu bedrohen,<\/li>\n<li>dem Ruf von jemandem zu schaden,<\/li>\n<li>ohne die Zustimmung der darauf abgebildeten Person ein Foto oder Video zu ver\u00f6ffentlichen.<\/li>\n<\/ul>\n<\/li>\n<li>Wenn mein Kind in eine dieser Situationen ger\u00e4t, ist es berechtigt, Beschwerde einzureichen.<\/li>\n<li>In der Schweiz ist mein Kind ab dem Alter von 10 Jahren auf gesetzlicher Grundlage f\u00fcr seine Handlungen verantwortlich.<\/li>\n<\/ul>\n<h3>Ich stelle Regeln auf:<\/h3>\n<ul>\n<li>Ich begrenze die Bildschirmzeit, damit mein Kind\n<ul>\n<li>sich ausgiebig bewegen kann,<\/li>\n<li>gen\u00fcgend Schlaf hat,<\/li>\n<li>unterschiedlichen Aktivit\u00e4ten nachgehen kann.<\/li>\n<\/ul>\n<\/li>\n<li>Ich bespreche die Regeln mit ihm.<\/li>\n<li>Ich biete ihm an, die Regeln aufzuschreiben und auszuh\u00e4ngen.<\/li>\n<li>Ich passe die Regeln kontinuierlich an das Alter meines Kindes an.<\/li>\n<li>Ich spreche von den Konsequenzen eines Regelverstosses.<\/li>\n<\/ul>\n<h3>Was dabei helfen kann:<\/h3>\n<ul>\n<li>Ich lege Regeln fest und setze zugunsten des Wohlbefindens meines Kindes Grenzen.<\/li>\n<li>Ich bringe ihm bei, seine Gef\u00fchle zu beherrschen, wenn es spielt oder mit dem Spielen aufh\u00f6ren muss.<\/li>\n<li>Ich richte eine Kindersicherung ein.<\/li>\n<li>Ich benutze einen Timer, um die Dauer des Spiels zu begrenzen.<\/li>\n<li>Ich reduziere meine eigene Bildschirmzeit, um mit gutem Beispiel voranzugehen.<\/li>\n<li>Ich nehme mir Zeit, um mein Kind beim Spielen zu beobachten, lobe und ermutige es.<\/li>\n<li>Ich spiele mit ihm ein Videospiel.<\/li>\n<\/ul>\n<h3>Ich mache mir zu Recht Sorgen, wenn mein Kind:<\/h3>\n<ul>\n<li>zunehmend Zeit mit Videospielen verbringt und andere Aktivit\u00e4ten vernachl\u00e4ssigt.<\/li>\n<li>regelm\u00e4ssig w\u00fctend wird, sobald es nicht spielen kann oder mit dem Spielen aufh\u00f6ren muss.<\/li>\n<li>h\u00e4ufig in der Schule fehlt.<\/li>\n<li>nachlassende schulische Leistungen hat.<\/li>\n<li>Schlafmangel hat.<\/li>\n<li>aggressiv wird.<\/li>\n<li>sich isoliert und verschliesst.<\/li>\n<\/ul>","protected":false},"excerpt":{"rendered":"<p>Durch Videospiele kann mein Kind: Spass haben und sich am\u00fcsieren. neue F\u00e4higkeiten entwickeln. Fortschritte machen und gewinnen. an Selbstwert gewinnen. [&hellip;]<\/p>","protected":false},"author":9,"featured_media":0,"parent":1914,"menu_order":2,"comment_status":"closed","ping_status":"closed","template":"","meta":{"_acf_changed":false,"footnotes":""},"class_list":["post-2966","page","type-page","status-publish","hentry"],"acf":[],"_links":{"self":[{"href":"https:\/\/vivreaveclesecrans.actioninnocence.org\/de\/wp-json\/wp\/v2\/pages\/2966","targetHints":{"allow":["GET"]}}],"collection":[{"href":"https:\/\/vivreaveclesecrans.actioninnocence.org\/de\/wp-json\/wp\/v2\/pages"}],"about":[{"href":"https:\/\/vivreaveclesecrans.actioninnocence.org\/de\/wp-json\/wp\/v2\/types\/page"}],"author":[{"embeddable":true,"href":"https:\/\/vivreaveclesecrans.actioninnocence.org\/de\/wp-json\/wp\/v2\/users\/9"}],"replies":[{"embeddable":true,"href":"https:\/\/vivreaveclesecrans.actioninnocence.org\/de\/wp-json\/wp\/v2\/comments?post=2966"}],"version-history":[{"count":6,"href":"https:\/\/vivreaveclesecrans.actioninnocence.org\/de\/wp-json\/wp\/v2\/pages\/2966\/revisions"}],"predecessor-version":[{"id":4846,"href":"https:\/\/vivreaveclesecrans.actioninnocence.org\/de\/wp-json\/wp\/v2\/pages\/2966\/revisions\/4846"}],"up":[{"embeddable":true,"href":"https:\/\/vivreaveclesecrans.actioninnocence.org\/de\/wp-json\/wp\/v2\/pages\/1914"}],"wp:attachment":[{"href":"https:\/\/vivreaveclesecrans.actioninnocence.org\/de\/wp-json\/wp\/v2\/media?parent=2966"}],"curies":[{"name":"wp","href":"https:\/\/api.w.org\/{rel}","templated":true}]}}