{"id":1914,"date":"2024-06-21T15:50:21","date_gmt":"2024-06-21T13:50:21","guid":{"rendered":"https:\/\/vivreaveclesecrans.actioninnocence.org\/?page_id=1914"},"modified":"2025-08-25T16:56:11","modified_gmt":"2025-08-25T14:56:11","slug":"mit-bildschirmen-leben","status":"publish","type":"page","link":"https:\/\/vivreaveclesecrans.actioninnocence.org\/de\/mit-bildschirmen-leben\/","title":{"rendered":"Kinder, Bildschirme, Eltern: Wie miteinander umgehen?"},"content":{"rendered":"<h2>Pr\u00e4sentation der Stiftung<\/h2>\n<p>Action Innocence ist eine Stiftung, die 1999 in Genf mit dem Ziel gegr\u00fcndet wurde, einen gesunden und massvollen Umgang mit Bildschirmen zu f\u00f6rdern. Sie geht in Schulen, entwickelt Pr\u00e4ventionsmaterial und Schulungsprogramme f\u00fcr Fachkr\u00e4fte aus dem Bildungs- und Gesundheitswesen und f\u00fchrt gro\u00dfe Sensibilisierungskampagnen durch.<\/p>","protected":false},"excerpt":{"rendered":"<p>Pr\u00e4sentation der Stiftung Action Innocence ist eine Stiftung, die 1999 in Genf mit dem Ziel gegr\u00fcndet wurde, einen gesunden und [&hellip;]<\/p>","protected":false},"author":1,"featured_media":0,"parent":0,"menu_order":2,"comment_status":"closed","ping_status":"closed","template":"Template-home-Language.php","meta":{"_acf_changed":false,"footnotes":""},"class_list":["post-1914","page","type-page","status-publish","hentry"],"acf":[],"_links":{"self":[{"href":"https:\/\/vivreaveclesecrans.actioninnocence.org\/de\/wp-json\/wp\/v2\/pages\/1914","targetHints":{"allow":["GET"]}}],"collection":[{"href":"https:\/\/vivreaveclesecrans.actioninnocence.org\/de\/wp-json\/wp\/v2\/pages"}],"about":[{"href":"https:\/\/vivreaveclesecrans.actioninnocence.org\/de\/wp-json\/wp\/v2\/types\/page"}],"author":[{"embeddable":true,"href":"https:\/\/vivreaveclesecrans.actioninnocence.org\/de\/wp-json\/wp\/v2\/users\/1"}],"replies":[{"embeddable":true,"href":"https:\/\/vivreaveclesecrans.actioninnocence.org\/de\/wp-json\/wp\/v2\/comments?post=1914"}],"version-history":[{"count":10,"href":"https:\/\/vivreaveclesecrans.actioninnocence.org\/de\/wp-json\/wp\/v2\/pages\/1914\/revisions"}],"predecessor-version":[{"id":5095,"href":"https:\/\/vivreaveclesecrans.actioninnocence.org\/de\/wp-json\/wp\/v2\/pages\/1914\/revisions\/5095"}],"wp:attachment":[{"href":"https:\/\/vivreaveclesecrans.actioninnocence.org\/de\/wp-json\/wp\/v2\/media?parent=1914"}],"curies":[{"name":"wp","href":"https:\/\/api.w.org\/{rel}","templated":true}]}}